{"id":2957,"date":"2023-02-12T21:39:28","date_gmt":"2023-02-12T19:39:28","guid":{"rendered":"https:\/\/audreyhadasecret.com\/?page_id=2957"},"modified":"2023-03-02T15:16:50","modified_gmt":"2023-03-02T13:16:50","slug":"returns-refunds","status":"publish","type":"page","link":"https:\/\/audreyhadasecret.com\/lt\/returns-refunds\/","title":{"rendered":"Gr\u0105\u017einimai ir keitimai"},"content":{"rendered":"<div data-elementor-type=\"wp-page\" data-elementor-id=\"2957\" class=\"elementor elementor-2957\" data-elementor-post-type=\"page\">\n\t\t\t\t<div class=\"elementor-element elementor-element-f94a693 e-flex e-con-boxed e-con e-parent\" data-id=\"f94a693\" data-element_type=\"container\">\n\t\t\t\t\t<div class=\"e-con-inner\">\n\t\t\t\t<div class=\"elementor-element elementor-element-b13c10b elementor-widget elementor-widget-heading\" data-id=\"b13c10b\" data-element_type=\"widget\" data-widget_type=\"heading.default\">\n\t\t\t\t<div class=\"elementor-widget-container\">\n\t\t\t<h2 class=\"elementor-heading-title elementor-size-default\">RETURN \/ EXCHANGE INSTRUCTIONS\n<\/h2>\t\t<\/div>\n\t\t\t\t<\/div>\n\t\t\t\t<div class=\"elementor-element elementor-element-e1d3729 elementor-widget elementor-widget-text-editor\" data-id=\"e1d3729\" data-element_type=\"widget\" data-widget_type=\"text-editor.default\">\n\t\t\t\t<div class=\"elementor-widget-container\">\n\t\t\t\t\t\t\t<p>Item does not suit you? You can return it!<\/p><p>Together with the goods you received, you also received a <strong>return form<\/strong>.<\/p><p>Information about returning \/ exchanging an item:<br \/>\u25cf Provide order date and ID:<br \/>\u25cf Provide you personal details;<br \/>\u25cf Fill in the table with the information about the product\/s: quantity, name, size (information is provided<br \/>on the label) and reason for return. If you are exchanging an item, please fill in the field in the table<br \/>marked with *;<br \/>\u25cf Filled return\/ exchange form sent together with your received invoice and item you are returning.<br \/>\u25cf We recommend using Lithuanian post registered delivery services. <br \/><strong>Delivery details:<br \/>Just\u0117 Arlauskait\u0117<\/strong><br \/><strong>\u0160ermuk\u0161ni\u0173 g. 3, Vilnius 01106;<\/strong><br \/>\u25cf After receiving the parcel with the correctly filled-in form, we will complete the refund or exchange an<br \/>item within 14 days.<br \/><strong>IMPORTANT<\/strong>: socks are not accepted for a return after the packaging was damaged.<\/p>\t\t\t\t\t\t<\/div>\n\t\t\t\t<\/div>\n\t\t\t\t\t<\/div>\n\t\t\t\t<\/div>\n\t\t\t\t<\/div>","protected":false},"excerpt":{"rendered":"<p>RETURN \/ EXCHANGE INSTRUCTIONS Item does not suit you? You can return it! Together with the goods you received, you also received a return form. Information about returning \/ exchanging an item:\u25cf Provide order date and ID:\u25cf Provide you personal details;\u25cf Fill in the table with the information about the product\/s: quantity, name, size (information &hellip;<\/p>\n<p class=\"read-more\"> <a class=\"\" href=\"https:\/\/audreyhadasecret.com\/lt\/returns-refunds\/\"> <span class=\"screen-reader-text\">Gr\u0105\u017einimai ir keitimai<\/span> Skaityti daugiau &raquo;<\/a><\/p>","protected":false},"author":4,"featured_media":0,"parent":0,"menu_order":0,"comment_status":"closed","ping_status":"closed","template":"elementor_header_footer","meta":{"site-sidebar-layout":"no-sidebar","site-content-layout":"page-builder","ast-global-header-display":"","ast-main-header-display":"","ast-hfb-above-header-display":"","ast-hfb-below-header-display":"","ast-hfb-mobile-header-display":"","site-post-title":"disabled","ast-breadcrumbs-content":"","ast-featured-img":"disabled","footer-sml-layout":"","theme-transparent-header-meta":"","adv-header-id-meta":"","stick-header-meta":"","header-above-stick-meta":"","header-main-stick-meta":"","header-below-stick-meta":""},"yoast_head":"<!-- This site is optimized with the Yoast SEO plugin v20.11 - https:\/\/yoast.com\/wordpress\/plugins\/seo\/ -->\n<title>Returns &amp; Refunds - Audrey Had a Secret<\/title>\n<meta name=\"robots\" content=\"index, follow, max-snippet:-1, max-image-preview:large, max-video-preview:-1\" \/>\n<link rel=\"canonical\" href=\"https:\/\/audreyhadasecret.com\/lt\/returns-refunds\/\" \/>\n<meta property=\"og:locale\" content=\"lt_LT\" \/>\n<meta property=\"og:type\" content=\"article\" \/>\n<meta property=\"og:title\" content=\"Returns &amp; Refunds - Audrey Had a Secret\" \/>\n<meta property=\"og:description\" content=\"RETURN \/ EXCHANGE INSTRUCTIONS Item does not suit you? You can return it! Together with the goods you received, you also received a return form. Information about returning \/ exchanging an item:\u25cf Provide order date and ID:\u25cf Provide you personal details;\u25cf Fill in the table with the information about the product\/s: quantity, name, size (information &hellip; Returns &#038; Refunds Skaityti daugiau &raquo;\" \/>\n<meta property=\"og:url\" content=\"https:\/\/audreyhadasecret.com\/lt\/returns-refunds\/\" \/>\n<meta property=\"og:site_name\" content=\"Audrey Had a Secret\" \/>\n<meta property=\"article:modified_time\" content=\"2023-03-02T13:16:50+00:00\" \/>\n<meta name=\"twitter:card\" content=\"summary_large_image\" \/>\n<meta name=\"twitter:label1\" content=\"Est. reading time\" \/>\n\t<meta name=\"twitter:data1\" content=\"1 minut\u0117\" \/>\n<script type=\"application\/ld+json\" class=\"yoast-schema-graph\">{\"@context\":\"https:\/\/schema.org\",\"@graph\":[{\"@type\":\"WebPage\",\"@id\":\"https:\/\/audreyhadasecret.com\/returns-refunds\/\",\"url\":\"https:\/\/audreyhadasecret.com\/returns-refunds\/\",\"name\":\"Returns & Refunds - Audrey Had a Secret\",\"isPartOf\":{\"@id\":\"https:\/\/audreyhadasecret.com\/#website\"},\"datePublished\":\"2023-02-12T19:39:28+00:00\",\"dateModified\":\"2023-03-02T13:16:50+00:00\",\"breadcrumb\":{\"@id\":\"https:\/\/audreyhadasecret.com\/returns-refunds\/#breadcrumb\"},\"inLanguage\":\"lt-LT\",\"potentialAction\":[{\"@type\":\"ReadAction\",\"target\":[\"https:\/\/audreyhadasecret.com\/returns-refunds\/\"]}]},{\"@type\":\"BreadcrumbList\",\"@id\":\"https:\/\/audreyhadasecret.com\/returns-refunds\/#breadcrumb\",\"itemListElement\":[{\"@type\":\"ListItem\",\"position\":1,\"name\":\"Home\",\"item\":\"https:\/\/audreyhadasecret.com\/\"},{\"@type\":\"ListItem\",\"position\":2,\"name\":\"Returns &#038; Refunds\"}]},{\"@type\":\"WebSite\",\"@id\":\"https:\/\/audreyhadasecret.com\/#website\",\"url\":\"https:\/\/audreyhadasecret.com\/\",\"name\":\"AUDREY HAD A SECRET\",\"description\":\"Audrey\u2019s world is ever changing. Upon rising she decides who she is going to be that day.\",\"publisher\":{\"@id\":\"https:\/\/audreyhadasecret.com\/#organization\"},\"potentialAction\":[{\"@type\":\"SearchAction\",\"target\":{\"@type\":\"EntryPoint\",\"urlTemplate\":\"https:\/\/audreyhadasecret.com\/?s={search_term_string}\"},\"query-input\":\"required name=search_term_string\"}],\"inLanguage\":\"lt-LT\"},{\"@type\":\"Organization\",\"@id\":\"https:\/\/audreyhadasecret.com\/#organization\",\"name\":\"AUDREY HAD A SECRET\",\"url\":\"https:\/\/audreyhadasecret.com\/\",\"logo\":{\"@type\":\"ImageObject\",\"inLanguage\":\"lt-LT\",\"@id\":\"https:\/\/audreyhadasecret.com\/#\/schema\/logo\/image\/\",\"url\":\"https:\/\/audreyhadasecret.com\/wp-content\/uploads\/2022\/11\/cropped-AUDREY-HAD-A-SECRET_LOGO_Pozityvas_Pagrindine-versija.png\",\"contentUrl\":\"https:\/\/audreyhadasecret.com\/wp-content\/uploads\/2022\/11\/cropped-AUDREY-HAD-A-SECRET_LOGO_Pozityvas_Pagrindine-versija.png\",\"width\":1757,\"height\":1043,\"caption\":\"AUDREY HAD A SECRET\"},\"image\":{\"@id\":\"https:\/\/audreyhadasecret.com\/#\/schema\/logo\/image\/\"}}]}<\/script>\n<!-- \/ Yoast SEO plugin. -->","yoast_head_json":{"title":"Returns & Refunds - Audrey Had a Secret","robots":{"index":"index","follow":"follow","max-snippet":"max-snippet:-1","max-image-preview":"max-image-preview:large","max-video-preview":"max-video-preview:-1"},"canonical":"https:\/\/audreyhadasecret.com\/lt\/returns-refunds\/","og_locale":"lt_LT","og_type":"article","og_title":"Returns & Refunds - Audrey Had a Secret","og_description":"RETURN \/ EXCHANGE INSTRUCTIONS Item does not suit you? You can return it! Together with the goods you received, you also received a return form. Information about returning \/ exchanging an item:\u25cf Provide order date and ID:\u25cf Provide you personal details;\u25cf Fill in the table with the information about the product\/s: quantity, name, size (information &hellip; Returns &#038; Refunds Skaityti daugiau &raquo;","og_url":"https:\/\/audreyhadasecret.com\/lt\/returns-refunds\/","og_site_name":"Audrey Had a Secret","article_modified_time":"2023-03-02T13:16:50+00:00","twitter_card":"summary_large_image","twitter_misc":{"Est. reading time":"1 minut\u0117"},"schema":{"@context":"https:\/\/schema.org","@graph":[{"@type":"WebPage","@id":"https:\/\/audreyhadasecret.com\/returns-refunds\/","url":"https:\/\/audreyhadasecret.com\/returns-refunds\/","name":"Returns & Refunds - Audrey Had a Secret","isPartOf":{"@id":"https:\/\/audreyhadasecret.com\/#website"},"datePublished":"2023-02-12T19:39:28+00:00","dateModified":"2023-03-02T13:16:50+00:00","breadcrumb":{"@id":"https:\/\/audreyhadasecret.com\/returns-refunds\/#breadcrumb"},"inLanguage":"lt-LT","potentialAction":[{"@type":"ReadAction","target":["https:\/\/audreyhadasecret.com\/returns-refunds\/"]}]},{"@type":"BreadcrumbList","@id":"https:\/\/audreyhadasecret.com\/returns-refunds\/#breadcrumb","itemListElement":[{"@type":"ListItem","position":1,"name":"Home","item":"https:\/\/audreyhadasecret.com\/"},{"@type":"ListItem","position":2,"name":"Returns &#038; Refunds"}]},{"@type":"WebSite","@id":"https:\/\/audreyhadasecret.com\/#website","url":"https:\/\/audreyhadasecret.com\/","name":"AUDREY HAD A SECRET","description":"Audrey\u2019s world is ever changing. Upon rising she decides who she is going to be that day.","publisher":{"@id":"https:\/\/audreyhadasecret.com\/#organization"},"potentialAction":[{"@type":"SearchAction","target":{"@type":"EntryPoint","urlTemplate":"https:\/\/audreyhadasecret.com\/?s={search_term_string}"},"query-input":"required name=search_term_string"}],"inLanguage":"lt-LT"},{"@type":"Organization","@id":"https:\/\/audreyhadasecret.com\/#organization","name":"AUDREY HAD A SECRET","url":"https:\/\/audreyhadasecret.com\/","logo":{"@type":"ImageObject","inLanguage":"lt-LT","@id":"https:\/\/audreyhadasecret.com\/#\/schema\/logo\/image\/","url":"https:\/\/audreyhadasecret.com\/wp-content\/uploads\/2022\/11\/cropped-AUDREY-HAD-A-SECRET_LOGO_Pozityvas_Pagrindine-versija.png","contentUrl":"https:\/\/audreyhadasecret.com\/wp-content\/uploads\/2022\/11\/cropped-AUDREY-HAD-A-SECRET_LOGO_Pozityvas_Pagrindine-versija.png","width":1757,"height":1043,"caption":"AUDREY HAD A SECRET"},"image":{"@id":"https:\/\/audreyhadasecret.com\/#\/schema\/logo\/image\/"}}]}},"_links":{"self":[{"href":"https:\/\/audreyhadasecret.com\/lt\/wp-json\/wp\/v2\/pages\/2957"}],"collection":[{"href":"https:\/\/audreyhadasecret.com\/lt\/wp-json\/wp\/v2\/pages"}],"about":[{"href":"https:\/\/audreyhadasecret.com\/lt\/wp-json\/wp\/v2\/types\/page"}],"author":[{"embeddable":true,"href":"https:\/\/audreyhadasecret.com\/lt\/wp-json\/wp\/v2\/users\/4"}],"replies":[{"embeddable":true,"href":"https:\/\/audreyhadasecret.com\/lt\/wp-json\/wp\/v2\/comments?post=2957"}],"version-history":[{"count":0,"href":"https:\/\/audreyhadasecret.com\/lt\/wp-json\/wp\/v2\/pages\/2957\/revisions"}],"wp:attachment":[{"href":"https:\/\/audreyhadasecret.com\/lt\/wp-json\/wp\/v2\/media?parent=2957"}],"curies":[{"name":"wp","href":"https:\/\/api.w.org\/{rel}","templated":true}]}}