{"id":1398,"date":"2022-12-01T14:56:05","date_gmt":"2022-12-01T12:56:05","guid":{"rendered":"https:\/\/audreyhadasecret.com\/?post_type=product&#038;p=1398"},"modified":"2024-09-24T21:58:01","modified_gmt":"2024-09-24T18:58:01","slug":"yoggi-breakfast","status":"publish","type":"product","link":"https:\/\/audreyhadasecret.com\/lt\/produktas\/yoggi-breakfast\/","title":{"rendered":"Yoggi Breakfast"},"content":{"rendered":"<p><span style=\"font-weight: 400;\">TOP \u2013 bergamot\u0117, vynuog\u0117s, vy\u0161nia,  greipfrutas, raudonas apelsinas<\/span><\/p>\n<p><span style=\"font-weight: 400;\">HEART \u2013 cinamonas, kakava, kava<\/span><\/p>\n<p><span style=\"font-weight: 400;\">BASE \u2013 kedras, sandalmedis, tabakas, kumarinas<\/span><\/p>\n<p>\u017dvak\u0117 pagaminta i\u0161 soj\u0173 va\u0161ko<\/p>\n<p>Talpa - 280 ml<\/p>","protected":false},"excerpt":{"rendered":"<p><span style=\"font-weight: 400;\">Meditacin\u0117 \u017evak\u0117 rytui. Gaivus, \u012fkvepiantis, \u017evalum\u0105 gr\u0105\u017einantis, apetit\u0105 \u017eadinantis, sald\u017eiai mink\u0161tas aromatas.<\/span><\/p>\n<p><span style=\"font-weight: 400;\">Avi\u017eos, cinamonas, degintas sviestas, bananai, datul\u0117s... Skamba kaip skaniausi pusry\u010diai kur nors Balyje ar Tailande... Mintimis mes galime atsidurti kur tik norime. Pabandyk!<\/span><\/p>\n<p>&nbsp;<\/p>\n<p>Talpa - 280 ml<\/p>","protected":false},"featured_media":2815,"template":"","meta":{"site-sidebar-layout":"default","site-content-layout":"default","ast-global-header-display":"","ast-main-header-display":"","ast-hfb-above-header-display":"","ast-hfb-below-header-display":"","ast-hfb-mobile-header-display":"","site-post-title":"","ast-breadcrumbs-content":"","ast-featured-img":"","footer-sml-layout":"","theme-transparent-header-meta":"default","adv-header-id-meta":"","stick-header-meta":"","header-above-stick-meta":"","header-main-stick-meta":"","header-below-stick-meta":""},"product_cat":[16,37],"product_tag":[],"yoast_head":"<!-- This site is optimized with the Yoast SEO plugin v20.11 - https:\/\/yoast.com\/wordpress\/plugins\/seo\/ -->\n<title>Yoggi Breakfast - Audrey Had a Secret<\/title>\n<meta name=\"description\" content=\"YOGGI BREAKFAST | Your morning meditation candle. Invigorating, inspiring, energizing, mouthwatering, sweet and supple aromas.\" \/>\n<meta name=\"robots\" content=\"index, follow, max-snippet:-1, max-image-preview:large, max-video-preview:-1\" \/>\n<link rel=\"canonical\" href=\"https:\/\/audreyhadasecret.com\/lt\/produktas\/yoggi-breakfast\/\" \/>\n<meta property=\"og:locale\" content=\"lt_LT\" \/>\n<meta property=\"og:type\" content=\"article\" \/>\n<meta property=\"og:title\" content=\"Yoggi Breakfast - Audrey Had a Secret\" \/>\n<meta property=\"og:description\" content=\"YOGGI BREAKFAST | Your morning meditation candle. Invigorating, inspiring, energizing, mouthwatering, sweet and supple aromas.\" \/>\n<meta property=\"og:url\" content=\"https:\/\/audreyhadasecret.com\/lt\/produktas\/yoggi-breakfast\/\" \/>\n<meta property=\"og:site_name\" content=\"Audrey Had a Secret\" \/>\n<meta property=\"article:modified_time\" content=\"2024-09-24T18:58:01+00:00\" \/>\n<meta property=\"og:image\" content=\"https:\/\/audreyhadasecret.com\/wp-content\/uploads\/2023\/02\/DSC_1569velvia_result-scaled.webp\" \/>\n\t<meta property=\"og:image:width\" content=\"1866\" \/>\n\t<meta property=\"og:image:height\" content=\"2560\" \/>\n\t<meta property=\"og:image:type\" content=\"image\/webp\" \/>\n<meta name=\"twitter:card\" content=\"summary_large_image\" \/>\n<meta name=\"twitter:label1\" content=\"Est. reading time\" \/>\n\t<meta name=\"twitter:data1\" content=\"1 minut\u0117\" \/>\n<script type=\"application\/ld+json\" class=\"yoast-schema-graph\">{\"@context\":\"https:\/\/schema.org\",\"@graph\":[{\"@type\":\"WebPage\",\"@id\":\"https:\/\/audreyhadasecret.com\/product\/yoggi-breakfast\/\",\"url\":\"https:\/\/audreyhadasecret.com\/product\/yoggi-breakfast\/\",\"name\":\"Yoggi Breakfast - Audrey Had a Secret\",\"isPartOf\":{\"@id\":\"https:\/\/audreyhadasecret.com\/#website\"},\"datePublished\":\"2022-12-01T12:56:05+00:00\",\"dateModified\":\"2024-09-24T18:58:01+00:00\",\"description\":\"YOGGI BREAKFAST | Your morning meditation candle. Invigorating, inspiring, energizing, mouthwatering, sweet and supple aromas.\",\"breadcrumb\":{\"@id\":\"https:\/\/audreyhadasecret.com\/product\/yoggi-breakfast\/#breadcrumb\"},\"inLanguage\":\"lt-LT\",\"potentialAction\":[{\"@type\":\"ReadAction\",\"target\":[\"https:\/\/audreyhadasecret.com\/product\/yoggi-breakfast\/\"]}]},{\"@type\":\"BreadcrumbList\",\"@id\":\"https:\/\/audreyhadasecret.com\/product\/yoggi-breakfast\/#breadcrumb\",\"itemListElement\":[{\"@type\":\"ListItem\",\"position\":1,\"name\":\"Home\",\"item\":\"https:\/\/audreyhadasecret.com\/\"},{\"@type\":\"ListItem\",\"position\":2,\"name\":\"Shop\",\"item\":\"https:\/\/audreyhadasecret.com\/shop\/\"},{\"@type\":\"ListItem\",\"position\":3,\"name\":\"Yoggi Breakfast\"}]},{\"@type\":\"WebSite\",\"@id\":\"https:\/\/audreyhadasecret.com\/#website\",\"url\":\"https:\/\/audreyhadasecret.com\/\",\"name\":\"AUDREY HAD A SECRET\",\"description\":\"Audrey\u2019s world is ever changing. Upon rising she decides who she is going to be that day.\",\"publisher\":{\"@id\":\"https:\/\/audreyhadasecret.com\/#organization\"},\"potentialAction\":[{\"@type\":\"SearchAction\",\"target\":{\"@type\":\"EntryPoint\",\"urlTemplate\":\"https:\/\/audreyhadasecret.com\/?s={search_term_string}\"},\"query-input\":\"required name=search_term_string\"}],\"inLanguage\":\"lt-LT\"},{\"@type\":\"Organization\",\"@id\":\"https:\/\/audreyhadasecret.com\/#organization\",\"name\":\"AUDREY HAD A SECRET\",\"url\":\"https:\/\/audreyhadasecret.com\/\",\"logo\":{\"@type\":\"ImageObject\",\"inLanguage\":\"lt-LT\",\"@id\":\"https:\/\/audreyhadasecret.com\/#\/schema\/logo\/image\/\",\"url\":\"https:\/\/audreyhadasecret.com\/wp-content\/uploads\/2022\/11\/cropped-AUDREY-HAD-A-SECRET_LOGO_Pozityvas_Pagrindine-versija.png\",\"contentUrl\":\"https:\/\/audreyhadasecret.com\/wp-content\/uploads\/2022\/11\/cropped-AUDREY-HAD-A-SECRET_LOGO_Pozityvas_Pagrindine-versija.png\",\"width\":1757,\"height\":1043,\"caption\":\"AUDREY HAD A SECRET\"},\"image\":{\"@id\":\"https:\/\/audreyhadasecret.com\/#\/schema\/logo\/image\/\"}}]}<\/script>\n<!-- \/ Yoast SEO plugin. -->","yoast_head_json":{"title":"Yoggi Breakfast - Audrey Had a Secret","description":"YOGGI BREAKFAST | Your morning meditation candle. Invigorating, inspiring, energizing, mouthwatering, sweet and supple aromas.","robots":{"index":"index","follow":"follow","max-snippet":"max-snippet:-1","max-image-preview":"max-image-preview:large","max-video-preview":"max-video-preview:-1"},"canonical":"https:\/\/audreyhadasecret.com\/lt\/produktas\/yoggi-breakfast\/","og_locale":"lt_LT","og_type":"article","og_title":"Yoggi Breakfast - Audrey Had a Secret","og_description":"YOGGI BREAKFAST | Your morning meditation candle. Invigorating, inspiring, energizing, mouthwatering, sweet and supple aromas.","og_url":"https:\/\/audreyhadasecret.com\/lt\/produktas\/yoggi-breakfast\/","og_site_name":"Audrey Had a Secret","article_modified_time":"2024-09-24T18:58:01+00:00","og_image":[{"width":1866,"height":2560,"url":"https:\/\/audreyhadasecret.com\/wp-content\/uploads\/2023\/02\/DSC_1569velvia_result-scaled.webp","type":"image\/webp"}],"twitter_card":"summary_large_image","twitter_misc":{"Est. reading time":"1 minut\u0117"},"schema":{"@context":"https:\/\/schema.org","@graph":[{"@type":"WebPage","@id":"https:\/\/audreyhadasecret.com\/product\/yoggi-breakfast\/","url":"https:\/\/audreyhadasecret.com\/product\/yoggi-breakfast\/","name":"Yoggi Breakfast - Audrey Had a Secret","isPartOf":{"@id":"https:\/\/audreyhadasecret.com\/#website"},"datePublished":"2022-12-01T12:56:05+00:00","dateModified":"2024-09-24T18:58:01+00:00","description":"YOGGI BREAKFAST | Your morning meditation candle. Invigorating, inspiring, energizing, mouthwatering, sweet and supple aromas.","breadcrumb":{"@id":"https:\/\/audreyhadasecret.com\/product\/yoggi-breakfast\/#breadcrumb"},"inLanguage":"lt-LT","potentialAction":[{"@type":"ReadAction","target":["https:\/\/audreyhadasecret.com\/product\/yoggi-breakfast\/"]}]},{"@type":"BreadcrumbList","@id":"https:\/\/audreyhadasecret.com\/product\/yoggi-breakfast\/#breadcrumb","itemListElement":[{"@type":"ListItem","position":1,"name":"Home","item":"https:\/\/audreyhadasecret.com\/"},{"@type":"ListItem","position":2,"name":"Shop","item":"https:\/\/audreyhadasecret.com\/shop\/"},{"@type":"ListItem","position":3,"name":"Yoggi Breakfast"}]},{"@type":"WebSite","@id":"https:\/\/audreyhadasecret.com\/#website","url":"https:\/\/audreyhadasecret.com\/","name":"AUDREY HAD A SECRET","description":"Audrey\u2019s world is ever changing. Upon rising she decides who she is going to be that day.","publisher":{"@id":"https:\/\/audreyhadasecret.com\/#organization"},"potentialAction":[{"@type":"SearchAction","target":{"@type":"EntryPoint","urlTemplate":"https:\/\/audreyhadasecret.com\/?s={search_term_string}"},"query-input":"required name=search_term_string"}],"inLanguage":"lt-LT"},{"@type":"Organization","@id":"https:\/\/audreyhadasecret.com\/#organization","name":"AUDREY HAD A SECRET","url":"https:\/\/audreyhadasecret.com\/","logo":{"@type":"ImageObject","inLanguage":"lt-LT","@id":"https:\/\/audreyhadasecret.com\/#\/schema\/logo\/image\/","url":"https:\/\/audreyhadasecret.com\/wp-content\/uploads\/2022\/11\/cropped-AUDREY-HAD-A-SECRET_LOGO_Pozityvas_Pagrindine-versija.png","contentUrl":"https:\/\/audreyhadasecret.com\/wp-content\/uploads\/2022\/11\/cropped-AUDREY-HAD-A-SECRET_LOGO_Pozityvas_Pagrindine-versija.png","width":1757,"height":1043,"caption":"AUDREY HAD A SECRET"},"image":{"@id":"https:\/\/audreyhadasecret.com\/#\/schema\/logo\/image\/"}}]}},"_links":{"self":[{"href":"https:\/\/audreyhadasecret.com\/lt\/wp-json\/wp\/v2\/product\/1398"}],"collection":[{"href":"https:\/\/audreyhadasecret.com\/lt\/wp-json\/wp\/v2\/product"}],"about":[{"href":"https:\/\/audreyhadasecret.com\/lt\/wp-json\/wp\/v2\/types\/product"}],"version-history":[{"count":1,"href":"https:\/\/audreyhadasecret.com\/lt\/wp-json\/wp\/v2\/product\/1398\/revisions"}],"predecessor-version":[{"id":4002,"href":"https:\/\/audreyhadasecret.com\/lt\/wp-json\/wp\/v2\/product\/1398\/revisions\/4002"}],"wp:featuredmedia":[{"embeddable":true,"href":"https:\/\/audreyhadasecret.com\/lt\/wp-json\/wp\/v2\/media\/2815"}],"wp:attachment":[{"href":"https:\/\/audreyhadasecret.com\/lt\/wp-json\/wp\/v2\/media?parent=1398"}],"wp:term":[{"taxonomy":"product_cat","embeddable":true,"href":"https:\/\/audreyhadasecret.com\/lt\/wp-json\/wp\/v2\/product_cat?post=1398"},{"taxonomy":"product_tag","embeddable":true,"href":"https:\/\/audreyhadasecret.com\/lt\/wp-json\/wp\/v2\/product_tag?post=1398"}],"curies":[{"name":"wp","href":"https:\/\/api.w.org\/{rel}","templated":true}]}}