{"id":1401,"date":"2022-12-01T14:58:36","date_gmt":"2022-12-01T12:58:36","guid":{"rendered":"https:\/\/audreyhadasecret.com\/?post_type=product&#038;p=1401"},"modified":"2023-12-28T14:27:14","modified_gmt":"2023-12-28T11:27:14","slug":"dancing-yemanja","status":"publish","type":"product","link":"https:\/\/audreyhadasecret.com\/lt\/produktas\/dancing-yemanja\/","title":{"rendered":"Dancing Yemanja"},"content":{"rendered":"<p><span style=\"font-weight: 400;\">TOP \u2013 bergamot\u0117, greipfrutas<\/span><\/p>\n<p><span style=\"font-weight: 400;\">HEART \u2013 levanda, ro\u017einis pipiras, ylang ylang, pelargonija<\/span><\/p>\n<p><span style=\"font-weight: 400;\">BASE \u2013 mediena, gintaras, kedras<\/span><\/p>\n<p>\u017dvak\u0117 pagaminta i\u0161 soj\u0173 va\u0161ko<\/p>\n<p>Talpa - 280 ml<\/p>","protected":false},"excerpt":{"rendered":"<p><span style=\"font-weight: 400;\">Vanduo sutinka ugn\u012f. Susipa\u017einkite. Yemanja \u2013  Yoruba religijoj yra j\u016br\u0173 ir upi\u0173 deiv\u0117, Ori\u0161\u0173 motina.<\/span><\/p>\n<p><span style=\"font-weight: 400;\">Vanduo sutinka ugn\u012f. Susipa\u017einkite. Yemanja \u2013  Yoruba religijoj yra j\u016br\u0173 ir upi\u0173 deiv\u0117, Ori\u0161\u0173 motina.<\/span><\/p>\n<p><span style=\"font-weight: 400;\">Vaizduojama kaip undin\u0117, moteri\u0161kos energijos ir paslap\u010di\u0173 serg\u0117toja.<\/span><\/p>\n<p><span style=\"font-weight: 400;\">Violetini\u0173 g\u0117li\u0173 j\u016bra, indigo j\u016bros, tyriausi \u0161altiniai, patvinusios up\u0117s... Yemanja kvie\u010dia banguojan\u010diam \u0161okiui.<\/span><\/p>","protected":false},"featured_media":2801,"template":"","meta":{"site-sidebar-layout":"default","site-content-layout":"default","ast-global-header-display":"","ast-main-header-display":"","ast-hfb-above-header-display":"","ast-hfb-below-header-display":"","ast-hfb-mobile-header-display":"","site-post-title":"","ast-breadcrumbs-content":"","ast-featured-img":"","footer-sml-layout":"","theme-transparent-header-meta":"default","adv-header-id-meta":"","stick-header-meta":"","header-above-stick-meta":"","header-main-stick-meta":"","header-below-stick-meta":""},"product_cat":[16,37],"product_tag":[],"yoast_head":"<!-- This site is optimized with the Yoast SEO plugin v20.11 - https:\/\/yoast.com\/wordpress\/plugins\/seo\/ -->\n<title>Dancing Yemanja - Audrey Had a Secret<\/title>\n<meta name=\"description\" content=\"DANCING YEMANJA | Water meets fire. Acquaint yourselves. In Yoruba religion, Yemanja is the goddess of all the seas and rivers.\" \/>\n<meta name=\"robots\" content=\"index, follow, max-snippet:-1, max-image-preview:large, max-video-preview:-1\" \/>\n<link rel=\"canonical\" href=\"https:\/\/audreyhadasecret.com\/lt\/produktas\/dancing-yemanja\/\" \/>\n<meta property=\"og:locale\" content=\"lt_LT\" \/>\n<meta property=\"og:type\" content=\"article\" \/>\n<meta property=\"og:title\" content=\"Dancing Yemanja - Audrey Had a Secret\" \/>\n<meta property=\"og:description\" content=\"DANCING YEMANJA | Water meets fire. Acquaint yourselves. In Yoruba religion, Yemanja is the goddess of all the seas and rivers.\" \/>\n<meta property=\"og:url\" content=\"https:\/\/audreyhadasecret.com\/lt\/produktas\/dancing-yemanja\/\" \/>\n<meta property=\"og:site_name\" content=\"Audrey Had a Secret\" \/>\n<meta property=\"article:modified_time\" content=\"2023-12-28T11:27:14+00:00\" \/>\n<meta property=\"og:image\" content=\"https:\/\/audreyhadasecret.com\/wp-content\/uploads\/2023\/02\/DSC_1631velvia_result-scaled.webp\" \/>\n\t<meta property=\"og:image:width\" content=\"1888\" \/>\n\t<meta property=\"og:image:height\" content=\"2560\" \/>\n\t<meta property=\"og:image:type\" content=\"image\/webp\" \/>\n<meta name=\"twitter:card\" content=\"summary_large_image\" \/>\n<meta name=\"twitter:label1\" content=\"Est. reading time\" \/>\n\t<meta name=\"twitter:data1\" content=\"1 minut\u0117\" \/>\n<script type=\"application\/ld+json\" class=\"yoast-schema-graph\">{\"@context\":\"https:\/\/schema.org\",\"@graph\":[{\"@type\":\"WebPage\",\"@id\":\"https:\/\/audreyhadasecret.com\/product\/dancing-yemanja\/\",\"url\":\"https:\/\/audreyhadasecret.com\/product\/dancing-yemanja\/\",\"name\":\"Dancing Yemanja - Audrey Had a Secret\",\"isPartOf\":{\"@id\":\"https:\/\/audreyhadasecret.com\/#website\"},\"datePublished\":\"2022-12-01T12:58:36+00:00\",\"dateModified\":\"2023-12-28T11:27:14+00:00\",\"description\":\"DANCING YEMANJA | Water meets fire. Acquaint yourselves. In Yoruba religion, Yemanja is the goddess of all the seas and rivers.\",\"breadcrumb\":{\"@id\":\"https:\/\/audreyhadasecret.com\/product\/dancing-yemanja\/#breadcrumb\"},\"inLanguage\":\"lt-LT\",\"potentialAction\":[{\"@type\":\"ReadAction\",\"target\":[\"https:\/\/audreyhadasecret.com\/product\/dancing-yemanja\/\"]}]},{\"@type\":\"BreadcrumbList\",\"@id\":\"https:\/\/audreyhadasecret.com\/product\/dancing-yemanja\/#breadcrumb\",\"itemListElement\":[{\"@type\":\"ListItem\",\"position\":1,\"name\":\"Home\",\"item\":\"https:\/\/audreyhadasecret.com\/\"},{\"@type\":\"ListItem\",\"position\":2,\"name\":\"Shop\",\"item\":\"https:\/\/audreyhadasecret.com\/shop\/\"},{\"@type\":\"ListItem\",\"position\":3,\"name\":\"Dancing Yemanja\"}]},{\"@type\":\"WebSite\",\"@id\":\"https:\/\/audreyhadasecret.com\/#website\",\"url\":\"https:\/\/audreyhadasecret.com\/\",\"name\":\"AUDREY HAD A SECRET\",\"description\":\"Audrey\u2019s world is ever changing. Upon rising she decides who she is going to be that day.\",\"publisher\":{\"@id\":\"https:\/\/audreyhadasecret.com\/#organization\"},\"potentialAction\":[{\"@type\":\"SearchAction\",\"target\":{\"@type\":\"EntryPoint\",\"urlTemplate\":\"https:\/\/audreyhadasecret.com\/?s={search_term_string}\"},\"query-input\":\"required name=search_term_string\"}],\"inLanguage\":\"lt-LT\"},{\"@type\":\"Organization\",\"@id\":\"https:\/\/audreyhadasecret.com\/#organization\",\"name\":\"AUDREY HAD A SECRET\",\"url\":\"https:\/\/audreyhadasecret.com\/\",\"logo\":{\"@type\":\"ImageObject\",\"inLanguage\":\"lt-LT\",\"@id\":\"https:\/\/audreyhadasecret.com\/#\/schema\/logo\/image\/\",\"url\":\"https:\/\/audreyhadasecret.com\/wp-content\/uploads\/2022\/11\/cropped-AUDREY-HAD-A-SECRET_LOGO_Pozityvas_Pagrindine-versija.png\",\"contentUrl\":\"https:\/\/audreyhadasecret.com\/wp-content\/uploads\/2022\/11\/cropped-AUDREY-HAD-A-SECRET_LOGO_Pozityvas_Pagrindine-versija.png\",\"width\":1757,\"height\":1043,\"caption\":\"AUDREY HAD A SECRET\"},\"image\":{\"@id\":\"https:\/\/audreyhadasecret.com\/#\/schema\/logo\/image\/\"}}]}<\/script>\n<!-- \/ Yoast SEO plugin. -->","yoast_head_json":{"title":"Dancing Yemanja - Audrey Had a Secret","description":"DANCING YEMANJA | Water meets fire. Acquaint yourselves. In Yoruba religion, Yemanja is the goddess of all the seas and rivers.","robots":{"index":"index","follow":"follow","max-snippet":"max-snippet:-1","max-image-preview":"max-image-preview:large","max-video-preview":"max-video-preview:-1"},"canonical":"https:\/\/audreyhadasecret.com\/lt\/produktas\/dancing-yemanja\/","og_locale":"lt_LT","og_type":"article","og_title":"Dancing Yemanja - Audrey Had a Secret","og_description":"DANCING YEMANJA | Water meets fire. Acquaint yourselves. In Yoruba religion, Yemanja is the goddess of all the seas and rivers.","og_url":"https:\/\/audreyhadasecret.com\/lt\/produktas\/dancing-yemanja\/","og_site_name":"Audrey Had a Secret","article_modified_time":"2023-12-28T11:27:14+00:00","og_image":[{"width":1888,"height":2560,"url":"https:\/\/audreyhadasecret.com\/wp-content\/uploads\/2023\/02\/DSC_1631velvia_result-scaled.webp","type":"image\/webp"}],"twitter_card":"summary_large_image","twitter_misc":{"Est. reading time":"1 minut\u0117"},"schema":{"@context":"https:\/\/schema.org","@graph":[{"@type":"WebPage","@id":"https:\/\/audreyhadasecret.com\/product\/dancing-yemanja\/","url":"https:\/\/audreyhadasecret.com\/product\/dancing-yemanja\/","name":"Dancing Yemanja - Audrey Had a Secret","isPartOf":{"@id":"https:\/\/audreyhadasecret.com\/#website"},"datePublished":"2022-12-01T12:58:36+00:00","dateModified":"2023-12-28T11:27:14+00:00","description":"DANCING YEMANJA | Water meets fire. Acquaint yourselves. In Yoruba religion, Yemanja is the goddess of all the seas and rivers.","breadcrumb":{"@id":"https:\/\/audreyhadasecret.com\/product\/dancing-yemanja\/#breadcrumb"},"inLanguage":"lt-LT","potentialAction":[{"@type":"ReadAction","target":["https:\/\/audreyhadasecret.com\/product\/dancing-yemanja\/"]}]},{"@type":"BreadcrumbList","@id":"https:\/\/audreyhadasecret.com\/product\/dancing-yemanja\/#breadcrumb","itemListElement":[{"@type":"ListItem","position":1,"name":"Home","item":"https:\/\/audreyhadasecret.com\/"},{"@type":"ListItem","position":2,"name":"Shop","item":"https:\/\/audreyhadasecret.com\/shop\/"},{"@type":"ListItem","position":3,"name":"Dancing Yemanja"}]},{"@type":"WebSite","@id":"https:\/\/audreyhadasecret.com\/#website","url":"https:\/\/audreyhadasecret.com\/","name":"AUDREY HAD A SECRET","description":"Audrey\u2019s world is ever changing. Upon rising she decides who she is going to be that day.","publisher":{"@id":"https:\/\/audreyhadasecret.com\/#organization"},"potentialAction":[{"@type":"SearchAction","target":{"@type":"EntryPoint","urlTemplate":"https:\/\/audreyhadasecret.com\/?s={search_term_string}"},"query-input":"required name=search_term_string"}],"inLanguage":"lt-LT"},{"@type":"Organization","@id":"https:\/\/audreyhadasecret.com\/#organization","name":"AUDREY HAD A SECRET","url":"https:\/\/audreyhadasecret.com\/","logo":{"@type":"ImageObject","inLanguage":"lt-LT","@id":"https:\/\/audreyhadasecret.com\/#\/schema\/logo\/image\/","url":"https:\/\/audreyhadasecret.com\/wp-content\/uploads\/2022\/11\/cropped-AUDREY-HAD-A-SECRET_LOGO_Pozityvas_Pagrindine-versija.png","contentUrl":"https:\/\/audreyhadasecret.com\/wp-content\/uploads\/2022\/11\/cropped-AUDREY-HAD-A-SECRET_LOGO_Pozityvas_Pagrindine-versija.png","width":1757,"height":1043,"caption":"AUDREY HAD A SECRET"},"image":{"@id":"https:\/\/audreyhadasecret.com\/#\/schema\/logo\/image\/"}}]}},"_links":{"self":[{"href":"https:\/\/audreyhadasecret.com\/lt\/wp-json\/wp\/v2\/product\/1401"}],"collection":[{"href":"https:\/\/audreyhadasecret.com\/lt\/wp-json\/wp\/v2\/product"}],"about":[{"href":"https:\/\/audreyhadasecret.com\/lt\/wp-json\/wp\/v2\/types\/product"}],"version-history":[{"count":1,"href":"https:\/\/audreyhadasecret.com\/lt\/wp-json\/wp\/v2\/product\/1401\/revisions"}],"predecessor-version":[{"id":4001,"href":"https:\/\/audreyhadasecret.com\/lt\/wp-json\/wp\/v2\/product\/1401\/revisions\/4001"}],"wp:featuredmedia":[{"embeddable":true,"href":"https:\/\/audreyhadasecret.com\/lt\/wp-json\/wp\/v2\/media\/2801"}],"wp:attachment":[{"href":"https:\/\/audreyhadasecret.com\/lt\/wp-json\/wp\/v2\/media?parent=1401"}],"wp:term":[{"taxonomy":"product_cat","embeddable":true,"href":"https:\/\/audreyhadasecret.com\/lt\/wp-json\/wp\/v2\/product_cat?post=1401"},{"taxonomy":"product_tag","embeddable":true,"href":"https:\/\/audreyhadasecret.com\/lt\/wp-json\/wp\/v2\/product_tag?post=1401"}],"curies":[{"name":"wp","href":"https:\/\/api.w.org\/{rel}","templated":true}]}}