{"id":1404,"date":"2022-12-01T15:00:58","date_gmt":"2022-12-01T13:00:58","guid":{"rendered":"https:\/\/audreyhadasecret.com\/?post_type=product&#038;p=1404"},"modified":"2023-12-19T11:13:38","modified_gmt":"2023-12-19T08:13:38","slug":"meet-the-unknown","status":"publish","type":"product","link":"https:\/\/audreyhadasecret.com\/lt\/produktas\/meet-the-unknown\/","title":{"rendered":"Meet the Unknown"},"content":{"rendered":"<p><span style=\"font-weight: 400;\">TOP \u2013 bergmot\u0117, slyva, kardamonas<\/span><\/p>\n<p><span style=\"font-weight: 400;\">HEART \u2013 levanda, \u0161alavijas, pa\u010diulis<\/span><\/p>\n<p><span style=\"font-weight: 400;\">BASE \u2013 deginta mediena, oda, smilkalai, benzoinas<\/span><\/p>\n<p>\u017dvak\u0117 pagaminta i\u0161 soj\u0173 va\u0161ko<\/p>\n<p>Talpa - 280 ml<\/p>","protected":false},"excerpt":{"rendered":"<p><span style=\"font-weight: 400;\">Kartais sunku pasitik\u0117ti vedimu, bet neabejokite \u2013 visata turi daug geresn\u012f plan\u0105 nei mes patys kada nors gal\u0117jome sugalvoti. Pasitik\u0117kite Ja. Leiskite sau i\u0161gyventi visus jausmus, net labai nepatogius. Tai \u2013 raktas \u012f sielos ramyb\u0119, sav\u0119s pa\u017einim\u0105, gra\u017eesn\u0119 realyb\u0119.<\/span><\/p>","protected":false},"featured_media":2616,"template":"","meta":{"site-sidebar-layout":"default","site-content-layout":"default","ast-global-header-display":"","ast-main-header-display":"","ast-hfb-above-header-display":"","ast-hfb-below-header-display":"","ast-hfb-mobile-header-display":"","site-post-title":"","ast-breadcrumbs-content":"","ast-featured-img":"","footer-sml-layout":"","theme-transparent-header-meta":"default","adv-header-id-meta":"","stick-header-meta":"","header-above-stick-meta":"","header-main-stick-meta":"","header-below-stick-meta":""},"product_cat":[16,37],"product_tag":[],"yoast_head":"<!-- This site is optimized with the Yoast SEO plugin v20.11 - https:\/\/yoast.com\/wordpress\/plugins\/seo\/ -->\n<title>Meet the Unknown - Audrey Had a Secret<\/title>\n<meta name=\"description\" content=\"MEET THE UNKOWN | We are often afraid of the unknown. But you must be courageous and open up your heart \u2013 the only path to miracles.\" \/>\n<meta name=\"robots\" content=\"index, follow, max-snippet:-1, max-image-preview:large, max-video-preview:-1\" \/>\n<link rel=\"canonical\" href=\"https:\/\/audreyhadasecret.com\/lt\/produktas\/meet-the-unknown\/\" \/>\n<meta property=\"og:locale\" content=\"lt_LT\" \/>\n<meta property=\"og:type\" content=\"article\" \/>\n<meta property=\"og:title\" content=\"Meet the Unknown - Audrey Had a Secret\" \/>\n<meta property=\"og:description\" content=\"MEET THE UNKOWN | We are often afraid of the unknown. But you must be courageous and open up your heart \u2013 the only path to miracles.\" \/>\n<meta property=\"og:url\" content=\"https:\/\/audreyhadasecret.com\/lt\/produktas\/meet-the-unknown\/\" \/>\n<meta property=\"og:site_name\" content=\"Audrey Had a Secret\" \/>\n<meta property=\"article:modified_time\" content=\"2023-12-19T08:13:38+00:00\" \/>\n<meta property=\"og:image\" content=\"https:\/\/audreyhadasecret.com\/wp-content\/uploads\/2022\/12\/DSC_1659be.jpg\" \/>\n\t<meta property=\"og:image:width\" content=\"569\" \/>\n\t<meta property=\"og:image:height\" content=\"768\" \/>\n\t<meta property=\"og:image:type\" content=\"image\/jpeg\" \/>\n<meta name=\"twitter:card\" content=\"summary_large_image\" \/>\n<meta name=\"twitter:label1\" content=\"Est. reading time\" \/>\n\t<meta name=\"twitter:data1\" content=\"1 minut\u0117\" \/>\n<script type=\"application\/ld+json\" class=\"yoast-schema-graph\">{\"@context\":\"https:\/\/schema.org\",\"@graph\":[{\"@type\":\"WebPage\",\"@id\":\"https:\/\/audreyhadasecret.com\/product\/meet-the-unknown\/\",\"url\":\"https:\/\/audreyhadasecret.com\/product\/meet-the-unknown\/\",\"name\":\"Meet the Unknown - Audrey Had a Secret\",\"isPartOf\":{\"@id\":\"https:\/\/audreyhadasecret.com\/#website\"},\"datePublished\":\"2022-12-01T13:00:58+00:00\",\"dateModified\":\"2023-12-19T08:13:38+00:00\",\"description\":\"MEET THE UNKOWN | We are often afraid of the unknown. But you must be courageous and open up your heart \u2013 the only path to miracles.\",\"breadcrumb\":{\"@id\":\"https:\/\/audreyhadasecret.com\/product\/meet-the-unknown\/#breadcrumb\"},\"inLanguage\":\"lt-LT\",\"potentialAction\":[{\"@type\":\"ReadAction\",\"target\":[\"https:\/\/audreyhadasecret.com\/product\/meet-the-unknown\/\"]}]},{\"@type\":\"BreadcrumbList\",\"@id\":\"https:\/\/audreyhadasecret.com\/product\/meet-the-unknown\/#breadcrumb\",\"itemListElement\":[{\"@type\":\"ListItem\",\"position\":1,\"name\":\"Home\",\"item\":\"https:\/\/audreyhadasecret.com\/\"},{\"@type\":\"ListItem\",\"position\":2,\"name\":\"Shop\",\"item\":\"https:\/\/audreyhadasecret.com\/shop\/\"},{\"@type\":\"ListItem\",\"position\":3,\"name\":\"Meet the Unknown\"}]},{\"@type\":\"WebSite\",\"@id\":\"https:\/\/audreyhadasecret.com\/#website\",\"url\":\"https:\/\/audreyhadasecret.com\/\",\"name\":\"AUDREY HAD A SECRET\",\"description\":\"Audrey\u2019s world is ever changing. Upon rising she decides who she is going to be that day.\",\"publisher\":{\"@id\":\"https:\/\/audreyhadasecret.com\/#organization\"},\"potentialAction\":[{\"@type\":\"SearchAction\",\"target\":{\"@type\":\"EntryPoint\",\"urlTemplate\":\"https:\/\/audreyhadasecret.com\/?s={search_term_string}\"},\"query-input\":\"required name=search_term_string\"}],\"inLanguage\":\"lt-LT\"},{\"@type\":\"Organization\",\"@id\":\"https:\/\/audreyhadasecret.com\/#organization\",\"name\":\"AUDREY HAD A SECRET\",\"url\":\"https:\/\/audreyhadasecret.com\/\",\"logo\":{\"@type\":\"ImageObject\",\"inLanguage\":\"lt-LT\",\"@id\":\"https:\/\/audreyhadasecret.com\/#\/schema\/logo\/image\/\",\"url\":\"https:\/\/audreyhadasecret.com\/wp-content\/uploads\/2022\/11\/cropped-AUDREY-HAD-A-SECRET_LOGO_Pozityvas_Pagrindine-versija.png\",\"contentUrl\":\"https:\/\/audreyhadasecret.com\/wp-content\/uploads\/2022\/11\/cropped-AUDREY-HAD-A-SECRET_LOGO_Pozityvas_Pagrindine-versija.png\",\"width\":1757,\"height\":1043,\"caption\":\"AUDREY HAD A SECRET\"},\"image\":{\"@id\":\"https:\/\/audreyhadasecret.com\/#\/schema\/logo\/image\/\"}}]}<\/script>\n<!-- \/ Yoast SEO plugin. -->","yoast_head_json":{"title":"Meet the Unknown - Audrey Had a Secret","description":"MEET THE UNKOWN | We are often afraid of the unknown. But you must be courageous and open up your heart \u2013 the only path to miracles.","robots":{"index":"index","follow":"follow","max-snippet":"max-snippet:-1","max-image-preview":"max-image-preview:large","max-video-preview":"max-video-preview:-1"},"canonical":"https:\/\/audreyhadasecret.com\/lt\/produktas\/meet-the-unknown\/","og_locale":"lt_LT","og_type":"article","og_title":"Meet the Unknown - Audrey Had a Secret","og_description":"MEET THE UNKOWN | We are often afraid of the unknown. But you must be courageous and open up your heart \u2013 the only path to miracles.","og_url":"https:\/\/audreyhadasecret.com\/lt\/produktas\/meet-the-unknown\/","og_site_name":"Audrey Had a Secret","article_modified_time":"2023-12-19T08:13:38+00:00","og_image":[{"width":569,"height":768,"url":"https:\/\/audreyhadasecret.com\/wp-content\/uploads\/2022\/12\/DSC_1659be.jpg","type":"image\/jpeg"}],"twitter_card":"summary_large_image","twitter_misc":{"Est. reading time":"1 minut\u0117"},"schema":{"@context":"https:\/\/schema.org","@graph":[{"@type":"WebPage","@id":"https:\/\/audreyhadasecret.com\/product\/meet-the-unknown\/","url":"https:\/\/audreyhadasecret.com\/product\/meet-the-unknown\/","name":"Meet the Unknown - Audrey Had a Secret","isPartOf":{"@id":"https:\/\/audreyhadasecret.com\/#website"},"datePublished":"2022-12-01T13:00:58+00:00","dateModified":"2023-12-19T08:13:38+00:00","description":"MEET THE UNKOWN | We are often afraid of the unknown. But you must be courageous and open up your heart \u2013 the only path to miracles.","breadcrumb":{"@id":"https:\/\/audreyhadasecret.com\/product\/meet-the-unknown\/#breadcrumb"},"inLanguage":"lt-LT","potentialAction":[{"@type":"ReadAction","target":["https:\/\/audreyhadasecret.com\/product\/meet-the-unknown\/"]}]},{"@type":"BreadcrumbList","@id":"https:\/\/audreyhadasecret.com\/product\/meet-the-unknown\/#breadcrumb","itemListElement":[{"@type":"ListItem","position":1,"name":"Home","item":"https:\/\/audreyhadasecret.com\/"},{"@type":"ListItem","position":2,"name":"Shop","item":"https:\/\/audreyhadasecret.com\/shop\/"},{"@type":"ListItem","position":3,"name":"Meet the Unknown"}]},{"@type":"WebSite","@id":"https:\/\/audreyhadasecret.com\/#website","url":"https:\/\/audreyhadasecret.com\/","name":"AUDREY HAD A SECRET","description":"Audrey\u2019s world is ever changing. Upon rising she decides who she is going to be that day.","publisher":{"@id":"https:\/\/audreyhadasecret.com\/#organization"},"potentialAction":[{"@type":"SearchAction","target":{"@type":"EntryPoint","urlTemplate":"https:\/\/audreyhadasecret.com\/?s={search_term_string}"},"query-input":"required name=search_term_string"}],"inLanguage":"lt-LT"},{"@type":"Organization","@id":"https:\/\/audreyhadasecret.com\/#organization","name":"AUDREY HAD A SECRET","url":"https:\/\/audreyhadasecret.com\/","logo":{"@type":"ImageObject","inLanguage":"lt-LT","@id":"https:\/\/audreyhadasecret.com\/#\/schema\/logo\/image\/","url":"https:\/\/audreyhadasecret.com\/wp-content\/uploads\/2022\/11\/cropped-AUDREY-HAD-A-SECRET_LOGO_Pozityvas_Pagrindine-versija.png","contentUrl":"https:\/\/audreyhadasecret.com\/wp-content\/uploads\/2022\/11\/cropped-AUDREY-HAD-A-SECRET_LOGO_Pozityvas_Pagrindine-versija.png","width":1757,"height":1043,"caption":"AUDREY HAD A SECRET"},"image":{"@id":"https:\/\/audreyhadasecret.com\/#\/schema\/logo\/image\/"}}]}},"_links":{"self":[{"href":"https:\/\/audreyhadasecret.com\/lt\/wp-json\/wp\/v2\/product\/1404"}],"collection":[{"href":"https:\/\/audreyhadasecret.com\/lt\/wp-json\/wp\/v2\/product"}],"about":[{"href":"https:\/\/audreyhadasecret.com\/lt\/wp-json\/wp\/v2\/types\/product"}],"version-history":[{"count":1,"href":"https:\/\/audreyhadasecret.com\/lt\/wp-json\/wp\/v2\/product\/1404\/revisions"}],"predecessor-version":[{"id":4000,"href":"https:\/\/audreyhadasecret.com\/lt\/wp-json\/wp\/v2\/product\/1404\/revisions\/4000"}],"wp:featuredmedia":[{"embeddable":true,"href":"https:\/\/audreyhadasecret.com\/lt\/wp-json\/wp\/v2\/media\/2616"}],"wp:attachment":[{"href":"https:\/\/audreyhadasecret.com\/lt\/wp-json\/wp\/v2\/media?parent=1404"}],"wp:term":[{"taxonomy":"product_cat","embeddable":true,"href":"https:\/\/audreyhadasecret.com\/lt\/wp-json\/wp\/v2\/product_cat?post=1404"},{"taxonomy":"product_tag","embeddable":true,"href":"https:\/\/audreyhadasecret.com\/lt\/wp-json\/wp\/v2\/product_tag?post=1404"}],"curies":[{"name":"wp","href":"https:\/\/api.w.org\/{rel}","templated":true}]}}