{"id":1869,"date":"2023-01-09T19:08:17","date_gmt":"2023-01-09T17:08:17","guid":{"rendered":"https:\/\/audreyhadasecret.com\/?post_type=product&#038;p=1869"},"modified":"2023-02-15T21:43:53","modified_gmt":"2023-02-15T19:43:53","slug":"hydrating-facial-serum","status":"publish","type":"product","link":"https:\/\/audreyhadasecret.com\/lt\/produktas\/hydrating-facial-serum\/","title":{"rendered":"OBAGI Daily Hydro-Drops serumas su vitaminu B3"},"content":{"rendered":"<p>veido dr\u0117kiklis su pa\u017eangiausia Isoplentix<sup>\u2122<\/sup> technologija: gryniausi\u0173 form\u0173 vitaminas B3, abesinijos  ir kinro\u017e\u0117s aliejus. Lygina od\u0105, suteikia jai spindesio  ir vis\u0105 dien\u0105 palaiko tinkam\u0105 jos dr\u0117kinim\u0105. Oda itin efektyviai dr\u0117kinama specialios formul\u0117s pagalba. Isoplentix daugiafluidin\u0117 technologija u\u017etikrina reikiam\u0105 vitamino B3 kiek\u012f, abesinijos bei kinro\u017e\u0117s aliej\u0173 dr\u0117kinamosios  savyb\u0117s veikia rauk\u0161leles, stangrina bei \u0161viesina od\u0105.  Dr\u0117kinamasis veido serumas  yra hipoalerginis, nekem\u0161antis por\u0173, dermatolog\u0173 ir oftalmolog\u0173 i\u0161bandytas bei patvirtintas.<\/p>\n<p>Odos tipas:<a href=\"https:\/\/www.obagi.com\/medical\/skin-type\/combination-skin\"> Mi\u0161ri oda<\/a>, <a href=\"https:\/\/www.obagi.com\/medical\/skin-type\/normal-skin\">normali oda<\/a>, <a href=\"https:\/\/www.obagi.com\/medical\/skin-type\/oily-skin\">riebi oda<\/a><\/p>\n<p>Odos problemos:<a href=\"https:\/\/www.obagi.com\/medical\/skin-concern\/dehydrated-skin\"> Dehidratuota oda<\/a>, <a href=\"https:\/\/www.obagi.com\/medical\/skin-concern\/fine-lines-and-wrinkles\">smulkios rauk\u0161lel\u0117s<\/a><\/p>\n<p>Serumas<\/p>\n<ul>\n<li>Dydis 30 ml<\/li>\n<\/ul>\n<p>&nbsp;<\/p>\n<p><strong>I\u0161sami informacija:<\/strong><\/p>\n<p>\u0160ioje nesvarioje, dr\u0117gm\u0119 i\u0161saugan\u010dioje formul\u0117je naudojama \"Isoplentix\" mikrofluidin\u0117 technologija, kad vitaminas B3, Abisinijos aliejus ir hibisk\u0173 aliejus b\u016bt\u0173 gryn\u0173 gryniausi\u0173 form\u0173, taip pat akimirksniu suteikiamas dr\u0117kinimas, padedantis su\u0161velninti smulkias linijas ir rauk\u0161les, kad oda atrodyt\u0173 skaistesn\u0117 ir sveikesn\u0117.<\/p>\n<p>&nbsp;<\/p>\n<p>\"Daily Hydro-Drops\" yra hipoalerginis, nekomedogeninis, dermatolog\u0173 ir oftalmolog\u0173 patikrintas produktas.<\/p>\n<p><strong>Mokslas ir technologijos<\/strong><\/p>\n<p>30 met\u0173 kaupdama mokslo ir inovacij\u0173 palikim\u0105, \"Obagi\" vadovauja permainingiems moksliniams tyrimams, kurie atitinka vis\u0173 odos atspalvi\u0173 ir tip\u0173 poreikius. Mes tikime, kad odos prie\u017ei\u016bra - tai daugiau nei \"taisymas\" ar net \"profilaktika\", tai - viso j\u016bs\u0173 odos potencialo i\u0161laisvinimas. \u0160tai kod\u0117l \"Obagi\" kuriame \u012ftraukian\u010dius produktus, kurie palaiko m\u016bs\u0173 vis\u0173 \u012fvairov\u0119. Tai - moksli\u0161kai pagr\u012fst\u0173, klinikin\u0117s kokyb\u0117s preparat\u0173 k\u016brimas, siekiant skatinti sveik\u0105, \u012f ateit\u012f orientuot\u0105 od\u0105.<\/p>\n<p><strong>Pagrindiniai ingredientai:<\/strong><\/p>\n<p>Vitaminas B3<\/p>\n<p>Vitaminas B3 yra auksinio standarto ingredientas, pasi\u017eymintis raminamosiomis savyb\u0117mis ir laikui b\u0117gant ma\u017einantis smulki\u0173 linij\u0173 ir rauk\u0161li\u0173 i\u0161vaizd\u0105.<\/p>\n<p>Kinro\u017e\u0117s ir ibisinijos aliejai<\/p>\n<p>Kinro\u017e\u0117s ir abesinijos aliejai- juose yra daug antioksidant\u0173 fitosteroli\u0173, omega-9 ir omega-6 riebal\u0173 r\u016bg\u0161\u010di\u0173, kurios palaiko nat\u016bral\u0173 odos barjer\u0105.<\/p>\n<p><u><a href=\"https:\/\/www.obagi.com\/medical\/daily-hydro-drops-facial-serum#multiCollapseExample3\">Visi ingredientai:<\/a><\/u><\/p>\n<p>&nbsp;<\/p>\n<p>Water (Aqua), Propanediol,Glycerin, Isononyl Isononanoate, Butylene Glycol, Betaine, Niacinamide, Limnanthes Alba (Meadowfoam) Seed Oil, Pentylene Glycol, Phenoxyethanol, Castor Oil\/IPDI Copolymer, Parfum, Carbomer, Caprylic\/Capric Triglceride, Crambe Abyssinica Seed Oil, Hibiscus Sabdariffa Seed Oil, Octocrylene, Disodium EDTA, Sodium Hydroxide, Cellulose Gum, Homosalate, Butyl Methoxydibenzoylmethane, Helianthus Annuus (Sunflower) Seed Oil, Tocopherol, Amodimethicone, Beta-Carotene (CI 40800), Green 6 (CI 61565), Violet 2 (CI 60725)<\/p>\n<p><strong>Kaip naudoti:<\/strong><\/p>\n<ul>\n<li>Atsukite dangtel\u012f. La\u0161intuvas u\u017esipildys automati\u0161kai.<\/li>\n<li>U\u017ela\u0161inkite \u201cDaily Hydro-Drops\u201d serumo ant pir\u0161t\u0173 galiuk\u0173 ir tolygiai u\u017etepkite ant veido, kaklo ir dekolt\u0117<\/li>\n<li>Tepti ryte ir vakare nuprausus od\u0105.<\/li>\n<\/ul>\n<p><strong>Atsargumo priemon\u0117s:<\/strong><\/p>\n<ul>\n<li>Tik i\u0161oriniam naudojimui<\/li>\n<li>Laikyti vaikams nepasiekiamoje vietoje<\/li>\n<\/ul>\n<p><strong>Laikymo s\u0105lygos:<\/strong><\/p>\n<ul>\n<li>Laikyti kambario temperat\u016broje: 15\u00b0\u201325\u00b0C<\/li>\n<li>Saugokite nuo tiesiogini\u0173 saul\u0117s spinduli\u0173<\/li>\n<\/ul>","protected":false},"excerpt":{"rendered":"<p>veido dr\u0117kiklis su pa\u017eangiausia Isoplentix<sup>\u2122<\/sup> technologija: gryniausi\u0173 form\u0173 vitaminas B3, abesinijos  ir kinro\u017e\u0117s aliejus. Lygina od\u0105, suteikia jai spindesio  ir vis\u0105 dien\u0105 palaiko tinkam\u0105 jos dr\u0117kinim\u0105. Oda itin efektyviai dr\u0117kinama specialios formul\u0117s pagalba. Isoplentix daugiafluidin\u0117 technologija u\u017etikrina reikiam\u0105 vitamino B3 kiek\u012f, abesinijos bei kinro\u017e\u0117s aliej\u0173 dr\u0117kinamosios  savyb\u0117s veikia rauk\u0161leles, stangrina bei \u0161viesina od\u0105.  Dr\u0117kinamasis veido serumas  yra hipoalerginis, nekem\u0161antis por\u0173, dermatolog\u0173 ir oftalmolog\u0173 i\u0161bandytas bei patvirtintas.<\/p>","protected":false},"featured_media":1865,"template":"","meta":{"site-sidebar-layout":"default","site-content-layout":"default","ast-global-header-display":"","ast-main-header-display":"","ast-hfb-above-header-display":"","ast-hfb-below-header-display":"","ast-hfb-mobile-header-display":"","site-post-title":"","ast-breadcrumbs-content":"","ast-featured-img":"","footer-sml-layout":"","theme-transparent-header-meta":"default","adv-header-id-meta":"","stick-header-meta":"","header-above-stick-meta":"","header-main-stick-meta":"","header-below-stick-meta":""},"product_cat":[16,50],"product_tag":[],"yoast_head":"<!-- This site is optimized with the Yoast SEO plugin v20.11 - https:\/\/yoast.com\/wordpress\/plugins\/seo\/ -->\n<title>Hydrating facial serum - Audrey Had a Secret<\/title>\n<meta name=\"description\" content=\"Hydrating facial serum | Skin Type: Combination Skin, Normal Skin, Oily Skin | Skin Concerns: Dehydrated Skin, Fine Lines and Wrinkles\" \/>\n<meta name=\"robots\" content=\"index, follow, max-snippet:-1, max-image-preview:large, max-video-preview:-1\" \/>\n<link rel=\"canonical\" href=\"https:\/\/audreyhadasecret.com\/lt\/produktas\/hydrating-facial-serum\/\" \/>\n<meta property=\"og:locale\" content=\"lt_LT\" \/>\n<meta property=\"og:type\" content=\"article\" \/>\n<meta property=\"og:title\" content=\"Hydrating facial serum - Audrey Had a Secret\" \/>\n<meta property=\"og:description\" content=\"Hydrating facial serum | Skin Type: Combination Skin, Normal Skin, Oily Skin | Skin Concerns: Dehydrated Skin, Fine Lines and Wrinkles\" \/>\n<meta property=\"og:url\" content=\"https:\/\/audreyhadasecret.com\/lt\/produktas\/hydrating-facial-serum\/\" \/>\n<meta property=\"og:site_name\" content=\"Audrey Had a Secret\" \/>\n<meta property=\"article:modified_time\" content=\"2023-02-15T19:43:53+00:00\" \/>\n<meta property=\"og:image\" content=\"https:\/\/audreyhadasecret.com\/wp-content\/uploads\/2023\/01\/1-Obagi-Professional-C-Daily-Hydrodrops-Facial-Serum-30ml.jpg\" \/>\n\t<meta property=\"og:image:width\" content=\"800\" \/>\n\t<meta property=\"og:image:height\" content=\"800\" \/>\n\t<meta property=\"og:image:type\" content=\"image\/jpeg\" \/>\n<meta name=\"twitter:card\" content=\"summary_large_image\" \/>\n<meta name=\"twitter:label1\" content=\"Est. reading time\" \/>\n\t<meta name=\"twitter:data1\" content=\"2 minut\u0117s\" \/>\n<script type=\"application\/ld+json\" class=\"yoast-schema-graph\">{\"@context\":\"https:\/\/schema.org\",\"@graph\":[{\"@type\":\"WebPage\",\"@id\":\"https:\/\/audreyhadasecret.com\/product\/hydrating-facial-serum\/\",\"url\":\"https:\/\/audreyhadasecret.com\/product\/hydrating-facial-serum\/\",\"name\":\"Hydrating facial serum - Audrey Had a Secret\",\"isPartOf\":{\"@id\":\"https:\/\/audreyhadasecret.com\/#website\"},\"datePublished\":\"2023-01-09T17:08:17+00:00\",\"dateModified\":\"2023-02-15T19:43:53+00:00\",\"description\":\"Hydrating facial serum | Skin Type: Combination Skin, Normal Skin, Oily Skin | Skin Concerns: Dehydrated Skin, Fine Lines and Wrinkles\",\"breadcrumb\":{\"@id\":\"https:\/\/audreyhadasecret.com\/product\/hydrating-facial-serum\/#breadcrumb\"},\"inLanguage\":\"lt-LT\",\"potentialAction\":[{\"@type\":\"ReadAction\",\"target\":[\"https:\/\/audreyhadasecret.com\/product\/hydrating-facial-serum\/\"]}]},{\"@type\":\"BreadcrumbList\",\"@id\":\"https:\/\/audreyhadasecret.com\/product\/hydrating-facial-serum\/#breadcrumb\",\"itemListElement\":[{\"@type\":\"ListItem\",\"position\":1,\"name\":\"Home\",\"item\":\"https:\/\/audreyhadasecret.com\/\"},{\"@type\":\"ListItem\",\"position\":2,\"name\":\"Shop\",\"item\":\"https:\/\/audreyhadasecret.com\/shop\/\"},{\"@type\":\"ListItem\",\"position\":3,\"name\":\"Hydrating facial serum\"}]},{\"@type\":\"WebSite\",\"@id\":\"https:\/\/audreyhadasecret.com\/#website\",\"url\":\"https:\/\/audreyhadasecret.com\/\",\"name\":\"AUDREY HAD A SECRET\",\"description\":\"Audrey\u2019s world is ever changing. Upon rising she decides who she is going to be that day.\",\"publisher\":{\"@id\":\"https:\/\/audreyhadasecret.com\/#organization\"},\"potentialAction\":[{\"@type\":\"SearchAction\",\"target\":{\"@type\":\"EntryPoint\",\"urlTemplate\":\"https:\/\/audreyhadasecret.com\/?s={search_term_string}\"},\"query-input\":\"required name=search_term_string\"}],\"inLanguage\":\"lt-LT\"},{\"@type\":\"Organization\",\"@id\":\"https:\/\/audreyhadasecret.com\/#organization\",\"name\":\"AUDREY HAD A SECRET\",\"url\":\"https:\/\/audreyhadasecret.com\/\",\"logo\":{\"@type\":\"ImageObject\",\"inLanguage\":\"lt-LT\",\"@id\":\"https:\/\/audreyhadasecret.com\/#\/schema\/logo\/image\/\",\"url\":\"https:\/\/audreyhadasecret.com\/wp-content\/uploads\/2022\/11\/cropped-AUDREY-HAD-A-SECRET_LOGO_Pozityvas_Pagrindine-versija.png\",\"contentUrl\":\"https:\/\/audreyhadasecret.com\/wp-content\/uploads\/2022\/11\/cropped-AUDREY-HAD-A-SECRET_LOGO_Pozityvas_Pagrindine-versija.png\",\"width\":1757,\"height\":1043,\"caption\":\"AUDREY HAD A SECRET\"},\"image\":{\"@id\":\"https:\/\/audreyhadasecret.com\/#\/schema\/logo\/image\/\"}}]}<\/script>\n<!-- \/ Yoast SEO plugin. -->","yoast_head_json":{"title":"Hydrating facial serum - Audrey Had a Secret","description":"Hydrating facial serum | Skin Type: Combination Skin, Normal Skin, Oily Skin | Skin Concerns: Dehydrated Skin, Fine Lines and Wrinkles","robots":{"index":"index","follow":"follow","max-snippet":"max-snippet:-1","max-image-preview":"max-image-preview:large","max-video-preview":"max-video-preview:-1"},"canonical":"https:\/\/audreyhadasecret.com\/lt\/produktas\/hydrating-facial-serum\/","og_locale":"lt_LT","og_type":"article","og_title":"Hydrating facial serum - Audrey Had a Secret","og_description":"Hydrating facial serum | Skin Type: Combination Skin, Normal Skin, Oily Skin | Skin Concerns: Dehydrated Skin, Fine Lines and Wrinkles","og_url":"https:\/\/audreyhadasecret.com\/lt\/produktas\/hydrating-facial-serum\/","og_site_name":"Audrey Had a Secret","article_modified_time":"2023-02-15T19:43:53+00:00","og_image":[{"width":800,"height":800,"url":"https:\/\/audreyhadasecret.com\/wp-content\/uploads\/2023\/01\/1-Obagi-Professional-C-Daily-Hydrodrops-Facial-Serum-30ml.jpg","type":"image\/jpeg"}],"twitter_card":"summary_large_image","twitter_misc":{"Est. reading time":"2 minut\u0117s"},"schema":{"@context":"https:\/\/schema.org","@graph":[{"@type":"WebPage","@id":"https:\/\/audreyhadasecret.com\/product\/hydrating-facial-serum\/","url":"https:\/\/audreyhadasecret.com\/product\/hydrating-facial-serum\/","name":"Hydrating facial serum - Audrey Had a Secret","isPartOf":{"@id":"https:\/\/audreyhadasecret.com\/#website"},"datePublished":"2023-01-09T17:08:17+00:00","dateModified":"2023-02-15T19:43:53+00:00","description":"Hydrating facial serum | Skin Type: Combination Skin, Normal Skin, Oily Skin | Skin Concerns: Dehydrated Skin, Fine Lines and Wrinkles","breadcrumb":{"@id":"https:\/\/audreyhadasecret.com\/product\/hydrating-facial-serum\/#breadcrumb"},"inLanguage":"lt-LT","potentialAction":[{"@type":"ReadAction","target":["https:\/\/audreyhadasecret.com\/product\/hydrating-facial-serum\/"]}]},{"@type":"BreadcrumbList","@id":"https:\/\/audreyhadasecret.com\/product\/hydrating-facial-serum\/#breadcrumb","itemListElement":[{"@type":"ListItem","position":1,"name":"Home","item":"https:\/\/audreyhadasecret.com\/"},{"@type":"ListItem","position":2,"name":"Shop","item":"https:\/\/audreyhadasecret.com\/shop\/"},{"@type":"ListItem","position":3,"name":"Hydrating facial serum"}]},{"@type":"WebSite","@id":"https:\/\/audreyhadasecret.com\/#website","url":"https:\/\/audreyhadasecret.com\/","name":"AUDREY HAD A SECRET","description":"Audrey\u2019s world is ever changing. Upon rising she decides who she is going to be that day.","publisher":{"@id":"https:\/\/audreyhadasecret.com\/#organization"},"potentialAction":[{"@type":"SearchAction","target":{"@type":"EntryPoint","urlTemplate":"https:\/\/audreyhadasecret.com\/?s={search_term_string}"},"query-input":"required name=search_term_string"}],"inLanguage":"lt-LT"},{"@type":"Organization","@id":"https:\/\/audreyhadasecret.com\/#organization","name":"AUDREY HAD A SECRET","url":"https:\/\/audreyhadasecret.com\/","logo":{"@type":"ImageObject","inLanguage":"lt-LT","@id":"https:\/\/audreyhadasecret.com\/#\/schema\/logo\/image\/","url":"https:\/\/audreyhadasecret.com\/wp-content\/uploads\/2022\/11\/cropped-AUDREY-HAD-A-SECRET_LOGO_Pozityvas_Pagrindine-versija.png","contentUrl":"https:\/\/audreyhadasecret.com\/wp-content\/uploads\/2022\/11\/cropped-AUDREY-HAD-A-SECRET_LOGO_Pozityvas_Pagrindine-versija.png","width":1757,"height":1043,"caption":"AUDREY HAD A SECRET"},"image":{"@id":"https:\/\/audreyhadasecret.com\/#\/schema\/logo\/image\/"}}]}},"_links":{"self":[{"href":"https:\/\/audreyhadasecret.com\/lt\/wp-json\/wp\/v2\/product\/1869"}],"collection":[{"href":"https:\/\/audreyhadasecret.com\/lt\/wp-json\/wp\/v2\/product"}],"about":[{"href":"https:\/\/audreyhadasecret.com\/lt\/wp-json\/wp\/v2\/types\/product"}],"version-history":[{"count":0,"href":"https:\/\/audreyhadasecret.com\/lt\/wp-json\/wp\/v2\/product\/1869\/revisions"}],"wp:featuredmedia":[{"embeddable":true,"href":"https:\/\/audreyhadasecret.com\/lt\/wp-json\/wp\/v2\/media\/1865"}],"wp:attachment":[{"href":"https:\/\/audreyhadasecret.com\/lt\/wp-json\/wp\/v2\/media?parent=1869"}],"wp:term":[{"taxonomy":"product_cat","embeddable":true,"href":"https:\/\/audreyhadasecret.com\/lt\/wp-json\/wp\/v2\/product_cat?post=1869"},{"taxonomy":"product_tag","embeddable":true,"href":"https:\/\/audreyhadasecret.com\/lt\/wp-json\/wp\/v2\/product_tag?post=1869"}],"curies":[{"name":"wp","href":"https:\/\/api.w.org\/{rel}","templated":true}]}}