{"id":1871,"date":"2023-01-09T19:11:56","date_gmt":"2023-01-09T17:11:56","guid":{"rendered":"https:\/\/audreyhadasecret.com\/?post_type=product&#038;p=1871"},"modified":"2023-02-15T21:43:53","modified_gmt":"2023-02-15T19:43:53","slug":"elastiderm-eye-cream","status":"publish","type":"product","link":"https:\/\/audreyhadasecret.com\/lt\/produktas\/elastiderm-eye-cream\/","title":{"rendered":"ELASTIderm\u00ae paaki\u0173 kremas nuo rauk\u0161li\u0173"},"content":{"rendered":"<p>Jauninantis paaki\u0173 kremas<\/p>\n<p>ELASTIderm\u00ae EYE CREAM prie\u0161rauk\u0161linis, atjauninantis kremas. \u201cELASTIderm\u201d paaki\u0173 kremo sud\u0117tyje yra patentuotas \u201cBi-Mineral Contour\u201d kompleksas (cinkas ir varis). Klini\u0161kai \u012frodyta, kad \u0161is kompleksas padeda kovoje su paaki\u0173 srityje esan\u010diomis smulkiomis rauk\u0161lel\u0117mis, tuo pa\u010diu stangrina paaki\u0173 od\u0105. Oftalmolog\u0173 patvirtintas produktas.<\/p>\n<p>Odos tipas:<a href=\"https:\/\/www.obagi.com\/medical\/skin-type\/combination-skin\"> Mi\u0161ri oda<\/a>, <a href=\"https:\/\/www.obagi.com\/medical\/skin-type\/normal-skin\">normali oda<\/a>, <a href=\"https:\/\/www.obagi.com\/medical\/skin-type\/oily-skin\">riebi oda<\/a><\/p>\n<p>Odos problemos:<a href=\"https:\/\/www.obagi.com\/medical\/skin-concern\/aging-eyes\"> Paaki\u0173 srities odos sen\u0117jimas<\/a>, <a href=\"https:\/\/www.obagi.com\/medical\/skin-concern\/elasticity-sagging-skin\">elastingumo praradimas<\/a>, <a href=\"https:\/\/www.obagi.com\/medical\/skin-concern\/fine-lines-and-wrinkles\">smulkios rauk\u0161lel\u0117s<\/a><\/p>\n<p>Kremas<\/p>\n<ul>\n<li>Dydis 15g<\/li>\n<\/ul>\n<p><strong>\u00a0<\/strong><\/p>\n<p><strong>I\u0161sami informacija:<\/strong><\/p>\n<p>\u201cELASTIderm Eye Cream\u201d- tai lengvos tekst\u016bros kremas, padedantis atjauninti delika\u010di\u0105 od\u0105 aplink akis, didina odos elastingum\u0105,  stangrina j\u0105.<\/p>\n<p>&nbsp;<\/p>\n<p>\u201cBi-Mineral Contour Complex\u201d formul\u0117, kurios sud\u0117tyje yra cinkas ir varis, u\u017etikrina aki\u0173 zonos odos atjauninim\u0105.<\/p>\n<p><strong>Mokslas ir inovacijos<\/strong><\/p>\n<p>30 met\u0173 kaupdama mokslo ir inovacij\u0173 palikim\u0105, \"Obagi\" vadovauja permainingiems moksliniams tyrimams, kurie atitinka vis\u0173 odos atspalvi\u0173 ir tip\u0173 poreikius. Mes tikime, kad odos prie\u017ei\u016bra - tai daugiau nei \"taisymas\" ar net \"profilaktika\", tai - viso j\u016bs\u0173 odos potencialo i\u0161laisvinimas. \u0160tai kod\u0117l \"Obagi\" kuriame \u012ftraukian\u010dius produktus, kurie palaiko m\u016bs\u0173 vis\u0173 \u012fvairov\u0119. Tai - moksli\u0161kai pagr\u012fst\u0173, klinikin\u0117s kokyb\u0117s preparat\u0173 k\u016brimas, siekiant skatinti sveik\u0105, \u012f ateit\u012f orientuot\u0105 od\u0105.<\/p>\n<p><strong>Pagrindiniai ingredientai:<\/strong><\/p>\n<p>Bi-Mineral Contour Complex\u2122<\/p>\n<p>\u201cBi-Mineral Contour Complex\u201d\u2122 (cinkas ir varis)- tai pa\u017eangi ingredient\u0173 technologija, kurios sud\u0117tyje yra cinkas, varis ir malonatas.<\/p>\n<p><u><a href=\"https:\/\/www.obagi.com\/medical\/elastiderm-eye-cream#multiCollapseExample3\">Visi ingredientai:<\/a><\/u><\/p>\n<p>&nbsp;<\/p>\n<p>Water (aqua), C12-15 alkyl benzoate, ethylhexyl palmitate, C13-15 alkane, cyclopentasiloxane, glycerin,  glyceryl stearate,  PEG-100 stearate, propylene glycol, stearyl alcohol, dipropylene glycol dibenzoate, dimethicone,  PPG-15 stearyl ether benzoate, polyacrylamide, cetyl alcohol, cetyl dimethicone, C13-14 isoparaffin, xanthan gum, magnesium aluminum silicate, laureth-7, tocopheryl acetate, glycyrrhiza glabra (licorice) root extract, algae extract, vaccinium angustifolium (blueberry) fruit extract, phenoxyethanol, methylparaben, ethylparaben, butylparaben, propylparaben, isobutylparaben, HDI\/trimethylol hexyllactone crosspolymer, sodium hydroxide, malonic acid, malachite, zinc carbonate, silica, talc, alumina, mica, titanium dioxide (CI 77891), tin oxides (CI 77491), FD&amp;C blue 1 (CI42090)<\/p>\n<p><strong>Kaip naudoti:<\/strong><\/p>\n<ul>\n<li>Nuprausus od\u0105, \u0161velniai u\u017etepkite nedidel\u012f ELASTIderm aki\u0173 kremo kiek\u012f aki\u0173 zonoje<\/li>\n<li>\u0160velniai tepkite, kol visi\u0161kai susigers<\/li>\n<li>Geriausiems rezultatams pasiekti, tepkite 2 kartus per dien\u0105 ryte ir vakare<\/li>\n<\/ul>\n<p><strong>Atsargumo priemon\u0117s:<\/strong><\/p>\n<ul>\n<li>Saugoti, kad nepatekt\u0173 \u012f akis. Jei taip atsitiko, kruop\u0161\u010diai nuplaukite vandeniu<\/li>\n<li>Tik i\u0161oriniam naudojimui<\/li>\n<li>Laikyti vaikams nepasiekiamoje vietoje<\/li>\n<\/ul>\n<p><strong>Laikymo s\u0105lygos:<\/strong><\/p>\n<ul>\n<li>Saugokite nuo tiesiogini\u0173 saul\u0117s spinduli\u0173<\/li>\n<li>Laikyti kambario temperat\u016broje: 15\u00b0\u201325\u00b0C<\/li>\n<\/ul>","protected":false},"excerpt":{"rendered":"<p>ELASTIderm\u00ae EYE CREAM prie\u0161rauk\u0161linis, atjauninantis kremas. \u201cELASTIderm\u201d paaki\u0173 kremo sud\u0117tyje yra patentuotas \u201cBi-Mineral Contour\u201d kompleksas (cinkas ir varis). Klini\u0161kai \u012frodyta, kad \u0161is kompleksas padeda kovoje su paaki\u0173 srityje esan\u010diomis smulkiomis rauk\u0161lel\u0117mis, tuo pa\u010diu stangrina paaki\u0173 od\u0105. Oftalmolog\u0173 patvirtintas produktas.<\/p>","protected":false},"featured_media":1868,"template":"","meta":{"site-sidebar-layout":"default","site-content-layout":"default","ast-global-header-display":"","ast-main-header-display":"","ast-hfb-above-header-display":"","ast-hfb-below-header-display":"","ast-hfb-mobile-header-display":"","site-post-title":"","ast-breadcrumbs-content":"","ast-featured-img":"","footer-sml-layout":"","theme-transparent-header-meta":"default","adv-header-id-meta":"","stick-header-meta":"","header-above-stick-meta":"","header-main-stick-meta":"","header-below-stick-meta":""},"product_cat":[16,50],"product_tag":[],"yoast_head":"<!-- This site is optimized with the Yoast SEO plugin v20.11 - https:\/\/yoast.com\/wordpress\/plugins\/seo\/ -->\n<title>ELASTIderm\u00ae Eye Cream - Audrey Had a Secret<\/title>\n<meta name=\"description\" content=\"ELASTIderm Eye Cream | Skin Type: Combination Skin, Normal Skin, Oily Skin | Skin Concerns: Aging Eyes, Elasticity and Sagging Skin, Fine Lines and Wrinkles\" \/>\n<meta name=\"robots\" content=\"index, follow, max-snippet:-1, max-image-preview:large, max-video-preview:-1\" \/>\n<link rel=\"canonical\" href=\"https:\/\/audreyhadasecret.com\/lt\/produktas\/elastiderm-eye-cream\/\" \/>\n<meta property=\"og:locale\" content=\"lt_LT\" \/>\n<meta property=\"og:type\" content=\"article\" \/>\n<meta property=\"og:title\" content=\"ELASTIderm\u00ae Eye Cream - Audrey Had a Secret\" \/>\n<meta property=\"og:description\" content=\"ELASTIderm Eye Cream | Skin Type: Combination Skin, Normal Skin, Oily Skin | Skin Concerns: Aging Eyes, Elasticity and Sagging Skin, Fine Lines and Wrinkles\" \/>\n<meta property=\"og:url\" content=\"https:\/\/audreyhadasecret.com\/lt\/produktas\/elastiderm-eye-cream\/\" \/>\n<meta property=\"og:site_name\" content=\"Audrey Had a Secret\" \/>\n<meta property=\"article:modified_time\" content=\"2023-02-15T19:43:53+00:00\" \/>\n<meta property=\"og:image\" content=\"https:\/\/audreyhadasecret.com\/wp-content\/uploads\/2023\/01\/1-Obagi-ELASTIderm-Eye-Cream-15g.jpg\" \/>\n\t<meta property=\"og:image:width\" content=\"800\" \/>\n\t<meta property=\"og:image:height\" content=\"800\" \/>\n\t<meta property=\"og:image:type\" content=\"image\/jpeg\" \/>\n<meta name=\"twitter:card\" content=\"summary_large_image\" \/>\n<meta name=\"twitter:label1\" content=\"Est. reading time\" \/>\n\t<meta name=\"twitter:data1\" content=\"2 minut\u0117s\" \/>\n<script type=\"application\/ld+json\" class=\"yoast-schema-graph\">{\"@context\":\"https:\/\/schema.org\",\"@graph\":[{\"@type\":\"WebPage\",\"@id\":\"https:\/\/audreyhadasecret.com\/product\/elastiderm-eye-cream\/\",\"url\":\"https:\/\/audreyhadasecret.com\/product\/elastiderm-eye-cream\/\",\"name\":\"ELASTIderm\u00ae Eye Cream - Audrey Had a Secret\",\"isPartOf\":{\"@id\":\"https:\/\/audreyhadasecret.com\/#website\"},\"datePublished\":\"2023-01-09T17:11:56+00:00\",\"dateModified\":\"2023-02-15T19:43:53+00:00\",\"description\":\"ELASTIderm Eye Cream | Skin Type: Combination Skin, Normal Skin, Oily Skin | Skin Concerns: Aging Eyes, Elasticity and Sagging Skin, Fine Lines and Wrinkles\",\"breadcrumb\":{\"@id\":\"https:\/\/audreyhadasecret.com\/product\/elastiderm-eye-cream\/#breadcrumb\"},\"inLanguage\":\"lt-LT\",\"potentialAction\":[{\"@type\":\"ReadAction\",\"target\":[\"https:\/\/audreyhadasecret.com\/product\/elastiderm-eye-cream\/\"]}]},{\"@type\":\"BreadcrumbList\",\"@id\":\"https:\/\/audreyhadasecret.com\/product\/elastiderm-eye-cream\/#breadcrumb\",\"itemListElement\":[{\"@type\":\"ListItem\",\"position\":1,\"name\":\"Home\",\"item\":\"https:\/\/audreyhadasecret.com\/\"},{\"@type\":\"ListItem\",\"position\":2,\"name\":\"Shop\",\"item\":\"https:\/\/audreyhadasecret.com\/shop\/\"},{\"@type\":\"ListItem\",\"position\":3,\"name\":\"ELASTIderm\u00ae Eye Cream\"}]},{\"@type\":\"WebSite\",\"@id\":\"https:\/\/audreyhadasecret.com\/#website\",\"url\":\"https:\/\/audreyhadasecret.com\/\",\"name\":\"AUDREY HAD A SECRET\",\"description\":\"Audrey\u2019s world is ever changing. Upon rising she decides who she is going to be that day.\",\"publisher\":{\"@id\":\"https:\/\/audreyhadasecret.com\/#organization\"},\"potentialAction\":[{\"@type\":\"SearchAction\",\"target\":{\"@type\":\"EntryPoint\",\"urlTemplate\":\"https:\/\/audreyhadasecret.com\/?s={search_term_string}\"},\"query-input\":\"required name=search_term_string\"}],\"inLanguage\":\"lt-LT\"},{\"@type\":\"Organization\",\"@id\":\"https:\/\/audreyhadasecret.com\/#organization\",\"name\":\"AUDREY HAD A SECRET\",\"url\":\"https:\/\/audreyhadasecret.com\/\",\"logo\":{\"@type\":\"ImageObject\",\"inLanguage\":\"lt-LT\",\"@id\":\"https:\/\/audreyhadasecret.com\/#\/schema\/logo\/image\/\",\"url\":\"https:\/\/audreyhadasecret.com\/wp-content\/uploads\/2022\/11\/cropped-AUDREY-HAD-A-SECRET_LOGO_Pozityvas_Pagrindine-versija.png\",\"contentUrl\":\"https:\/\/audreyhadasecret.com\/wp-content\/uploads\/2022\/11\/cropped-AUDREY-HAD-A-SECRET_LOGO_Pozityvas_Pagrindine-versija.png\",\"width\":1757,\"height\":1043,\"caption\":\"AUDREY HAD A SECRET\"},\"image\":{\"@id\":\"https:\/\/audreyhadasecret.com\/#\/schema\/logo\/image\/\"}}]}<\/script>\n<!-- \/ Yoast SEO plugin. -->","yoast_head_json":{"title":"ELASTIderm\u00ae Eye Cream - Audrey Had a Secret","description":"ELASTIderm Eye Cream | Skin Type: Combination Skin, Normal Skin, Oily Skin | Skin Concerns: Aging Eyes, Elasticity and Sagging Skin, Fine Lines and Wrinkles","robots":{"index":"index","follow":"follow","max-snippet":"max-snippet:-1","max-image-preview":"max-image-preview:large","max-video-preview":"max-video-preview:-1"},"canonical":"https:\/\/audreyhadasecret.com\/lt\/produktas\/elastiderm-eye-cream\/","og_locale":"lt_LT","og_type":"article","og_title":"ELASTIderm\u00ae Eye Cream - Audrey Had a Secret","og_description":"ELASTIderm Eye Cream | Skin Type: Combination Skin, Normal Skin, Oily Skin | Skin Concerns: Aging Eyes, Elasticity and Sagging Skin, Fine Lines and Wrinkles","og_url":"https:\/\/audreyhadasecret.com\/lt\/produktas\/elastiderm-eye-cream\/","og_site_name":"Audrey Had a Secret","article_modified_time":"2023-02-15T19:43:53+00:00","og_image":[{"width":800,"height":800,"url":"https:\/\/audreyhadasecret.com\/wp-content\/uploads\/2023\/01\/1-Obagi-ELASTIderm-Eye-Cream-15g.jpg","type":"image\/jpeg"}],"twitter_card":"summary_large_image","twitter_misc":{"Est. reading time":"2 minut\u0117s"},"schema":{"@context":"https:\/\/schema.org","@graph":[{"@type":"WebPage","@id":"https:\/\/audreyhadasecret.com\/product\/elastiderm-eye-cream\/","url":"https:\/\/audreyhadasecret.com\/product\/elastiderm-eye-cream\/","name":"ELASTIderm\u00ae Eye Cream - Audrey Had a Secret","isPartOf":{"@id":"https:\/\/audreyhadasecret.com\/#website"},"datePublished":"2023-01-09T17:11:56+00:00","dateModified":"2023-02-15T19:43:53+00:00","description":"ELASTIderm Eye Cream | Skin Type: Combination Skin, Normal Skin, Oily Skin | Skin Concerns: Aging Eyes, Elasticity and Sagging Skin, Fine Lines and Wrinkles","breadcrumb":{"@id":"https:\/\/audreyhadasecret.com\/product\/elastiderm-eye-cream\/#breadcrumb"},"inLanguage":"lt-LT","potentialAction":[{"@type":"ReadAction","target":["https:\/\/audreyhadasecret.com\/product\/elastiderm-eye-cream\/"]}]},{"@type":"BreadcrumbList","@id":"https:\/\/audreyhadasecret.com\/product\/elastiderm-eye-cream\/#breadcrumb","itemListElement":[{"@type":"ListItem","position":1,"name":"Home","item":"https:\/\/audreyhadasecret.com\/"},{"@type":"ListItem","position":2,"name":"Shop","item":"https:\/\/audreyhadasecret.com\/shop\/"},{"@type":"ListItem","position":3,"name":"ELASTIderm\u00ae Eye Cream"}]},{"@type":"WebSite","@id":"https:\/\/audreyhadasecret.com\/#website","url":"https:\/\/audreyhadasecret.com\/","name":"AUDREY HAD A SECRET","description":"Audrey\u2019s world is ever changing. Upon rising she decides who she is going to be that day.","publisher":{"@id":"https:\/\/audreyhadasecret.com\/#organization"},"potentialAction":[{"@type":"SearchAction","target":{"@type":"EntryPoint","urlTemplate":"https:\/\/audreyhadasecret.com\/?s={search_term_string}"},"query-input":"required name=search_term_string"}],"inLanguage":"lt-LT"},{"@type":"Organization","@id":"https:\/\/audreyhadasecret.com\/#organization","name":"AUDREY HAD A SECRET","url":"https:\/\/audreyhadasecret.com\/","logo":{"@type":"ImageObject","inLanguage":"lt-LT","@id":"https:\/\/audreyhadasecret.com\/#\/schema\/logo\/image\/","url":"https:\/\/audreyhadasecret.com\/wp-content\/uploads\/2022\/11\/cropped-AUDREY-HAD-A-SECRET_LOGO_Pozityvas_Pagrindine-versija.png","contentUrl":"https:\/\/audreyhadasecret.com\/wp-content\/uploads\/2022\/11\/cropped-AUDREY-HAD-A-SECRET_LOGO_Pozityvas_Pagrindine-versija.png","width":1757,"height":1043,"caption":"AUDREY HAD A SECRET"},"image":{"@id":"https:\/\/audreyhadasecret.com\/#\/schema\/logo\/image\/"}}]}},"_links":{"self":[{"href":"https:\/\/audreyhadasecret.com\/lt\/wp-json\/wp\/v2\/product\/1871"}],"collection":[{"href":"https:\/\/audreyhadasecret.com\/lt\/wp-json\/wp\/v2\/product"}],"about":[{"href":"https:\/\/audreyhadasecret.com\/lt\/wp-json\/wp\/v2\/types\/product"}],"version-history":[{"count":0,"href":"https:\/\/audreyhadasecret.com\/lt\/wp-json\/wp\/v2\/product\/1871\/revisions"}],"wp:featuredmedia":[{"embeddable":true,"href":"https:\/\/audreyhadasecret.com\/lt\/wp-json\/wp\/v2\/media\/1868"}],"wp:attachment":[{"href":"https:\/\/audreyhadasecret.com\/lt\/wp-json\/wp\/v2\/media?parent=1871"}],"wp:term":[{"taxonomy":"product_cat","embeddable":true,"href":"https:\/\/audreyhadasecret.com\/lt\/wp-json\/wp\/v2\/product_cat?post=1871"},{"taxonomy":"product_tag","embeddable":true,"href":"https:\/\/audreyhadasecret.com\/lt\/wp-json\/wp\/v2\/product_tag?post=1871"}],"curies":[{"name":"wp","href":"https:\/\/api.w.org\/{rel}","templated":true}]}}