{"id":1873,"date":"2023-01-09T19:24:55","date_gmt":"2023-01-09T17:24:55","guid":{"rendered":"https:\/\/audreyhadasecret.com\/?post_type=product&#038;p=1873"},"modified":"2023-02-15T21:43:52","modified_gmt":"2023-02-15T19:43:52","slug":"elastiderm-eye-serum","status":"publish","type":"product","link":"https:\/\/audreyhadasecret.com\/lt\/produktas\/elastiderm-eye-serum\/","title":{"rendered":"ELASTIderm\u00ae paaki\u0173 serumas su kofeinu"},"content":{"rendered":"<p>Aki\u0173 serumas, ma\u017einantis paburkim\u0105<\/p>\n<p>ELASTIderm\u00aeEYE CC SERUM paaki\u0173 serumas su kofeinu skirtas atjauninti ir sustangrinti odai aplink akis. Sud\u0117tyje yra  klini\u0161kai \u012frodyto poveikio  ingredientai, tokie kaip kofeinas, kuris efektyviai ma\u017eina paburkim\u0105 po akimis. Oftalmolog\u0173 patvirtintas produktas.<\/p>\n<p>Odos tipas:<a href=\"https:\/\/www.obagi.com\/medical\/skin-type\/combination-skin\"> Mi\u0161ri oda<\/a>, <a href=\"https:\/\/www.obagi.com\/medical\/skin-type\/dry-skin\">Sausa oda<\/a>, <a href=\"https:\/\/www.obagi.com\/medical\/skin-type\/normal-skin\">normali oda<\/a>, <a href=\"https:\/\/www.obagi.com\/medical\/skin-type\/oily-skin\">riebi oda<\/a><\/p>\n<p>Odos problemos:<a href=\"https:\/\/www.obagi.com\/medical\/skin-concern\/aging-eyes\"> Paaki\u0173 srities odos sen\u0117jimas<\/a>, <a href=\"https:\/\/www.obagi.com\/medical\/skin-concern\/elasticity-sagging-skin\">elastingumo praradimas<\/a>, <a href=\"https:\/\/www.obagi.com\/medical\/skin-concern\/fine-lines-and-wrinkles\">smulkios rauk\u0161lel\u0117s<\/a><\/p>\n<p>Serumas<\/p>\n<ul>\n<li>Dydis 14 ml<\/li>\n<\/ul>\n<p>&nbsp;<\/p>\n<p><strong>I\u0161sami informacija:<\/strong><\/p>\n<p>\u201cELASTIderm\u201d paaki\u0173 serumas ramina od\u0105. Buteliuko gale esan\u010dio metalinio rutuliuko pagalba produktas patogiai paskirstomas ant jautrios paaki\u0173 odos.<\/p>\n<p>&nbsp;<\/p>\n<p>Kofeinas yra antioksidantas, kuris padeda suma\u017einti paburkim\u0105 po akimis, o \u201cELASTIderm\u201d aki\u0173 serumas sujungia \u0161\u012f pagrindin\u012f ingredient\u0105 su \u201cBi-Mineral Contour Complex\u2122, taip  palaikomas odos elastingumas. Kompleksas buvo specialiai sukurtas trims b\u016btiniems sveiko elastino vystymosi.<\/p>\n<p><strong>Mokslas ir inovacijos<\/strong><\/p>\n<p>30 met\u0173 kaupdama mokslo ir inovacij\u0173 palikim\u0105, \"Obagi\" vadovauja permainingiems moksliniams tyrimams, kurie atitinka vis\u0173 odos atspalvi\u0173 ir tip\u0173 poreikius. Mes tikime, kad odos prie\u017ei\u016bra - tai daugiau nei \"taisymas\" ar net \"profilaktika\", tai - viso j\u016bs\u0173 odos potencialo i\u0161laisvinimas. \u0160tai kod\u0117l \"Obagi\" kuriame \u012ftraukian\u010dius produktus, kurie palaiko m\u016bs\u0173 vis\u0173 \u012fvairov\u0119. Tai - moksli\u0161kai pagr\u012fst\u0173, klinikin\u0117s kokyb\u0117s preparat\u0173 k\u016brimas, siekiant skatinti sveik\u0105, \u012f ateit\u012f orientuot\u0105 od\u0105.<\/p>\n<p>&nbsp;<\/p>\n<p>Pagrindiniai ingredientai:<\/p>\n<p>Bi-Mineral Contour Complex\u2122<\/p>\n<p>\u201cBi-Mineral Contour Complex\u201d\u2122 (cinkas ir varis)- tai pa\u017eangi ingredient\u0173 technologija, kurios sud\u0117tyje yra cinkas, varis ir malonatas.<\/p>\n<p>Kofeinas<\/p>\n<p>Caffeine - tai antioksidantas, kuris padeda suma\u017einti paburkim\u0105 po akimis.<\/p>\n<p><u><a href=\"https:\/\/www.obagi.com\/medical\/elastiderm-eye-serum#multiCollapseExample3\">Visi ingredientai:<\/a><\/u><\/p>\n<p>&nbsp;<\/p>\n<p>Water (aqua), dipropylene glycol, ethoxydiglycol, caffeine, malonic acid, zinc, carbonate, arginine, laureth-9, copper, carbonate hydroxide, hydroxyethylcellulose, sodium hydroxide, phenoxyethanol, ethylhexylglycerin<\/p>\n<p><strong>Kaip naudoti:<\/strong><\/p>\n<ul>\n<li>Nuprausus od\u0105, \u0161velniai paved\u017eiokite ELASTIderm paaki\u0173 serumo metalinu rutuliuku aplink akis<\/li>\n<li>Paskirstykite \u0161velniai, kol visi\u0161kai susigers<\/li>\n<li>Geriausiems rezultatams pasiekti, naudokite du kartus per par\u0105- ryte ir vakare.<\/li>\n<\/ul>\n<p><strong>Atsargumo priemon\u0117s:<\/strong><\/p>\n<ul>\n<li>Naudojant \u0161\u012f produkt\u0105, saugokit\u0117s patekimo \u012f akis. Jei vis d\u0117lto pateko, kruop\u0161\u010diai nuplaukite vandeniu<\/li>\n<li>Tik i\u0161oriniam naudojimui<\/li>\n<li>Laikyti vaikams nepasiekiamoje vietoje<\/li>\n<\/ul>\n<p><strong>Laikymo s\u0105lygos:<\/strong><\/p>\n<ul>\n<li>Saugokite nuo tiesiogini\u0173 saul\u0117s spinduli\u0173<\/li>\n<li>Laikyti kambario temperat\u016broje: 15\u00b0\u201325\u00b0C<\/li>\n<\/ul>","protected":false},"excerpt":{"rendered":"<p>ELASTIderm\u00aeEYE CC SERUM paaki\u0173 serumas su kofeinu skirtas atjauninti ir sustangrinti odai aplink akis. Sud\u0117tyje yra  klini\u0161kai \u012frodyto poveikio  ingredientai, tokie kaip kofeinas, kuris efektyviai ma\u017eina paburkim\u0105 po akimis. Oftalmolog\u0173 patvirtintas produktas.<\/p>","protected":false},"featured_media":1867,"template":"","meta":{"site-sidebar-layout":"default","site-content-layout":"default","ast-global-header-display":"","ast-main-header-display":"","ast-hfb-above-header-display":"","ast-hfb-below-header-display":"","ast-hfb-mobile-header-display":"","site-post-title":"","ast-breadcrumbs-content":"","ast-featured-img":"","footer-sml-layout":"","theme-transparent-header-meta":"default","adv-header-id-meta":"","stick-header-meta":"","header-above-stick-meta":"","header-main-stick-meta":"","header-below-stick-meta":""},"product_cat":[16,50],"product_tag":[],"yoast_head":"<!-- This site is optimized with the Yoast SEO plugin v20.11 - https:\/\/yoast.com\/wordpress\/plugins\/seo\/ -->\n<title>ELASTIderm\u00ae Eye Serum - Audrey Had a Secret<\/title>\n<meta name=\"description\" content=\"ELASTIderm\u00ae Eye Serum | Skin Type: Combination Skin, Dry Skin, Normal Skin, Oily Skin | Bi-Mineral Contour Complex\u2122 | Size 0.47 fl oz.\" \/>\n<meta name=\"robots\" content=\"index, follow, max-snippet:-1, max-image-preview:large, max-video-preview:-1\" \/>\n<link rel=\"canonical\" href=\"https:\/\/audreyhadasecret.com\/lt\/produktas\/elastiderm-eye-serum\/\" \/>\n<meta property=\"og:locale\" content=\"lt_LT\" \/>\n<meta property=\"og:type\" content=\"article\" \/>\n<meta property=\"og:title\" content=\"ELASTIderm\u00ae Eye Serum - Audrey Had a Secret\" \/>\n<meta property=\"og:description\" content=\"ELASTIderm\u00ae Eye Serum | Skin Type: Combination Skin, Dry Skin, Normal Skin, Oily Skin | Bi-Mineral Contour Complex\u2122 | Size 0.47 fl oz.\" \/>\n<meta property=\"og:url\" content=\"https:\/\/audreyhadasecret.com\/lt\/produktas\/elastiderm-eye-serum\/\" \/>\n<meta property=\"og:site_name\" content=\"Audrey Had a Secret\" \/>\n<meta property=\"article:modified_time\" content=\"2023-02-15T19:43:52+00:00\" \/>\n<meta property=\"og:image\" content=\"https:\/\/audreyhadasecret.com\/wp-content\/uploads\/2023\/01\/1-Obagi-ELASTIderm-Eye-CC-Serum-14ml.jpg\" \/>\n\t<meta property=\"og:image:width\" content=\"800\" \/>\n\t<meta property=\"og:image:height\" content=\"800\" \/>\n\t<meta property=\"og:image:type\" content=\"image\/jpeg\" \/>\n<meta name=\"twitter:card\" content=\"summary_large_image\" \/>\n<meta name=\"twitter:label1\" content=\"Est. reading time\" \/>\n\t<meta name=\"twitter:data1\" content=\"2 minut\u0117s\" \/>\n<script type=\"application\/ld+json\" class=\"yoast-schema-graph\">{\"@context\":\"https:\/\/schema.org\",\"@graph\":[{\"@type\":\"WebPage\",\"@id\":\"https:\/\/audreyhadasecret.com\/product\/elastiderm-eye-serum\/\",\"url\":\"https:\/\/audreyhadasecret.com\/product\/elastiderm-eye-serum\/\",\"name\":\"ELASTIderm\u00ae Eye Serum - Audrey Had a Secret\",\"isPartOf\":{\"@id\":\"https:\/\/audreyhadasecret.com\/#website\"},\"datePublished\":\"2023-01-09T17:24:55+00:00\",\"dateModified\":\"2023-02-15T19:43:52+00:00\",\"description\":\"ELASTIderm\u00ae Eye Serum | Skin Type: Combination Skin, Dry Skin, Normal Skin, Oily Skin | Bi-Mineral Contour Complex\u2122 | Size 0.47 fl oz.\",\"breadcrumb\":{\"@id\":\"https:\/\/audreyhadasecret.com\/product\/elastiderm-eye-serum\/#breadcrumb\"},\"inLanguage\":\"lt-LT\",\"potentialAction\":[{\"@type\":\"ReadAction\",\"target\":[\"https:\/\/audreyhadasecret.com\/product\/elastiderm-eye-serum\/\"]}]},{\"@type\":\"BreadcrumbList\",\"@id\":\"https:\/\/audreyhadasecret.com\/product\/elastiderm-eye-serum\/#breadcrumb\",\"itemListElement\":[{\"@type\":\"ListItem\",\"position\":1,\"name\":\"Home\",\"item\":\"https:\/\/audreyhadasecret.com\/\"},{\"@type\":\"ListItem\",\"position\":2,\"name\":\"Shop\",\"item\":\"https:\/\/audreyhadasecret.com\/shop\/\"},{\"@type\":\"ListItem\",\"position\":3,\"name\":\"ELASTIderm\u00ae Eye Serum\"}]},{\"@type\":\"WebSite\",\"@id\":\"https:\/\/audreyhadasecret.com\/#website\",\"url\":\"https:\/\/audreyhadasecret.com\/\",\"name\":\"AUDREY HAD A SECRET\",\"description\":\"Audrey\u2019s world is ever changing. Upon rising she decides who she is going to be that day.\",\"publisher\":{\"@id\":\"https:\/\/audreyhadasecret.com\/#organization\"},\"potentialAction\":[{\"@type\":\"SearchAction\",\"target\":{\"@type\":\"EntryPoint\",\"urlTemplate\":\"https:\/\/audreyhadasecret.com\/?s={search_term_string}\"},\"query-input\":\"required name=search_term_string\"}],\"inLanguage\":\"lt-LT\"},{\"@type\":\"Organization\",\"@id\":\"https:\/\/audreyhadasecret.com\/#organization\",\"name\":\"AUDREY HAD A SECRET\",\"url\":\"https:\/\/audreyhadasecret.com\/\",\"logo\":{\"@type\":\"ImageObject\",\"inLanguage\":\"lt-LT\",\"@id\":\"https:\/\/audreyhadasecret.com\/#\/schema\/logo\/image\/\",\"url\":\"https:\/\/audreyhadasecret.com\/wp-content\/uploads\/2022\/11\/cropped-AUDREY-HAD-A-SECRET_LOGO_Pozityvas_Pagrindine-versija.png\",\"contentUrl\":\"https:\/\/audreyhadasecret.com\/wp-content\/uploads\/2022\/11\/cropped-AUDREY-HAD-A-SECRET_LOGO_Pozityvas_Pagrindine-versija.png\",\"width\":1757,\"height\":1043,\"caption\":\"AUDREY HAD A SECRET\"},\"image\":{\"@id\":\"https:\/\/audreyhadasecret.com\/#\/schema\/logo\/image\/\"}}]}<\/script>\n<!-- \/ Yoast SEO plugin. -->","yoast_head_json":{"title":"ELASTIderm\u00ae Eye Serum - Audrey Had a Secret","description":"ELASTIderm\u00ae Eye Serum | Skin Type: Combination Skin, Dry Skin, Normal Skin, Oily Skin | Bi-Mineral Contour Complex\u2122 | Size 0.47 fl oz.","robots":{"index":"index","follow":"follow","max-snippet":"max-snippet:-1","max-image-preview":"max-image-preview:large","max-video-preview":"max-video-preview:-1"},"canonical":"https:\/\/audreyhadasecret.com\/lt\/produktas\/elastiderm-eye-serum\/","og_locale":"lt_LT","og_type":"article","og_title":"ELASTIderm\u00ae Eye Serum - Audrey Had a Secret","og_description":"ELASTIderm\u00ae Eye Serum | Skin Type: Combination Skin, Dry Skin, Normal Skin, Oily Skin | Bi-Mineral Contour Complex\u2122 | Size 0.47 fl oz.","og_url":"https:\/\/audreyhadasecret.com\/lt\/produktas\/elastiderm-eye-serum\/","og_site_name":"Audrey Had a Secret","article_modified_time":"2023-02-15T19:43:52+00:00","og_image":[{"width":800,"height":800,"url":"https:\/\/audreyhadasecret.com\/wp-content\/uploads\/2023\/01\/1-Obagi-ELASTIderm-Eye-CC-Serum-14ml.jpg","type":"image\/jpeg"}],"twitter_card":"summary_large_image","twitter_misc":{"Est. reading time":"2 minut\u0117s"},"schema":{"@context":"https:\/\/schema.org","@graph":[{"@type":"WebPage","@id":"https:\/\/audreyhadasecret.com\/product\/elastiderm-eye-serum\/","url":"https:\/\/audreyhadasecret.com\/product\/elastiderm-eye-serum\/","name":"ELASTIderm\u00ae Eye Serum - Audrey Had a Secret","isPartOf":{"@id":"https:\/\/audreyhadasecret.com\/#website"},"datePublished":"2023-01-09T17:24:55+00:00","dateModified":"2023-02-15T19:43:52+00:00","description":"ELASTIderm\u00ae Eye Serum | Skin Type: Combination Skin, Dry Skin, Normal Skin, Oily Skin | Bi-Mineral Contour Complex\u2122 | Size 0.47 fl oz.","breadcrumb":{"@id":"https:\/\/audreyhadasecret.com\/product\/elastiderm-eye-serum\/#breadcrumb"},"inLanguage":"lt-LT","potentialAction":[{"@type":"ReadAction","target":["https:\/\/audreyhadasecret.com\/product\/elastiderm-eye-serum\/"]}]},{"@type":"BreadcrumbList","@id":"https:\/\/audreyhadasecret.com\/product\/elastiderm-eye-serum\/#breadcrumb","itemListElement":[{"@type":"ListItem","position":1,"name":"Home","item":"https:\/\/audreyhadasecret.com\/"},{"@type":"ListItem","position":2,"name":"Shop","item":"https:\/\/audreyhadasecret.com\/shop\/"},{"@type":"ListItem","position":3,"name":"ELASTIderm\u00ae Eye Serum"}]},{"@type":"WebSite","@id":"https:\/\/audreyhadasecret.com\/#website","url":"https:\/\/audreyhadasecret.com\/","name":"AUDREY HAD A SECRET","description":"Audrey\u2019s world is ever changing. Upon rising she decides who she is going to be that day.","publisher":{"@id":"https:\/\/audreyhadasecret.com\/#organization"},"potentialAction":[{"@type":"SearchAction","target":{"@type":"EntryPoint","urlTemplate":"https:\/\/audreyhadasecret.com\/?s={search_term_string}"},"query-input":"required name=search_term_string"}],"inLanguage":"lt-LT"},{"@type":"Organization","@id":"https:\/\/audreyhadasecret.com\/#organization","name":"AUDREY HAD A SECRET","url":"https:\/\/audreyhadasecret.com\/","logo":{"@type":"ImageObject","inLanguage":"lt-LT","@id":"https:\/\/audreyhadasecret.com\/#\/schema\/logo\/image\/","url":"https:\/\/audreyhadasecret.com\/wp-content\/uploads\/2022\/11\/cropped-AUDREY-HAD-A-SECRET_LOGO_Pozityvas_Pagrindine-versija.png","contentUrl":"https:\/\/audreyhadasecret.com\/wp-content\/uploads\/2022\/11\/cropped-AUDREY-HAD-A-SECRET_LOGO_Pozityvas_Pagrindine-versija.png","width":1757,"height":1043,"caption":"AUDREY HAD A SECRET"},"image":{"@id":"https:\/\/audreyhadasecret.com\/#\/schema\/logo\/image\/"}}]}},"_links":{"self":[{"href":"https:\/\/audreyhadasecret.com\/lt\/wp-json\/wp\/v2\/product\/1873"}],"collection":[{"href":"https:\/\/audreyhadasecret.com\/lt\/wp-json\/wp\/v2\/product"}],"about":[{"href":"https:\/\/audreyhadasecret.com\/lt\/wp-json\/wp\/v2\/types\/product"}],"version-history":[{"count":0,"href":"https:\/\/audreyhadasecret.com\/lt\/wp-json\/wp\/v2\/product\/1873\/revisions"}],"wp:featuredmedia":[{"embeddable":true,"href":"https:\/\/audreyhadasecret.com\/lt\/wp-json\/wp\/v2\/media\/1867"}],"wp:attachment":[{"href":"https:\/\/audreyhadasecret.com\/lt\/wp-json\/wp\/v2\/media?parent=1873"}],"wp:term":[{"taxonomy":"product_cat","embeddable":true,"href":"https:\/\/audreyhadasecret.com\/lt\/wp-json\/wp\/v2\/product_cat?post=1873"},{"taxonomy":"product_tag","embeddable":true,"href":"https:\/\/audreyhadasecret.com\/lt\/wp-json\/wp\/v2\/product_tag?post=1873"}],"curies":[{"name":"wp","href":"https:\/\/api.w.org\/{rel}","templated":true}]}}