{"id":1877,"date":"2023-01-09T19:28:21","date_gmt":"2023-01-09T17:28:21","guid":{"rendered":"https:\/\/audreyhadasecret.com\/?post_type=product&#038;p=1877"},"modified":"2023-02-15T21:43:51","modified_gmt":"2023-02-15T19:43:51","slug":"hydrafactor-broad-spectrum-spf-30","status":"publish","type":"product","link":"https:\/\/audreyhadasecret.com\/lt\/produktas\/hydrafactor-broad-spectrum-spf-30\/","title":{"rendered":"OBAGI HydraFactor\u00ae Broad Spectrum dr\u0117kinantis kremas su SPF30"},"content":{"rendered":"<p>Dvigubos funkcijos dr\u0117kinamasis ir plataus spektro SPF 30 kremas<\/p>\n<p>Dviej\u0173 funkcij\u0173 dr\u0117kinamasis kremas su raminan\u010diomis sudedamosiomis dalimis ir plataus spektro SPF 30 apsauga nuo saul\u0117s, padedan\u010dia i\u0161vengti UVA ir UVB spinduli\u0173 daromos \u017ealos odai.<\/p>\n<p>Odos tipas:<a href=\"https:\/\/www.obagi.com\/medical\/skin-type\/dry-skin\"> Sausa oda<\/a><\/p>\n<p>Odos problemos:<a href=\"https:\/\/www.obagi.com\/medical\/skin-concern\/dehydrated-skin\"> Dehidratuota oda<\/a><\/p>\n<p>Apsauga nuo saul\u0117s<\/p>\n<ul>\n<li>Dydis 75 g<\/li>\n<\/ul>\n<p>&nbsp;<\/p>\n<p><strong>I\u0161sami informacija:<\/strong><\/p>\n<p>\"HydraFactor\" plataus spektro SPF 30 - tai dr\u0117kinamasis kremas ir apsauginis kremas nuo saul\u0117s, suteikiantis dr\u0117kinam\u0173j\u0173 ir raminam\u0173j\u0173 med\u017eiag\u0173 bei apsaug\u0105 nuo UV spinduli\u0173.<\/p>\n<p>&nbsp;<\/p>\n<p>Hypoallergenic, non-comedogenic, non-acnegenic, dermatologist tested.<\/p>\n<p><strong>Mokslas ir inovacijos<\/strong><\/p>\n<p>30 met\u0173 kaupdama mokslo ir inovacij\u0173 palikim\u0105, \"Obagi\" vadovauja permainingiems moksliniams tyrimams, kurie atitinka vis\u0173 odos atspalvi\u0173 ir tip\u0173 poreikius. Mes tikime, kad odos prie\u017ei\u016bra - tai daugiau nei \"taisymas\" ar net \"profilaktika\", tai - viso j\u016bs\u0173 odos potencialo i\u0161laisvinimas. \u0160tai kod\u0117l \"Obagi\" kuriame \u012ftraukian\u010dius produktus, kurie palaiko m\u016bs\u0173 vis\u0173 \u012fvairov\u0119. Tai - moksli\u0161kai pagr\u012fst\u0173, klinikin\u0117s kokyb\u0117s preparat\u0173 k\u016brimas, siekiant skatinti sveik\u0105, \u012f ateit\u012f orientuot\u0105 od\u0105.<\/p>\n<p><strong>Pagrindiniai ingredientai:<\/strong><\/p>\n<p><strong>Avobenzone 1%, Octinoxate 7.5%, Octisalate 5%, Oxybenzone 5%<\/strong><\/p>\n<p>&nbsp;<\/p>\n<p>\u0160ios sudedamosios dalys yra apsaugin\u0117s med\u017eiagos nuo saul\u0117s, naudojamos pirminei odos apsaugai nuo UVB saul\u0117s spinduli\u0173.<\/p>\n<p><u><a href=\"https:\/\/www.obagi.com\/medical\/obagi360-hydrafactor-broad-spectrum-spf-30#multiCollapseExample3\">Visi ingredientai:<\/a><\/u><\/p>\n<p>&nbsp;<\/p>\n<p>Active Ingredients:<br \/>\nAvobenzone 1%, Octinoxate 7.5%, Octisalate 5%, Oxybenzone 5%<\/p>\n<p>Inactive Ingredients:<br \/>\nwater (aqua), C12-15 alkyl benzoate, butyloctyl salicylate, glycerin, sodium hyaluronate, eperua falcata bark extract, dextrin, polysorbate 20, hydrolyzed caesalpinia spinosa gum, caesalpinia spinosa gum, sodium hydroxide, carbomer, acrylates\/C10-30 alkyl acrylate crosspolymer, caprylyl glycol, disodium EDTA, hexylene glycol, pichia\/resveratrol ferment extract, sorbitan oleate, tocopheryl acetate, ubiquinone, phenoxyethanol, ethylhexylglycerin<\/p>\n<p><strong>Kaip naudoti:<\/strong><\/p>\n<ul>\n<li>U\u017etepti ir paskirstyti ant veido 15 minu\u010di\u0173 prie\u0161 saul\u0117s poveik\u012f ir kartoti kai reikia<\/li>\n<li>Naudokite vandeniui atspari\u0105 apsaug\u0105 nuo saul\u0117s, jei maudot\u0117s ar gausiai prakaituojate<\/li>\n<li>Pakartotinai  tepkite bent kas 2 valandas<\/li>\n<li>Vaikams iki 6 m\u0117nesi\u0173 am\u017eiaus: kreipkit\u0117s \u012f gydytoj\u0105.<\/li>\n<\/ul>\n<p><strong>Atsargumo priemon\u0117s:<\/strong><\/p>\n<ul>\n<li>Naudojant plataus spektro apsaugos nuo saul\u0117s SPF 30 ar daugiau, taip pat d\u0117vint apsauginius drabu\u017eius nuo saul\u0117s, vengiant saul\u0117s tarp 10 val. ir 14 val., gali pad\u0117ti suma\u017einti ankstyvo odos sen\u0117jimo rizik\u0105.<\/li>\n<\/ul>\n<p><strong>Laikymo s\u0105lygos:<\/strong><\/p>\n<ul>\n<li>Laikyti kambario temperat\u016broje: 15\u00b0\u201325\u00b0C<\/li>\n<li>Saugokite \u0161\u012f gamin\u012f nuo per didelio kar\u0161\u010dio ir tiesiogin\u0117s saul\u0117s spinduli\u0173<\/li>\n<\/ul>","protected":false},"excerpt":{"rendered":"<p>Dvigubos funkcijos dr\u0117kinamasis ir plataus spektro SPF 30 kremas<\/p>\n<p>Dviej\u0173 funkcij\u0173 dr\u0117kinamasis kremas su raminan\u010diomis sudedamosiomis dalimis ir plataus spektro SPF 30 apsauga nuo saul\u0117s, padedan\u010dia i\u0161vengti UVA ir UVB spinduli\u0173 daromos \u017ealos odai.<\/p>","protected":false},"featured_media":1857,"template":"","meta":{"site-sidebar-layout":"default","site-content-layout":"default","ast-global-header-display":"","ast-main-header-display":"","ast-hfb-above-header-display":"","ast-hfb-below-header-display":"","ast-hfb-mobile-header-display":"","site-post-title":"","ast-breadcrumbs-content":"","ast-featured-img":"","footer-sml-layout":"","theme-transparent-header-meta":"default","adv-header-id-meta":"","stick-header-meta":"","header-above-stick-meta":"","header-main-stick-meta":"","header-below-stick-meta":""},"product_cat":[16,50],"product_tag":[],"yoast_head":"<!-- This site is optimized with the Yoast SEO plugin v20.11 - https:\/\/yoast.com\/wordpress\/plugins\/seo\/ -->\n<title>HydraFactor\u00ae Broad Spectrum SPF 30 - Audrey Had a Secret<\/title>\n<meta name=\"description\" content=\"HydraFactor\u00ae Broad Spectrum SPF 30 | Skin Type: Dry Skin | Skin Concerns: Dehydrated Skin | Avobenzone 1%, Octinoxate 7.5%, Octisalate 5%, Oxybenzone 5%\" \/>\n<meta name=\"robots\" content=\"index, follow, max-snippet:-1, max-image-preview:large, max-video-preview:-1\" \/>\n<link rel=\"canonical\" href=\"https:\/\/audreyhadasecret.com\/lt\/produktas\/hydrafactor-broad-spectrum-spf-30\/\" \/>\n<meta property=\"og:locale\" content=\"lt_LT\" \/>\n<meta property=\"og:type\" content=\"article\" \/>\n<meta property=\"og:title\" content=\"HydraFactor\u00ae Broad Spectrum SPF 30 - Audrey Had a Secret\" \/>\n<meta property=\"og:description\" content=\"HydraFactor\u00ae Broad Spectrum SPF 30 | Skin Type: Dry Skin | Skin Concerns: Dehydrated Skin | Avobenzone 1%, Octinoxate 7.5%, Octisalate 5%, Oxybenzone 5%\" \/>\n<meta property=\"og:url\" content=\"https:\/\/audreyhadasecret.com\/lt\/produktas\/hydrafactor-broad-spectrum-spf-30\/\" \/>\n<meta property=\"og:site_name\" content=\"Audrey Had a Secret\" \/>\n<meta property=\"article:modified_time\" content=\"2023-02-15T19:43:51+00:00\" \/>\n<meta property=\"og:image\" content=\"https:\/\/audreyhadasecret.com\/wp-content\/uploads\/2023\/01\/1-Obagi360-HydraFactor_-Broad-Spectrum-SPF-30-75gr.jpg\" \/>\n\t<meta property=\"og:image:width\" content=\"800\" \/>\n\t<meta property=\"og:image:height\" content=\"800\" \/>\n\t<meta property=\"og:image:type\" content=\"image\/jpeg\" \/>\n<meta name=\"twitter:card\" content=\"summary_large_image\" \/>\n<meta name=\"twitter:label1\" content=\"Est. reading time\" \/>\n\t<meta name=\"twitter:data1\" content=\"2 minut\u0117s\" \/>\n<script type=\"application\/ld+json\" class=\"yoast-schema-graph\">{\"@context\":\"https:\/\/schema.org\",\"@graph\":[{\"@type\":\"WebPage\",\"@id\":\"https:\/\/audreyhadasecret.com\/product\/hydrafactor-broad-spectrum-spf-30\/\",\"url\":\"https:\/\/audreyhadasecret.com\/product\/hydrafactor-broad-spectrum-spf-30\/\",\"name\":\"HydraFactor\u00ae Broad Spectrum SPF 30 - Audrey Had a Secret\",\"isPartOf\":{\"@id\":\"https:\/\/audreyhadasecret.com\/#website\"},\"datePublished\":\"2023-01-09T17:28:21+00:00\",\"dateModified\":\"2023-02-15T19:43:51+00:00\",\"description\":\"HydraFactor\u00ae Broad Spectrum SPF 30 | Skin Type: Dry Skin | Skin Concerns: Dehydrated Skin | Avobenzone 1%, Octinoxate 7.5%, Octisalate 5%, Oxybenzone 5%\",\"breadcrumb\":{\"@id\":\"https:\/\/audreyhadasecret.com\/product\/hydrafactor-broad-spectrum-spf-30\/#breadcrumb\"},\"inLanguage\":\"lt-LT\",\"potentialAction\":[{\"@type\":\"ReadAction\",\"target\":[\"https:\/\/audreyhadasecret.com\/product\/hydrafactor-broad-spectrum-spf-30\/\"]}]},{\"@type\":\"BreadcrumbList\",\"@id\":\"https:\/\/audreyhadasecret.com\/product\/hydrafactor-broad-spectrum-spf-30\/#breadcrumb\",\"itemListElement\":[{\"@type\":\"ListItem\",\"position\":1,\"name\":\"Home\",\"item\":\"https:\/\/audreyhadasecret.com\/\"},{\"@type\":\"ListItem\",\"position\":2,\"name\":\"Shop\",\"item\":\"https:\/\/audreyhadasecret.com\/shop\/\"},{\"@type\":\"ListItem\",\"position\":3,\"name\":\"HydraFactor\u00ae Broad Spectrum SPF 30\"}]},{\"@type\":\"WebSite\",\"@id\":\"https:\/\/audreyhadasecret.com\/#website\",\"url\":\"https:\/\/audreyhadasecret.com\/\",\"name\":\"AUDREY HAD A SECRET\",\"description\":\"Audrey\u2019s world is ever changing. Upon rising she decides who she is going to be that day.\",\"publisher\":{\"@id\":\"https:\/\/audreyhadasecret.com\/#organization\"},\"potentialAction\":[{\"@type\":\"SearchAction\",\"target\":{\"@type\":\"EntryPoint\",\"urlTemplate\":\"https:\/\/audreyhadasecret.com\/?s={search_term_string}\"},\"query-input\":\"required name=search_term_string\"}],\"inLanguage\":\"lt-LT\"},{\"@type\":\"Organization\",\"@id\":\"https:\/\/audreyhadasecret.com\/#organization\",\"name\":\"AUDREY HAD A SECRET\",\"url\":\"https:\/\/audreyhadasecret.com\/\",\"logo\":{\"@type\":\"ImageObject\",\"inLanguage\":\"lt-LT\",\"@id\":\"https:\/\/audreyhadasecret.com\/#\/schema\/logo\/image\/\",\"url\":\"https:\/\/audreyhadasecret.com\/wp-content\/uploads\/2022\/11\/cropped-AUDREY-HAD-A-SECRET_LOGO_Pozityvas_Pagrindine-versija.png\",\"contentUrl\":\"https:\/\/audreyhadasecret.com\/wp-content\/uploads\/2022\/11\/cropped-AUDREY-HAD-A-SECRET_LOGO_Pozityvas_Pagrindine-versija.png\",\"width\":1757,\"height\":1043,\"caption\":\"AUDREY HAD A SECRET\"},\"image\":{\"@id\":\"https:\/\/audreyhadasecret.com\/#\/schema\/logo\/image\/\"}}]}<\/script>\n<!-- \/ Yoast SEO plugin. -->","yoast_head_json":{"title":"HydraFactor\u00ae Broad Spectrum SPF 30 - Audrey Had a Secret","description":"HydraFactor\u00ae Broad Spectrum SPF 30 | Skin Type: Dry Skin | Skin Concerns: Dehydrated Skin | Avobenzone 1%, Octinoxate 7.5%, Octisalate 5%, Oxybenzone 5%","robots":{"index":"index","follow":"follow","max-snippet":"max-snippet:-1","max-image-preview":"max-image-preview:large","max-video-preview":"max-video-preview:-1"},"canonical":"https:\/\/audreyhadasecret.com\/lt\/produktas\/hydrafactor-broad-spectrum-spf-30\/","og_locale":"lt_LT","og_type":"article","og_title":"HydraFactor\u00ae Broad Spectrum SPF 30 - Audrey Had a Secret","og_description":"HydraFactor\u00ae Broad Spectrum SPF 30 | Skin Type: Dry Skin | Skin Concerns: Dehydrated Skin | Avobenzone 1%, Octinoxate 7.5%, Octisalate 5%, Oxybenzone 5%","og_url":"https:\/\/audreyhadasecret.com\/lt\/produktas\/hydrafactor-broad-spectrum-spf-30\/","og_site_name":"Audrey Had a Secret","article_modified_time":"2023-02-15T19:43:51+00:00","og_image":[{"width":800,"height":800,"url":"https:\/\/audreyhadasecret.com\/wp-content\/uploads\/2023\/01\/1-Obagi360-HydraFactor_-Broad-Spectrum-SPF-30-75gr.jpg","type":"image\/jpeg"}],"twitter_card":"summary_large_image","twitter_misc":{"Est. reading time":"2 minut\u0117s"},"schema":{"@context":"https:\/\/schema.org","@graph":[{"@type":"WebPage","@id":"https:\/\/audreyhadasecret.com\/product\/hydrafactor-broad-spectrum-spf-30\/","url":"https:\/\/audreyhadasecret.com\/product\/hydrafactor-broad-spectrum-spf-30\/","name":"HydraFactor\u00ae Broad Spectrum SPF 30 - Audrey Had a Secret","isPartOf":{"@id":"https:\/\/audreyhadasecret.com\/#website"},"datePublished":"2023-01-09T17:28:21+00:00","dateModified":"2023-02-15T19:43:51+00:00","description":"HydraFactor\u00ae Broad Spectrum SPF 30 | Skin Type: Dry Skin | Skin Concerns: Dehydrated Skin | Avobenzone 1%, Octinoxate 7.5%, Octisalate 5%, Oxybenzone 5%","breadcrumb":{"@id":"https:\/\/audreyhadasecret.com\/product\/hydrafactor-broad-spectrum-spf-30\/#breadcrumb"},"inLanguage":"lt-LT","potentialAction":[{"@type":"ReadAction","target":["https:\/\/audreyhadasecret.com\/product\/hydrafactor-broad-spectrum-spf-30\/"]}]},{"@type":"BreadcrumbList","@id":"https:\/\/audreyhadasecret.com\/product\/hydrafactor-broad-spectrum-spf-30\/#breadcrumb","itemListElement":[{"@type":"ListItem","position":1,"name":"Home","item":"https:\/\/audreyhadasecret.com\/"},{"@type":"ListItem","position":2,"name":"Shop","item":"https:\/\/audreyhadasecret.com\/shop\/"},{"@type":"ListItem","position":3,"name":"HydraFactor\u00ae Broad Spectrum SPF 30"}]},{"@type":"WebSite","@id":"https:\/\/audreyhadasecret.com\/#website","url":"https:\/\/audreyhadasecret.com\/","name":"AUDREY HAD A SECRET","description":"Audrey\u2019s world is ever changing. Upon rising she decides who she is going to be that day.","publisher":{"@id":"https:\/\/audreyhadasecret.com\/#organization"},"potentialAction":[{"@type":"SearchAction","target":{"@type":"EntryPoint","urlTemplate":"https:\/\/audreyhadasecret.com\/?s={search_term_string}"},"query-input":"required name=search_term_string"}],"inLanguage":"lt-LT"},{"@type":"Organization","@id":"https:\/\/audreyhadasecret.com\/#organization","name":"AUDREY HAD A SECRET","url":"https:\/\/audreyhadasecret.com\/","logo":{"@type":"ImageObject","inLanguage":"lt-LT","@id":"https:\/\/audreyhadasecret.com\/#\/schema\/logo\/image\/","url":"https:\/\/audreyhadasecret.com\/wp-content\/uploads\/2022\/11\/cropped-AUDREY-HAD-A-SECRET_LOGO_Pozityvas_Pagrindine-versija.png","contentUrl":"https:\/\/audreyhadasecret.com\/wp-content\/uploads\/2022\/11\/cropped-AUDREY-HAD-A-SECRET_LOGO_Pozityvas_Pagrindine-versija.png","width":1757,"height":1043,"caption":"AUDREY HAD A SECRET"},"image":{"@id":"https:\/\/audreyhadasecret.com\/#\/schema\/logo\/image\/"}}]}},"_links":{"self":[{"href":"https:\/\/audreyhadasecret.com\/lt\/wp-json\/wp\/v2\/product\/1877"}],"collection":[{"href":"https:\/\/audreyhadasecret.com\/lt\/wp-json\/wp\/v2\/product"}],"about":[{"href":"https:\/\/audreyhadasecret.com\/lt\/wp-json\/wp\/v2\/types\/product"}],"version-history":[{"count":0,"href":"https:\/\/audreyhadasecret.com\/lt\/wp-json\/wp\/v2\/product\/1877\/revisions"}],"wp:featuredmedia":[{"embeddable":true,"href":"https:\/\/audreyhadasecret.com\/lt\/wp-json\/wp\/v2\/media\/1857"}],"wp:attachment":[{"href":"https:\/\/audreyhadasecret.com\/lt\/wp-json\/wp\/v2\/media?parent=1877"}],"wp:term":[{"taxonomy":"product_cat","embeddable":true,"href":"https:\/\/audreyhadasecret.com\/lt\/wp-json\/wp\/v2\/product_cat?post=1877"},{"taxonomy":"product_tag","embeddable":true,"href":"https:\/\/audreyhadasecret.com\/lt\/wp-json\/wp\/v2\/product_tag?post=1877"}],"curies":[{"name":"wp","href":"https:\/\/api.w.org\/{rel}","templated":true}]}}