{"id":1879,"date":"2023-01-09T19:29:26","date_gmt":"2023-01-09T17:29:26","guid":{"rendered":"https:\/\/audreyhadasecret.com\/?post_type=product&#038;p=1879"},"modified":"2023-02-15T21:43:50","modified_gmt":"2023-02-15T19:43:50","slug":"obagi-hydrate-luxe","status":"publish","type":"product","link":"https:\/\/audreyhadasecret.com\/lt\/produktas\/obagi-hydrate-luxe\/","title":{"rendered":"OBAGI HYDRATE LUXE intensyviai dr\u0117kinantis kremas su hidromanilu"},"content":{"rendered":"<p>Intensyviai dr\u0117kinantis kremas<\/p>\n<p>\"Obagi Hydrate Luxe\" sud\u0117tyje yra specialiai sukurt\u0173 pagrindini\u0173 biomimetini\u0173 peptid\u0173. \u0160is nekomedogeninis dr\u0117kinamasis kremas per nakt\u012f itin gausiai dr\u0117kina ir yra prabangios, balzam\u0105 primenan\u010dios tekst\u016bros.<\/p>\n<p>Pagrindin\u0117 nauda<\/p>\n<ul>\n<li>Suteikia svarb\u0173 dr\u0117kinim\u0105 ir atjauninim\u0105, ypa\u010d itin sausai odai.<\/li>\n<li>Skirtas \u012fvairiems odos tipams, kad padidint\u0173 odos lygum\u0105.<\/li>\n<\/ul>\n<p>Odos tipas:<a href=\"https:\/\/www.obagi.com\/medical\/skin-type\/combination-skin\"> Mi\u0161ri oda<\/a>, <a href=\"https:\/\/www.obagi.com\/medical\/skin-type\/dry-skin\">Sausa oda<\/a>, <a href=\"https:\/\/www.obagi.com\/medical\/skin-type\/normal-skin\">normali oda<\/a>, <a href=\"https:\/\/www.obagi.com\/medical\/skin-type\/oily-skin\">riebi oda<\/a><\/p>\n<p>Odos problemos:<a href=\"https:\/\/www.obagi.com\/medical\/skin-concern\/dehydrated-skin\"> Dehidratuota oda<\/a><\/p>\n<p>Kremas<\/p>\n<ul>\n<li>Dydis 48 g<\/li>\n<\/ul>\n<p>&nbsp;<\/p>\n<p><strong>I\u0161sami informacija:<\/strong><\/p>\n<p>\"Obagi Hydrate Luxe\" akimirksniu suteikia ilgalaik\u012f dr\u0117kinim\u0105, kuris yra b\u016btinas dr\u0117kinimui ir atjauninimui. Jo sud\u0117tyje yra unikali formul\u0117, kurioje panaudota naujovi\u0161ka technologija, vadinama Hydromanil.<\/p>\n<p>&nbsp;<\/p>\n<p>\"Hydromanil\" sulaiko vanden\u012f ir asimiliuoja j\u012f \u012f od\u0105 i\u0161 karto ir ilgainiui d\u0117l pa\u017eangaus daugiakapiliarinio proceso, tod\u0117l oda reaguoja du kartus: suma\u017e\u0117ja vandens netekimas odos pavir\u0161iuje ir nuolat i\u0161siskiria aktyv\u016bs dr\u0117kinamieji ir vanden\u012f sulaikantys junginiai. Taip u\u017etikrinamas ilgalaikis dr\u0117kinimas, kur\u012f papildo papildomi dr\u0117kinamieji ingredientai, tokie kaip taukmed\u017eio sviestas, mang\u0173 sviestas, avokad\u0173 sviestas ir glicerinas, dar labiau padedantys kovoti su sausumu.<\/p>\n<p><strong>Mokslas ir inovacijos<\/strong><\/p>\n<p>30 met\u0173 kaupdama mokslo ir inovacij\u0173 palikim\u0105, \"Obagi\" vadovauja permainingiems moksliniams tyrimams, kurie atitinka vis\u0173 odos atspalvi\u0173 ir tip\u0173 poreikius. Mes tikime, kad odos prie\u017ei\u016bra - tai daugiau nei \"taisymas\" ar net \"profilaktika\", tai - viso j\u016bs\u0173 odos potencialo i\u0161laisvinimas. \u0160tai kod\u0117l \"Obagi\" kuriame \u012ftraukian\u010dius produktus, kurie palaiko m\u016bs\u0173 vis\u0173 \u012fvairov\u0119. Tai - moksli\u0161kai pagr\u012fst\u0173, klinikin\u0117s kokyb\u0117s preparat\u0173 k\u016brimas, siekiant skatinti sveik\u0105, \u012f ateit\u012f orientuot\u0105 od\u0105.<\/p>\n<p><strong>Pagrindiniai ingredientai:<\/strong><\/p>\n<p>Hydromanil<\/p>\n<p>\"Hydromanil\" matricos molekul\u0117s sulaiko dr\u0117gm\u0119 ir apsaugo nuo vandens netekimo. \u0160i technologija pagerina odos i\u0161vaizd\u0105 ir tekst\u016br\u0105, nes leid\u017eia epidermiui i\u0161likti hidratuotam ir i\u0161laikyti dr\u0117gm\u0119.<\/p>\n<p><u><a href=\"https:\/\/www.obagi.com\/medical\/hydrate-luxe#multiCollapseExample3\">Visi ingredientai:<\/a><\/u><\/p>\n<p>&nbsp;<\/p>\n<p>Water (aqua), glycerin, caprylic\/capric triglyceride, butyrospermum parkii (shea) butter, polysilicone-11, cyclopentasiloxane, glyceryl stearate, stearic acid, saccharide isomerate, cetyl alcohol, dimethicone, glycine soja (soybean) sterols, persea gratissima (avocado) oil, hydrolyzed soybean fiber, mangifera indica (mango) seed butter, hydrolyzed caesalpinia spinosa gum, caesalpinia spinosa gum, sodium stearoyl glutamate, caprylyl glycol, bisabolol, allantoin, tocopherol, tetrahydrodiferuloylmethane, panthenol, carbomer, hexylene glycol, sodium hydroxide, laureth-12, ethylhexylglycerin, phenoxyethanol, dextran, tripeptide-1, caprooyl tetrapeptide-3, fragrance<\/p>\n<p>&nbsp;<\/p>\n<p><strong>Kaip naudoti:<\/strong><\/p>\n<p>Tepkite veid\u0105 vakare kaip naktin\u0117s odos prie\u017ei\u016bros proced\u016bros dal\u012f.<\/p>\n<p><strong>Atsargumo priemon\u0117s:<\/strong><\/p>\n<ul>\n<li>Saugoti, kad nepatekt\u0173 \u012f akis. Jei taip atsitiko, kruop\u0161\u010diai nuplaukite vandeniu<\/li>\n<li>Tik i\u0161oriniam naudojimui<\/li>\n<li>Laikyti vaikams nepasiekiamoje vietoje<\/li>\n<\/ul>\n<p><strong>Laikymo s\u0105lygos:<\/strong><\/p>\n<ul>\n<li>Laikyti kambario temperat\u016broje: 15\u00b0\u201325\u00b0C<\/li>\n<li>Saugokite nuo tiesiogini\u0173 saul\u0117s spinduli\u0173<\/li>\n<\/ul>","protected":false},"excerpt":{"rendered":"<p>\"Obagi Hydrate Luxe\" sud\u0117tyje yra specialiai sukurt\u0173 pagrindini\u0173 biomimetini\u0173 peptid\u0173. \u0160is nekomedogeninis dr\u0117kinamasis kremas per nakt\u012f itin gausiai dr\u0117kina ir yra prabangios, balzam\u0105 primenan\u010dios tekst\u016bros.<\/p>","protected":false},"featured_media":1864,"template":"","meta":{"site-sidebar-layout":"default","site-content-layout":"default","ast-global-header-display":"","ast-main-header-display":"","ast-hfb-above-header-display":"","ast-hfb-below-header-display":"","ast-hfb-mobile-header-display":"","site-post-title":"","ast-breadcrumbs-content":"","ast-featured-img":"","footer-sml-layout":"","theme-transparent-header-meta":"default","adv-header-id-meta":"","stick-header-meta":"","header-above-stick-meta":"","header-main-stick-meta":"","header-below-stick-meta":""},"product_cat":[16,50],"product_tag":[],"yoast_head":"<!-- This site is optimized with the Yoast SEO plugin v20.11 - https:\/\/yoast.com\/wordpress\/plugins\/seo\/ -->\n<title>Obagi Hydrate Luxe\u00ae - Audrey Had a Secret<\/title>\n<meta name=\"description\" content=\"Obagi Hydrate Luxe\u00ae | Ultra-rich moisturizing cream | Skin Type: Combination Skin, Dry Skin, Normal Skin, Oily Skin | Size 1.7 oz.\" \/>\n<meta name=\"robots\" content=\"index, follow, max-snippet:-1, max-image-preview:large, max-video-preview:-1\" \/>\n<link rel=\"canonical\" href=\"https:\/\/audreyhadasecret.com\/lt\/produktas\/obagi-hydrate-luxe\/\" \/>\n<meta property=\"og:locale\" content=\"lt_LT\" \/>\n<meta property=\"og:type\" content=\"article\" \/>\n<meta property=\"og:title\" content=\"Obagi Hydrate Luxe\u00ae - Audrey Had a Secret\" \/>\n<meta property=\"og:description\" content=\"Obagi Hydrate Luxe\u00ae | Ultra-rich moisturizing cream | Skin Type: Combination Skin, Dry Skin, Normal Skin, Oily Skin | Size 1.7 oz.\" \/>\n<meta property=\"og:url\" content=\"https:\/\/audreyhadasecret.com\/lt\/produktas\/obagi-hydrate-luxe\/\" \/>\n<meta property=\"og:site_name\" content=\"Audrey Had a Secret\" \/>\n<meta property=\"article:modified_time\" content=\"2023-02-15T19:43:50+00:00\" \/>\n<meta property=\"og:image\" content=\"https:\/\/audreyhadasecret.com\/wp-content\/uploads\/2023\/01\/1-Obagi-Hydrate-Luxe_-48gr.jpg\" \/>\n\t<meta property=\"og:image:width\" content=\"800\" \/>\n\t<meta property=\"og:image:height\" content=\"800\" \/>\n\t<meta property=\"og:image:type\" content=\"image\/jpeg\" \/>\n<meta name=\"twitter:card\" content=\"summary_large_image\" \/>\n<meta name=\"twitter:label1\" content=\"Est. reading time\" \/>\n\t<meta name=\"twitter:data1\" content=\"2 minut\u0117s\" \/>\n<script type=\"application\/ld+json\" class=\"yoast-schema-graph\">{\"@context\":\"https:\/\/schema.org\",\"@graph\":[{\"@type\":\"WebPage\",\"@id\":\"https:\/\/audreyhadasecret.com\/product\/obagi-hydrate-luxe\/\",\"url\":\"https:\/\/audreyhadasecret.com\/product\/obagi-hydrate-luxe\/\",\"name\":\"Obagi Hydrate Luxe\u00ae - Audrey Had a Secret\",\"isPartOf\":{\"@id\":\"https:\/\/audreyhadasecret.com\/#website\"},\"datePublished\":\"2023-01-09T17:29:26+00:00\",\"dateModified\":\"2023-02-15T19:43:50+00:00\",\"description\":\"Obagi Hydrate Luxe\u00ae | Ultra-rich moisturizing cream | Skin Type: Combination Skin, Dry Skin, Normal Skin, Oily Skin | Size 1.7 oz.\",\"breadcrumb\":{\"@id\":\"https:\/\/audreyhadasecret.com\/product\/obagi-hydrate-luxe\/#breadcrumb\"},\"inLanguage\":\"lt-LT\",\"potentialAction\":[{\"@type\":\"ReadAction\",\"target\":[\"https:\/\/audreyhadasecret.com\/product\/obagi-hydrate-luxe\/\"]}]},{\"@type\":\"BreadcrumbList\",\"@id\":\"https:\/\/audreyhadasecret.com\/product\/obagi-hydrate-luxe\/#breadcrumb\",\"itemListElement\":[{\"@type\":\"ListItem\",\"position\":1,\"name\":\"Home\",\"item\":\"https:\/\/audreyhadasecret.com\/\"},{\"@type\":\"ListItem\",\"position\":2,\"name\":\"Shop\",\"item\":\"https:\/\/audreyhadasecret.com\/shop\/\"},{\"@type\":\"ListItem\",\"position\":3,\"name\":\"Obagi Hydrate Luxe\u00ae\"}]},{\"@type\":\"WebSite\",\"@id\":\"https:\/\/audreyhadasecret.com\/#website\",\"url\":\"https:\/\/audreyhadasecret.com\/\",\"name\":\"AUDREY HAD A SECRET\",\"description\":\"Audrey\u2019s world is ever changing. Upon rising she decides who she is going to be that day.\",\"publisher\":{\"@id\":\"https:\/\/audreyhadasecret.com\/#organization\"},\"potentialAction\":[{\"@type\":\"SearchAction\",\"target\":{\"@type\":\"EntryPoint\",\"urlTemplate\":\"https:\/\/audreyhadasecret.com\/?s={search_term_string}\"},\"query-input\":\"required name=search_term_string\"}],\"inLanguage\":\"lt-LT\"},{\"@type\":\"Organization\",\"@id\":\"https:\/\/audreyhadasecret.com\/#organization\",\"name\":\"AUDREY HAD A SECRET\",\"url\":\"https:\/\/audreyhadasecret.com\/\",\"logo\":{\"@type\":\"ImageObject\",\"inLanguage\":\"lt-LT\",\"@id\":\"https:\/\/audreyhadasecret.com\/#\/schema\/logo\/image\/\",\"url\":\"https:\/\/audreyhadasecret.com\/wp-content\/uploads\/2022\/11\/cropped-AUDREY-HAD-A-SECRET_LOGO_Pozityvas_Pagrindine-versija.png\",\"contentUrl\":\"https:\/\/audreyhadasecret.com\/wp-content\/uploads\/2022\/11\/cropped-AUDREY-HAD-A-SECRET_LOGO_Pozityvas_Pagrindine-versija.png\",\"width\":1757,\"height\":1043,\"caption\":\"AUDREY HAD A SECRET\"},\"image\":{\"@id\":\"https:\/\/audreyhadasecret.com\/#\/schema\/logo\/image\/\"}}]}<\/script>\n<!-- \/ Yoast SEO plugin. -->","yoast_head_json":{"title":"Obagi Hydrate Luxe\u00ae - Audrey Had a Secret","description":"Obagi Hydrate Luxe\u00ae | Ultra-rich moisturizing cream | Skin Type: Combination Skin, Dry Skin, Normal Skin, Oily Skin | Size 1.7 oz.","robots":{"index":"index","follow":"follow","max-snippet":"max-snippet:-1","max-image-preview":"max-image-preview:large","max-video-preview":"max-video-preview:-1"},"canonical":"https:\/\/audreyhadasecret.com\/lt\/produktas\/obagi-hydrate-luxe\/","og_locale":"lt_LT","og_type":"article","og_title":"Obagi Hydrate Luxe\u00ae - Audrey Had a Secret","og_description":"Obagi Hydrate Luxe\u00ae | Ultra-rich moisturizing cream | Skin Type: Combination Skin, Dry Skin, Normal Skin, Oily Skin | Size 1.7 oz.","og_url":"https:\/\/audreyhadasecret.com\/lt\/produktas\/obagi-hydrate-luxe\/","og_site_name":"Audrey Had a Secret","article_modified_time":"2023-02-15T19:43:50+00:00","og_image":[{"width":800,"height":800,"url":"https:\/\/audreyhadasecret.com\/wp-content\/uploads\/2023\/01\/1-Obagi-Hydrate-Luxe_-48gr.jpg","type":"image\/jpeg"}],"twitter_card":"summary_large_image","twitter_misc":{"Est. reading time":"2 minut\u0117s"},"schema":{"@context":"https:\/\/schema.org","@graph":[{"@type":"WebPage","@id":"https:\/\/audreyhadasecret.com\/product\/obagi-hydrate-luxe\/","url":"https:\/\/audreyhadasecret.com\/product\/obagi-hydrate-luxe\/","name":"Obagi Hydrate Luxe\u00ae - Audrey Had a Secret","isPartOf":{"@id":"https:\/\/audreyhadasecret.com\/#website"},"datePublished":"2023-01-09T17:29:26+00:00","dateModified":"2023-02-15T19:43:50+00:00","description":"Obagi Hydrate Luxe\u00ae | Ultra-rich moisturizing cream | Skin Type: Combination Skin, Dry Skin, Normal Skin, Oily Skin | Size 1.7 oz.","breadcrumb":{"@id":"https:\/\/audreyhadasecret.com\/product\/obagi-hydrate-luxe\/#breadcrumb"},"inLanguage":"lt-LT","potentialAction":[{"@type":"ReadAction","target":["https:\/\/audreyhadasecret.com\/product\/obagi-hydrate-luxe\/"]}]},{"@type":"BreadcrumbList","@id":"https:\/\/audreyhadasecret.com\/product\/obagi-hydrate-luxe\/#breadcrumb","itemListElement":[{"@type":"ListItem","position":1,"name":"Home","item":"https:\/\/audreyhadasecret.com\/"},{"@type":"ListItem","position":2,"name":"Shop","item":"https:\/\/audreyhadasecret.com\/shop\/"},{"@type":"ListItem","position":3,"name":"Obagi Hydrate Luxe\u00ae"}]},{"@type":"WebSite","@id":"https:\/\/audreyhadasecret.com\/#website","url":"https:\/\/audreyhadasecret.com\/","name":"AUDREY HAD A SECRET","description":"Audrey\u2019s world is ever changing. Upon rising she decides who she is going to be that day.","publisher":{"@id":"https:\/\/audreyhadasecret.com\/#organization"},"potentialAction":[{"@type":"SearchAction","target":{"@type":"EntryPoint","urlTemplate":"https:\/\/audreyhadasecret.com\/?s={search_term_string}"},"query-input":"required name=search_term_string"}],"inLanguage":"lt-LT"},{"@type":"Organization","@id":"https:\/\/audreyhadasecret.com\/#organization","name":"AUDREY HAD A SECRET","url":"https:\/\/audreyhadasecret.com\/","logo":{"@type":"ImageObject","inLanguage":"lt-LT","@id":"https:\/\/audreyhadasecret.com\/#\/schema\/logo\/image\/","url":"https:\/\/audreyhadasecret.com\/wp-content\/uploads\/2022\/11\/cropped-AUDREY-HAD-A-SECRET_LOGO_Pozityvas_Pagrindine-versija.png","contentUrl":"https:\/\/audreyhadasecret.com\/wp-content\/uploads\/2022\/11\/cropped-AUDREY-HAD-A-SECRET_LOGO_Pozityvas_Pagrindine-versija.png","width":1757,"height":1043,"caption":"AUDREY HAD A SECRET"},"image":{"@id":"https:\/\/audreyhadasecret.com\/#\/schema\/logo\/image\/"}}]}},"_links":{"self":[{"href":"https:\/\/audreyhadasecret.com\/lt\/wp-json\/wp\/v2\/product\/1879"}],"collection":[{"href":"https:\/\/audreyhadasecret.com\/lt\/wp-json\/wp\/v2\/product"}],"about":[{"href":"https:\/\/audreyhadasecret.com\/lt\/wp-json\/wp\/v2\/types\/product"}],"version-history":[{"count":0,"href":"https:\/\/audreyhadasecret.com\/lt\/wp-json\/wp\/v2\/product\/1879\/revisions"}],"wp:featuredmedia":[{"embeddable":true,"href":"https:\/\/audreyhadasecret.com\/lt\/wp-json\/wp\/v2\/media\/1864"}],"wp:attachment":[{"href":"https:\/\/audreyhadasecret.com\/lt\/wp-json\/wp\/v2\/media?parent=1879"}],"wp:term":[{"taxonomy":"product_cat","embeddable":true,"href":"https:\/\/audreyhadasecret.com\/lt\/wp-json\/wp\/v2\/product_cat?post=1879"},{"taxonomy":"product_tag","embeddable":true,"href":"https:\/\/audreyhadasecret.com\/lt\/wp-json\/wp\/v2\/product_tag?post=1879"}],"curies":[{"name":"wp","href":"https:\/\/api.w.org\/{rel}","templated":true}]}}