{"id":1881,"date":"2023-01-09T19:30:52","date_gmt":"2023-01-09T17:30:52","guid":{"rendered":"https:\/\/audreyhadasecret.com\/?post_type=product&#038;p=1881"},"modified":"2023-02-15T21:43:50","modified_gmt":"2023-02-15T19:43:50","slug":"obagi360-exfoliating-cleanser","status":"publish","type":"product","link":"https:\/\/audreyhadasecret.com\/lt\/produktas\/obagi360-exfoliating-cleanser\/","title":{"rendered":"OBAGI360\u00ae Exfoliating Cleanser prausiklis veidui"},"content":{"rendered":"<p>\u0160vei\u010diamasis valiklis<\/p>\n<p>\"Obagi360 Exfoliating Cleanser\" padeda nu\u0161veisti papilk\u0117jusi\u0105, saus\u0105 od\u0105, kuri gali u\u017ekim\u0161ti poras, kad veido oda b\u016bt\u0173 \u0161velni, lygi ir \u0161vytinti.<\/p>\n<p>Odos tipas:<a href=\"https:\/\/www.obagi.com\/medical\/skin-type\/dry-skin\"> Sausa oda<\/a><\/p>\n<p><strong>I\u0161sami informacija:<\/strong><\/p>\n<p>\"Obagi360 Exfoliating Cleanser\" yra \"Obagi360 Exfoliating Cleanser\" dalis.<a href=\"https:\/\/www.obagi.com\/medical\/skin-care-lines\/obagi360-system\"> Obagi360 system<\/a>. \u0160is 3 etap\u0173 odos prie\u017ei\u016bros re\u017eimas prasideda dvigubu mechaniniu-cheminiu \u0161veitimu. \u0160ios trys sudedamosios dalys sudaro ideal\u0173 derin\u012f, kuris apsaugo ir palaiko jaunatvi\u0161k\u0105 odos i\u0161vaizd\u0105 ir yra lengvai naudojama sistema.<\/p>\n<ul>\n<li>1 \u017eingsnis: \"Obagi360 Exfoliating Cleanser<\/li>\n<li>2 \u017eingsnis: <a href=\"https:\/\/www.obagi.com\/medical\/obagi-retinol-0-5\">Obagi\u00a0Retinol 0.5<\/a><\/li>\n<li>3 \u017eingsnis: \"HydraFactor\" plataus spektro SPF 30<\/li>\n<\/ul>\n<p>&nbsp;<\/p>\n<p><a href=\"https:\/\/www.obagi.com\/medical\/skin-care-lines\/obagi360-system\">Nor\u0117dami su\u017einoti daugiau apie \"Obagi360\" sistem\u0105, spauskite \u010dia.<\/a><\/p>\n<p>&nbsp;<\/p>\n<p><strong>Mokslas ir inovacijos<\/strong><\/p>\n<p>30 met\u0173 kaupdama mokslo ir inovacij\u0173 palikim\u0105, \"Obagi\" vadovauja permainingiems moksliniams tyrimams, kurie atitinka vis\u0173 odos atspalvi\u0173 ir tip\u0173 poreikius. Mes tikime, kad odos prie\u017ei\u016bra - tai daugiau nei \"taisymas\" ar net \"profilaktika\", tai - viso j\u016bs\u0173 odos potencialo i\u0161laisvinimas. \u0160tai kod\u0117l \"Obagi\" kuriame \u012ftraukian\u010dius produktus, kurie palaiko m\u016bs\u0173 vis\u0173 \u012fvairov\u0119. Tai - moksli\u0161kai pagr\u012fst\u0173, klinikin\u0117s kokyb\u0117s preparat\u0173 k\u016brimas, siekiant skatinti sveik\u0105, \u012f ateit\u012f orientuot\u0105 od\u0105.<\/p>\n<p><strong>Pagrindiniai ingredientai:<\/strong><\/p>\n<p>Linked Papain<\/p>\n<p>Fermentas, i\u0161gautas  i\u0161 papajos.<\/p>\n<p><u><a href=\"https:\/\/www.obagi.com\/medical\/obagi360-exfoliating-cleanser#multiCollapseExample3\">Visi ingredientai:<\/a><\/u><\/p>\n<p>&nbsp;<\/p>\n<p>water (aqua), synthetic wax, glycerin, decyl glucoside, sodium cocoyl isethionate, cocamidopropyl betaine, acrylates\/C10-30 alkyl acrylate crosspolymer, sodium lauroamphoacetate, sodium methyl cocoyl taurate, fragrance, phenoxyethanol, caprylyl glycol, sodium PCA, panthenol, sodium hydroxide, chlorphenesin, ethylhexylglycerin, hexylene glycol, disodium EDTA, sodium hyaluronate, papain, carbomer, 1,2-hexanediol, algin<\/p>\n<p><strong>Kaip naudoti:<\/strong><\/p>\n<ul>\n<li>Naudokite du kartus per par\u0105, ryte ir vakare<\/li>\n<li>Sudr\u0117kinkite rankas ir veid\u0105, tada \u0161velniai \u012fmasa\u017euokite valikl\u012f ant odos sukamaisiais judesiais<\/li>\n<li>Nuplaukite drungnu vandeniu ir nusausinkite.<\/li>\n<\/ul>\n<p><strong>Atsargumo priemon\u0117s:<\/strong><\/p>\n<ul>\n<li>Venkite patekimo \u012f akis<\/li>\n<li>Jei produktas patenka \u012f akis, nuplaukite vandeniu, kad pa\u0161alintum\u0117te<\/li>\n<li>Tik i\u0161oriniam naudojimui<\/li>\n<li>Laikyti vaikams nepasiekiamoje vietoje<\/li>\n<\/ul>\n<p><strong>Laikymo s\u0105lygos:<\/strong><\/p>\n<ul>\n<li>Laikyti kambario temperat\u016broje: 15\u00b0\u201325\u00b0C<\/li>\n<li>Saugokite \u0161\u012f gamin\u012f nuo per didelio kar\u0161\u010dio ir tiesiogin\u0117s saul\u0117s spinduli\u0173<\/li>\n<\/ul>","protected":false},"excerpt":{"rendered":"<p>\"Obagi360 Exfoliating Cleanser\" padeda nu\u0161veisti papilk\u0117jusi\u0105, saus\u0105 od\u0105, kuri gali u\u017ekim\u0161ti poras, kad veido oda b\u016bt\u0173 \u0161velni, lygi ir \u0161vytinti.<\/p>","protected":false},"featured_media":1858,"template":"","meta":{"site-sidebar-layout":"default","site-content-layout":"default","ast-global-header-display":"","ast-main-header-display":"","ast-hfb-above-header-display":"","ast-hfb-below-header-display":"","ast-hfb-mobile-header-display":"","site-post-title":"","ast-breadcrumbs-content":"","ast-featured-img":"","footer-sml-layout":"","theme-transparent-header-meta":"default","adv-header-id-meta":"","stick-header-meta":"","header-above-stick-meta":"","header-main-stick-meta":"","header-below-stick-meta":""},"product_cat":[16,50],"product_tag":[],"yoast_head":"<!-- This site is optimized with the Yoast SEO plugin v20.11 - https:\/\/yoast.com\/wordpress\/plugins\/seo\/ -->\n<title>Obagi360\u00ae Exfoliating Cleanser - Audrey Had a Secret<\/title>\n<meta name=\"description\" content=\"Obagi360\u00ae Exfoliating Cleanser | Skin Type: Dry Skin | Key Ingredients: Linked Papain Enzyme extracted from papaya\" \/>\n<meta name=\"robots\" content=\"index, follow, max-snippet:-1, max-image-preview:large, max-video-preview:-1\" \/>\n<link rel=\"canonical\" href=\"https:\/\/audreyhadasecret.com\/lt\/produktas\/obagi360-exfoliating-cleanser\/\" \/>\n<meta property=\"og:locale\" content=\"lt_LT\" \/>\n<meta property=\"og:type\" content=\"article\" \/>\n<meta property=\"og:title\" content=\"Obagi360\u00ae Exfoliating Cleanser - Audrey Had a Secret\" \/>\n<meta property=\"og:description\" content=\"Obagi360\u00ae Exfoliating Cleanser | Skin Type: Dry Skin | Key Ingredients: Linked Papain Enzyme extracted from papaya\" \/>\n<meta property=\"og:url\" content=\"https:\/\/audreyhadasecret.com\/lt\/produktas\/obagi360-exfoliating-cleanser\/\" \/>\n<meta property=\"og:site_name\" content=\"Audrey Had a Secret\" \/>\n<meta property=\"article:modified_time\" content=\"2023-02-15T19:43:50+00:00\" \/>\n<meta property=\"og:image\" content=\"https:\/\/audreyhadasecret.com\/wp-content\/uploads\/2023\/01\/1-Obagi360-Exfoliating-Cleanse-150ml.jpg\" \/>\n\t<meta property=\"og:image:width\" content=\"800\" \/>\n\t<meta property=\"og:image:height\" content=\"800\" \/>\n\t<meta property=\"og:image:type\" content=\"image\/jpeg\" \/>\n<meta name=\"twitter:card\" content=\"summary_large_image\" \/>\n<meta name=\"twitter:label1\" content=\"Est. reading time\" \/>\n\t<meta name=\"twitter:data1\" content=\"2 minut\u0117s\" \/>\n<script type=\"application\/ld+json\" class=\"yoast-schema-graph\">{\"@context\":\"https:\/\/schema.org\",\"@graph\":[{\"@type\":\"WebPage\",\"@id\":\"https:\/\/audreyhadasecret.com\/product\/obagi360-exfoliating-cleanser\/\",\"url\":\"https:\/\/audreyhadasecret.com\/product\/obagi360-exfoliating-cleanser\/\",\"name\":\"Obagi360\u00ae Exfoliating Cleanser - Audrey Had a Secret\",\"isPartOf\":{\"@id\":\"https:\/\/audreyhadasecret.com\/#website\"},\"datePublished\":\"2023-01-09T17:30:52+00:00\",\"dateModified\":\"2023-02-15T19:43:50+00:00\",\"description\":\"Obagi360\u00ae Exfoliating Cleanser | Skin Type: Dry Skin | Key Ingredients: Linked Papain Enzyme extracted from papaya\",\"breadcrumb\":{\"@id\":\"https:\/\/audreyhadasecret.com\/product\/obagi360-exfoliating-cleanser\/#breadcrumb\"},\"inLanguage\":\"lt-LT\",\"potentialAction\":[{\"@type\":\"ReadAction\",\"target\":[\"https:\/\/audreyhadasecret.com\/product\/obagi360-exfoliating-cleanser\/\"]}]},{\"@type\":\"BreadcrumbList\",\"@id\":\"https:\/\/audreyhadasecret.com\/product\/obagi360-exfoliating-cleanser\/#breadcrumb\",\"itemListElement\":[{\"@type\":\"ListItem\",\"position\":1,\"name\":\"Home\",\"item\":\"https:\/\/audreyhadasecret.com\/\"},{\"@type\":\"ListItem\",\"position\":2,\"name\":\"Shop\",\"item\":\"https:\/\/audreyhadasecret.com\/shop\/\"},{\"@type\":\"ListItem\",\"position\":3,\"name\":\"Obagi360\u00ae Exfoliating Cleanser\"}]},{\"@type\":\"WebSite\",\"@id\":\"https:\/\/audreyhadasecret.com\/#website\",\"url\":\"https:\/\/audreyhadasecret.com\/\",\"name\":\"AUDREY HAD A SECRET\",\"description\":\"Audrey\u2019s world is ever changing. Upon rising she decides who she is going to be that day.\",\"publisher\":{\"@id\":\"https:\/\/audreyhadasecret.com\/#organization\"},\"potentialAction\":[{\"@type\":\"SearchAction\",\"target\":{\"@type\":\"EntryPoint\",\"urlTemplate\":\"https:\/\/audreyhadasecret.com\/?s={search_term_string}\"},\"query-input\":\"required name=search_term_string\"}],\"inLanguage\":\"lt-LT\"},{\"@type\":\"Organization\",\"@id\":\"https:\/\/audreyhadasecret.com\/#organization\",\"name\":\"AUDREY HAD A SECRET\",\"url\":\"https:\/\/audreyhadasecret.com\/\",\"logo\":{\"@type\":\"ImageObject\",\"inLanguage\":\"lt-LT\",\"@id\":\"https:\/\/audreyhadasecret.com\/#\/schema\/logo\/image\/\",\"url\":\"https:\/\/audreyhadasecret.com\/wp-content\/uploads\/2022\/11\/cropped-AUDREY-HAD-A-SECRET_LOGO_Pozityvas_Pagrindine-versija.png\",\"contentUrl\":\"https:\/\/audreyhadasecret.com\/wp-content\/uploads\/2022\/11\/cropped-AUDREY-HAD-A-SECRET_LOGO_Pozityvas_Pagrindine-versija.png\",\"width\":1757,\"height\":1043,\"caption\":\"AUDREY HAD A SECRET\"},\"image\":{\"@id\":\"https:\/\/audreyhadasecret.com\/#\/schema\/logo\/image\/\"}}]}<\/script>\n<!-- \/ Yoast SEO plugin. -->","yoast_head_json":{"title":"Obagi360\u00ae Exfoliating Cleanser - Audrey Had a Secret","description":"Obagi360\u00ae Exfoliating Cleanser | Skin Type: Dry Skin | Key Ingredients: Linked Papain Enzyme extracted from papaya","robots":{"index":"index","follow":"follow","max-snippet":"max-snippet:-1","max-image-preview":"max-image-preview:large","max-video-preview":"max-video-preview:-1"},"canonical":"https:\/\/audreyhadasecret.com\/lt\/produktas\/obagi360-exfoliating-cleanser\/","og_locale":"lt_LT","og_type":"article","og_title":"Obagi360\u00ae Exfoliating Cleanser - Audrey Had a Secret","og_description":"Obagi360\u00ae Exfoliating Cleanser | Skin Type: Dry Skin | Key Ingredients: Linked Papain Enzyme extracted from papaya","og_url":"https:\/\/audreyhadasecret.com\/lt\/produktas\/obagi360-exfoliating-cleanser\/","og_site_name":"Audrey Had a Secret","article_modified_time":"2023-02-15T19:43:50+00:00","og_image":[{"width":800,"height":800,"url":"https:\/\/audreyhadasecret.com\/wp-content\/uploads\/2023\/01\/1-Obagi360-Exfoliating-Cleanse-150ml.jpg","type":"image\/jpeg"}],"twitter_card":"summary_large_image","twitter_misc":{"Est. reading time":"2 minut\u0117s"},"schema":{"@context":"https:\/\/schema.org","@graph":[{"@type":"WebPage","@id":"https:\/\/audreyhadasecret.com\/product\/obagi360-exfoliating-cleanser\/","url":"https:\/\/audreyhadasecret.com\/product\/obagi360-exfoliating-cleanser\/","name":"Obagi360\u00ae Exfoliating Cleanser - Audrey Had a Secret","isPartOf":{"@id":"https:\/\/audreyhadasecret.com\/#website"},"datePublished":"2023-01-09T17:30:52+00:00","dateModified":"2023-02-15T19:43:50+00:00","description":"Obagi360\u00ae Exfoliating Cleanser | Skin Type: Dry Skin | Key Ingredients: Linked Papain Enzyme extracted from papaya","breadcrumb":{"@id":"https:\/\/audreyhadasecret.com\/product\/obagi360-exfoliating-cleanser\/#breadcrumb"},"inLanguage":"lt-LT","potentialAction":[{"@type":"ReadAction","target":["https:\/\/audreyhadasecret.com\/product\/obagi360-exfoliating-cleanser\/"]}]},{"@type":"BreadcrumbList","@id":"https:\/\/audreyhadasecret.com\/product\/obagi360-exfoliating-cleanser\/#breadcrumb","itemListElement":[{"@type":"ListItem","position":1,"name":"Home","item":"https:\/\/audreyhadasecret.com\/"},{"@type":"ListItem","position":2,"name":"Shop","item":"https:\/\/audreyhadasecret.com\/shop\/"},{"@type":"ListItem","position":3,"name":"Obagi360\u00ae Exfoliating Cleanser"}]},{"@type":"WebSite","@id":"https:\/\/audreyhadasecret.com\/#website","url":"https:\/\/audreyhadasecret.com\/","name":"AUDREY HAD A SECRET","description":"Audrey\u2019s world is ever changing. Upon rising she decides who she is going to be that day.","publisher":{"@id":"https:\/\/audreyhadasecret.com\/#organization"},"potentialAction":[{"@type":"SearchAction","target":{"@type":"EntryPoint","urlTemplate":"https:\/\/audreyhadasecret.com\/?s={search_term_string}"},"query-input":"required name=search_term_string"}],"inLanguage":"lt-LT"},{"@type":"Organization","@id":"https:\/\/audreyhadasecret.com\/#organization","name":"AUDREY HAD A SECRET","url":"https:\/\/audreyhadasecret.com\/","logo":{"@type":"ImageObject","inLanguage":"lt-LT","@id":"https:\/\/audreyhadasecret.com\/#\/schema\/logo\/image\/","url":"https:\/\/audreyhadasecret.com\/wp-content\/uploads\/2022\/11\/cropped-AUDREY-HAD-A-SECRET_LOGO_Pozityvas_Pagrindine-versija.png","contentUrl":"https:\/\/audreyhadasecret.com\/wp-content\/uploads\/2022\/11\/cropped-AUDREY-HAD-A-SECRET_LOGO_Pozityvas_Pagrindine-versija.png","width":1757,"height":1043,"caption":"AUDREY HAD A SECRET"},"image":{"@id":"https:\/\/audreyhadasecret.com\/#\/schema\/logo\/image\/"}}]}},"_links":{"self":[{"href":"https:\/\/audreyhadasecret.com\/lt\/wp-json\/wp\/v2\/product\/1881"}],"collection":[{"href":"https:\/\/audreyhadasecret.com\/lt\/wp-json\/wp\/v2\/product"}],"about":[{"href":"https:\/\/audreyhadasecret.com\/lt\/wp-json\/wp\/v2\/types\/product"}],"version-history":[{"count":0,"href":"https:\/\/audreyhadasecret.com\/lt\/wp-json\/wp\/v2\/product\/1881\/revisions"}],"wp:featuredmedia":[{"embeddable":true,"href":"https:\/\/audreyhadasecret.com\/lt\/wp-json\/wp\/v2\/media\/1858"}],"wp:attachment":[{"href":"https:\/\/audreyhadasecret.com\/lt\/wp-json\/wp\/v2\/media?parent=1881"}],"wp:term":[{"taxonomy":"product_cat","embeddable":true,"href":"https:\/\/audreyhadasecret.com\/lt\/wp-json\/wp\/v2\/product_cat?post=1881"},{"taxonomy":"product_tag","embeddable":true,"href":"https:\/\/audreyhadasecret.com\/lt\/wp-json\/wp\/v2\/product_tag?post=1881"}],"curies":[{"name":"wp","href":"https:\/\/api.w.org\/{rel}","templated":true}]}}