{"id":1883,"date":"2023-01-09T19:32:25","date_gmt":"2023-01-09T17:32:25","guid":{"rendered":"https:\/\/audreyhadasecret.com\/?post_type=product&#038;p=1883"},"modified":"2023-02-15T21:43:49","modified_gmt":"2023-02-15T19:43:49","slug":"sun-shield-tint-broad-spectrum-spf-50-cool","status":"publish","type":"product","link":"https:\/\/audreyhadasecret.com\/lt\/produktas\/sun-shield-tint-broad-spectrum-spf-50-cool\/","title":{"rendered":"OBAGI Sun Shield\u2122 Tint kremas nuo saul\u0117s SPF50 su atspalviu (Cool)"},"content":{"rendered":"<p>Tint kremas nuo saul\u0117s su atspalviu<\/p>\n<p>Obagi Medical Sun Shield \u0161viesesnio ir \u0161altesnio atspalvio odai skirtas losjonas u\u017etikrina apsaug\u0105 nuo UVA ir UVB bei infraraudon\u0173j\u0173 spinduli\u0173, padeda apsaugoti od\u0105 nuo kar\u0161\u010dio sukeliamo oksidacinio streso, neu\u017ekem\u0161a por\u0173.  Itin subtili kremo spalva idealiai padengia od\u0105 bei prisitaiko prie j\u016bs\u0173 odos atspalvio.<\/p>\n<p>Pagrindin\u0117 nauda<\/p>\n<ul>\n<li>Fizikin\u0117 ir chemin\u0117 formul\u0117 u\u017etikrina UVA\/UVB apsaug\u0105<\/li>\n<li>Apsaugo nuo IR, HEV ir m\u0117lynos \u0161viesos spinduli\u0173.<\/li>\n<li>\u0160viesaus atspalvio tonuojanti apsauga nuo saul\u0117s pary\u0161kina ir atgyvina odos atspalv\u012f.<\/li>\n<li>\u201cThermic micro-shield\u201d mikro kristal\u0173 technologija veiksmingai atspindi arba i\u0161sklaido \u017ealingus spindulius odos pavir\u0161iuje.<\/li>\n<li>Nekomodogeni\u0161kas, hipoalerginis, dermatolog\u0173 patikrintas.<\/li>\n<\/ul>\n<p>Odos tipas:<a href=\"https:\/\/www.obagi.com\/medical\/skin-type\/combination-skin\"> Mi\u0161ri oda<\/a>, <a href=\"https:\/\/www.obagi.com\/medical\/skin-type\/dry-skin\">Sausa oda<\/a>, <a href=\"https:\/\/www.obagi.com\/medical\/skin-type\/normal-skin\">normali oda<\/a>, <a href=\"https:\/\/www.obagi.com\/medical\/skin-type\/oily-skin\">riebi oda<\/a><\/p>\n<p>Odos problemos:<a href=\"https:\/\/www.obagi.com\/medical\/skin-concern\/fine-lines-and-wrinkles\"> smulkios rauk\u0161lel\u0117s<\/a><\/p>\n<p>Apsauga nuo saul\u0117s<\/p>\n<ul>\n<li>Dydis 85 g<\/li>\n<\/ul>\n<p>I\u0161sami informacija:<\/p>\n<p>\"Sun Shield Tint\" plataus spektro SPF 50 Apsauginiai kremai nuo saul\u0117s naudoja geriausias fizikines ir chemines formules, kad u\u017etikrint\u0173 visapusi\u0161k\u0105 apsaug\u0105, kuri aktyviai saugo od\u0105 nuo kenksming\u0173 UVA\/UVB spinduli\u0173 ir apsaugo nuo infraraudon\u0173j\u0173 spinduli\u0173.<\/p>\n<p>&nbsp;<\/p>\n<p>Naudojant novatori\u0161k\u0105 termoelektrinio mikroskydo kristal\u0173 technologij\u0105, \u0161ie kenksmingi spinduliai efektyviai atspindimi arba i\u0161sklaidomi odos pavir\u0161iuje, prie\u0161 pakenkdami j\u016bs\u0173 odai. \u0160is tobulas apsaugos ir gynybos derinys yra dviej\u0173 atspalvi\u0173, idealiai tinkan\u010di\u0173 daugumai odos tip\u0173.<\/p>\n<p>&nbsp;<\/p>\n<p>Si\u016blomi \u0161ilti ir \u0161alti atspalviai, kad gra\u017eiai papildyt\u0173 unikalius j\u016bs\u0173 odos atspalvius.<\/p>\n<p>&nbsp;<\/p>\n<p>Apsauginis losjonas nuo saul\u0117s \u201cBroad Spectrum SPF 50\u201d  aktyviai apsaugo od\u0105 nuo kenksming\u0173 UVA\/UVB,  IR spinduli\u0173.<\/p>\n<ul>\n<li>Nekomedogeni\u0161kas<\/li>\n<li>Hipoalerginis<\/li>\n<li>Dermatologi\u0161kai patikrintas<\/li>\n<li>Su \u0161viesiu tonuojan\u010diu atspalviu.<\/li>\n<li>Be kvapi\u0173j\u0173 med\u017eiag\u0173<\/li>\n<\/ul>\n<p>&nbsp;<\/p>\n<p>Mokslas ir inovacijos<\/p>\n<p>30 met\u0173 kaupdama mokslo ir inovacij\u0173 palikim\u0105, \"Obagi\" vadovauja permainingiems moksliniams tyrimams, kurie atitinka vis\u0173 odos atspalvi\u0173 ir tip\u0173 poreikius. Mes tikime, kad odos prie\u017ei\u016bra - tai daugiau nei \"taisymas\" ar net \"profilaktika\", tai - viso j\u016bs\u0173 odos potencialo i\u0161laisvinimas. \u0160tai kod\u0117l \"Obagi\" kuriame \u012ftraukian\u010dius produktus, kurie palaiko m\u016bs\u0173 vis\u0173 \u012fvairov\u0119. Tai - moksli\u0161kai pagr\u012fst\u0173, klinikin\u0117s kokyb\u0117s preparat\u0173 k\u016brimas, siekiant skatinti sveik\u0105, \u012f ateit\u012f orientuot\u0105 od\u0105.<\/p>\n<p><strong>Pagrindiniai ingredientai:<\/strong><\/p>\n<p>Homosalate 10%, Octinoxate 7.5%, Titanium Dioxide 3.18%, Zinc Oxide 5%<\/p>\n<p>\u0160ios veikliosios med\u017eiagos pasiskirsto ant odos ir nukreipia kenksmingus saul\u0117s spindulius nuo odos, u\u017etikrindamos visi\u0161k\u0105 UVA ir UVB apsaug\u0105. \u0160i apsaugin\u0117 priemon\u0117 taip pat vadinama plataus spektro apsauga.<\/p>\n<p><u><a href=\"https:\/\/www.obagi.com\/medical\/sun-shield-tint-broad-spectrum-spf-50-cool#multiCollapseExample3\">Visi ingredientai:<\/a><\/u><\/p>\n<p>&nbsp;<\/p>\n<p>Active Ingredients: Homosalate 10%, Octinoxate 7.5%, Titanium Dioxide 3.18%, Zinc Oxide 5%<\/p>\n<p>Inactive Ingredients: Water, Butyloctyl Salicylate, Caprylic\/Capric Triglyceride, Caprylyl Methicone, Polyglyceryl-10 Pentastearate, Butylene Glycol, Glyceryl Stearate, PEG-100 Stearate, Pentylene Glycol, Behenyl Alcohol, Physalis Angulata Extract, Dimethicone, PEG-40 Stearate, Lithothamnion Calcareum Powder, Glycerin, Phenoxyethanol, Sodium Stearoyl Lactylate, Polyhydroxystearic Acid, Mannitol, Mica, Hydroxyethyl Acrylate\/Sodium Acryloyldimethyl Taurate Copolymer, Citric Acid, Squalane, Xanthan Gum, Calcium Aluminum Borosilicate, Alumina, Stearic Acid, Diatomaceous Earth, Sodium Polyacrylate, Disodium EDTA, Synthetic Fluorphlogopite, Polysorbate 60, Ethylhexylglycerin, Zinc Sulfate, Sorbitan Oleate, Silica, Chlorphenesin, Tetrahexyldecyl Ascorbate, Tocopherol, Tin Oxide, Iron Oxides<\/p>\n<p><strong>\u00a0<\/strong><\/p>\n<p><strong>Kaip naudoti:<\/strong><\/p>\n<ul>\n<li>Tepti ant odos plonu sluoksniu 15 minu\u010di\u0173 prie\u0161 einant \u012f lauk\u0105<br \/>\nNaudokite vandeniui atspari\u0105 apsaug\u0105 nuo saul\u0117s, jei maudot\u0117s ar gausiai prakaituojate<br \/>\nPakartotinai tepti bent kas 2 valandas<br \/>\nVaikams iki 6 m\u0117nesi\u0173 am\u017eiaus: d\u0117l naudojimo kreipkit\u0117s \u012f gydytoj\u0105.<\/li>\n<\/ul>\n<p>&nbsp;<\/p>\n<p>Atsargumo priemon\u0117s:<\/p>\n<p>Kad suma\u017eintum\u0117te rizik\u0105, reguliariai naudokite apsaugin\u012f krem\u0105 nuo saul\u0117s, kurio plataus spektro SPF vert\u0117 ne ma\u017eesn\u0117 kaip 30, ir kitas apsaugos nuo saul\u0117s priemones, pavyzd\u017eiui, ribokite buvimo saul\u0117je laik\u0105, ypa\u010d nuo 10 iki 14 val., d\u0117v\u0117kite mar\u0161kin\u0117lius ilgomis rankov\u0117mis, kelnes ir akinius nuo saul\u0117s.<\/p>\n<p>Laikymo s\u0105lygos:<\/p>\n<p>Laikykite kambario temperat\u016broje.<\/p>","protected":false},"excerpt":{"rendered":"<p>Obagi Medical Sun Shield \u0161viesesnio ir \u0161altesnio atspalvio odai skirtas losjonas u\u017etikrina apsaug\u0105 nuo UVA ir UVB bei infraraudon\u0173j\u0173 spinduli\u0173, padeda apsaugoti od\u0105 nuo kar\u0161\u010dio sukeliamo oksidacinio streso, neu\u017ekem\u0161a por\u0173.  Itin subtili kremo spalva idealiai padengia od\u0105 bei prisitaiko prie j\u016bs\u0173 odos atspalvio.<\/p>","protected":false},"featured_media":1887,"template":"","meta":{"site-sidebar-layout":"default","site-content-layout":"default","ast-global-header-display":"","ast-main-header-display":"","ast-hfb-above-header-display":"","ast-hfb-below-header-display":"","ast-hfb-mobile-header-display":"","site-post-title":"","ast-breadcrumbs-content":"","ast-featured-img":"","footer-sml-layout":"","theme-transparent-header-meta":"default","adv-header-id-meta":"","stick-header-meta":"","header-above-stick-meta":"","header-main-stick-meta":"","header-below-stick-meta":""},"product_cat":[16,50],"product_tag":[],"yoast_head":"<!-- This site is optimized with the Yoast SEO plugin v20.11 - https:\/\/yoast.com\/wordpress\/plugins\/seo\/ -->\n<title>Sun Shield\u2122 Tint Broad Spectrum SPF 50 Cool - Audrey Had a Secret<\/title>\n<meta name=\"description\" content=\"Sun Shield\u2122 Tint Broad Spectrum SPF 50 Cool | Tinted sunscreen with cool undertone | Skin Type: Combination Skin, Dry Skin, Normal Skin, Oily Skin\" \/>\n<meta name=\"robots\" content=\"index, follow, max-snippet:-1, max-image-preview:large, max-video-preview:-1\" \/>\n<link rel=\"canonical\" href=\"https:\/\/audreyhadasecret.com\/lt\/produktas\/sun-shield-tint-broad-spectrum-spf-50-cool\/\" \/>\n<meta property=\"og:locale\" content=\"lt_LT\" \/>\n<meta property=\"og:type\" content=\"article\" \/>\n<meta property=\"og:title\" content=\"Sun Shield\u2122 Tint Broad Spectrum SPF 50 Cool - Audrey Had a Secret\" \/>\n<meta property=\"og:description\" content=\"Sun Shield\u2122 Tint Broad Spectrum SPF 50 Cool | Tinted sunscreen with cool undertone | Skin Type: Combination Skin, Dry Skin, Normal Skin, Oily Skin\" \/>\n<meta property=\"og:url\" content=\"https:\/\/audreyhadasecret.com\/lt\/produktas\/sun-shield-tint-broad-spectrum-spf-50-cool\/\" \/>\n<meta property=\"og:site_name\" content=\"Audrey Had a Secret\" \/>\n<meta property=\"article:modified_time\" content=\"2023-02-15T19:43:49+00:00\" \/>\n<meta property=\"og:image\" content=\"https:\/\/audreyhadasecret.com\/wp-content\/uploads\/2023\/01\/SunShield-Tin-cool.jpg\" \/>\n\t<meta property=\"og:image:width\" content=\"1600\" \/>\n\t<meta property=\"og:image:height\" content=\"1600\" \/>\n\t<meta property=\"og:image:type\" content=\"image\/jpeg\" \/>\n<meta name=\"twitter:card\" content=\"summary_large_image\" \/>\n<meta name=\"twitter:label1\" content=\"Est. reading time\" \/>\n\t<meta name=\"twitter:data1\" content=\"3 minut\u0117s\" \/>\n<script type=\"application\/ld+json\" class=\"yoast-schema-graph\">{\"@context\":\"https:\/\/schema.org\",\"@graph\":[{\"@type\":\"WebPage\",\"@id\":\"https:\/\/audreyhadasecret.com\/product\/sun-shield-tint-broad-spectrum-spf-50-cool\/\",\"url\":\"https:\/\/audreyhadasecret.com\/product\/sun-shield-tint-broad-spectrum-spf-50-cool\/\",\"name\":\"Sun Shield\u2122 Tint Broad Spectrum SPF 50 Cool - Audrey Had a Secret\",\"isPartOf\":{\"@id\":\"https:\/\/audreyhadasecret.com\/#website\"},\"datePublished\":\"2023-01-09T17:32:25+00:00\",\"dateModified\":\"2023-02-15T19:43:49+00:00\",\"description\":\"Sun Shield\u2122 Tint Broad Spectrum SPF 50 Cool | Tinted sunscreen with cool undertone | Skin Type: Combination Skin, Dry Skin, Normal Skin, Oily Skin\",\"breadcrumb\":{\"@id\":\"https:\/\/audreyhadasecret.com\/product\/sun-shield-tint-broad-spectrum-spf-50-cool\/#breadcrumb\"},\"inLanguage\":\"lt-LT\",\"potentialAction\":[{\"@type\":\"ReadAction\",\"target\":[\"https:\/\/audreyhadasecret.com\/product\/sun-shield-tint-broad-spectrum-spf-50-cool\/\"]}]},{\"@type\":\"BreadcrumbList\",\"@id\":\"https:\/\/audreyhadasecret.com\/product\/sun-shield-tint-broad-spectrum-spf-50-cool\/#breadcrumb\",\"itemListElement\":[{\"@type\":\"ListItem\",\"position\":1,\"name\":\"Home\",\"item\":\"https:\/\/audreyhadasecret.com\/\"},{\"@type\":\"ListItem\",\"position\":2,\"name\":\"Shop\",\"item\":\"https:\/\/audreyhadasecret.com\/shop\/\"},{\"@type\":\"ListItem\",\"position\":3,\"name\":\"Sun Shield\u2122 Tint Broad Spectrum SPF 50 Cool\"}]},{\"@type\":\"WebSite\",\"@id\":\"https:\/\/audreyhadasecret.com\/#website\",\"url\":\"https:\/\/audreyhadasecret.com\/\",\"name\":\"AUDREY HAD A SECRET\",\"description\":\"Audrey\u2019s world is ever changing. Upon rising she decides who she is going to be that day.\",\"publisher\":{\"@id\":\"https:\/\/audreyhadasecret.com\/#organization\"},\"potentialAction\":[{\"@type\":\"SearchAction\",\"target\":{\"@type\":\"EntryPoint\",\"urlTemplate\":\"https:\/\/audreyhadasecret.com\/?s={search_term_string}\"},\"query-input\":\"required name=search_term_string\"}],\"inLanguage\":\"lt-LT\"},{\"@type\":\"Organization\",\"@id\":\"https:\/\/audreyhadasecret.com\/#organization\",\"name\":\"AUDREY HAD A SECRET\",\"url\":\"https:\/\/audreyhadasecret.com\/\",\"logo\":{\"@type\":\"ImageObject\",\"inLanguage\":\"lt-LT\",\"@id\":\"https:\/\/audreyhadasecret.com\/#\/schema\/logo\/image\/\",\"url\":\"https:\/\/audreyhadasecret.com\/wp-content\/uploads\/2022\/11\/cropped-AUDREY-HAD-A-SECRET_LOGO_Pozityvas_Pagrindine-versija.png\",\"contentUrl\":\"https:\/\/audreyhadasecret.com\/wp-content\/uploads\/2022\/11\/cropped-AUDREY-HAD-A-SECRET_LOGO_Pozityvas_Pagrindine-versija.png\",\"width\":1757,\"height\":1043,\"caption\":\"AUDREY HAD A SECRET\"},\"image\":{\"@id\":\"https:\/\/audreyhadasecret.com\/#\/schema\/logo\/image\/\"}}]}<\/script>\n<!-- \/ Yoast SEO plugin. -->","yoast_head_json":{"title":"Sun Shield\u2122 Tint Broad Spectrum SPF 50 Cool - Audrey Had a Secret","description":"Sun Shield\u2122 Tint Broad Spectrum SPF 50 Cool | Tinted sunscreen with cool undertone | Skin Type: Combination Skin, Dry Skin, Normal Skin, Oily Skin","robots":{"index":"index","follow":"follow","max-snippet":"max-snippet:-1","max-image-preview":"max-image-preview:large","max-video-preview":"max-video-preview:-1"},"canonical":"https:\/\/audreyhadasecret.com\/lt\/produktas\/sun-shield-tint-broad-spectrum-spf-50-cool\/","og_locale":"lt_LT","og_type":"article","og_title":"Sun Shield\u2122 Tint Broad Spectrum SPF 50 Cool - Audrey Had a Secret","og_description":"Sun Shield\u2122 Tint Broad Spectrum SPF 50 Cool | Tinted sunscreen with cool undertone | Skin Type: Combination Skin, Dry Skin, Normal Skin, Oily Skin","og_url":"https:\/\/audreyhadasecret.com\/lt\/produktas\/sun-shield-tint-broad-spectrum-spf-50-cool\/","og_site_name":"Audrey Had a Secret","article_modified_time":"2023-02-15T19:43:49+00:00","og_image":[{"width":1600,"height":1600,"url":"https:\/\/audreyhadasecret.com\/wp-content\/uploads\/2023\/01\/SunShield-Tin-cool.jpg","type":"image\/jpeg"}],"twitter_card":"summary_large_image","twitter_misc":{"Est. reading time":"3 minut\u0117s"},"schema":{"@context":"https:\/\/schema.org","@graph":[{"@type":"WebPage","@id":"https:\/\/audreyhadasecret.com\/product\/sun-shield-tint-broad-spectrum-spf-50-cool\/","url":"https:\/\/audreyhadasecret.com\/product\/sun-shield-tint-broad-spectrum-spf-50-cool\/","name":"Sun Shield\u2122 Tint Broad Spectrum SPF 50 Cool - Audrey Had a Secret","isPartOf":{"@id":"https:\/\/audreyhadasecret.com\/#website"},"datePublished":"2023-01-09T17:32:25+00:00","dateModified":"2023-02-15T19:43:49+00:00","description":"Sun Shield\u2122 Tint Broad Spectrum SPF 50 Cool | Tinted sunscreen with cool undertone | Skin Type: Combination Skin, Dry Skin, Normal Skin, Oily Skin","breadcrumb":{"@id":"https:\/\/audreyhadasecret.com\/product\/sun-shield-tint-broad-spectrum-spf-50-cool\/#breadcrumb"},"inLanguage":"lt-LT","potentialAction":[{"@type":"ReadAction","target":["https:\/\/audreyhadasecret.com\/product\/sun-shield-tint-broad-spectrum-spf-50-cool\/"]}]},{"@type":"BreadcrumbList","@id":"https:\/\/audreyhadasecret.com\/product\/sun-shield-tint-broad-spectrum-spf-50-cool\/#breadcrumb","itemListElement":[{"@type":"ListItem","position":1,"name":"Home","item":"https:\/\/audreyhadasecret.com\/"},{"@type":"ListItem","position":2,"name":"Shop","item":"https:\/\/audreyhadasecret.com\/shop\/"},{"@type":"ListItem","position":3,"name":"Sun Shield\u2122 Tint Broad Spectrum SPF 50 Cool"}]},{"@type":"WebSite","@id":"https:\/\/audreyhadasecret.com\/#website","url":"https:\/\/audreyhadasecret.com\/","name":"AUDREY HAD A SECRET","description":"Audrey\u2019s world is ever changing. Upon rising she decides who she is going to be that day.","publisher":{"@id":"https:\/\/audreyhadasecret.com\/#organization"},"potentialAction":[{"@type":"SearchAction","target":{"@type":"EntryPoint","urlTemplate":"https:\/\/audreyhadasecret.com\/?s={search_term_string}"},"query-input":"required name=search_term_string"}],"inLanguage":"lt-LT"},{"@type":"Organization","@id":"https:\/\/audreyhadasecret.com\/#organization","name":"AUDREY HAD A SECRET","url":"https:\/\/audreyhadasecret.com\/","logo":{"@type":"ImageObject","inLanguage":"lt-LT","@id":"https:\/\/audreyhadasecret.com\/#\/schema\/logo\/image\/","url":"https:\/\/audreyhadasecret.com\/wp-content\/uploads\/2022\/11\/cropped-AUDREY-HAD-A-SECRET_LOGO_Pozityvas_Pagrindine-versija.png","contentUrl":"https:\/\/audreyhadasecret.com\/wp-content\/uploads\/2022\/11\/cropped-AUDREY-HAD-A-SECRET_LOGO_Pozityvas_Pagrindine-versija.png","width":1757,"height":1043,"caption":"AUDREY HAD A SECRET"},"image":{"@id":"https:\/\/audreyhadasecret.com\/#\/schema\/logo\/image\/"}}]}},"_links":{"self":[{"href":"https:\/\/audreyhadasecret.com\/lt\/wp-json\/wp\/v2\/product\/1883"}],"collection":[{"href":"https:\/\/audreyhadasecret.com\/lt\/wp-json\/wp\/v2\/product"}],"about":[{"href":"https:\/\/audreyhadasecret.com\/lt\/wp-json\/wp\/v2\/types\/product"}],"version-history":[{"count":0,"href":"https:\/\/audreyhadasecret.com\/lt\/wp-json\/wp\/v2\/product\/1883\/revisions"}],"wp:featuredmedia":[{"embeddable":true,"href":"https:\/\/audreyhadasecret.com\/lt\/wp-json\/wp\/v2\/media\/1887"}],"wp:attachment":[{"href":"https:\/\/audreyhadasecret.com\/lt\/wp-json\/wp\/v2\/media?parent=1883"}],"wp:term":[{"taxonomy":"product_cat","embeddable":true,"href":"https:\/\/audreyhadasecret.com\/lt\/wp-json\/wp\/v2\/product_cat?post=1883"},{"taxonomy":"product_tag","embeddable":true,"href":"https:\/\/audreyhadasecret.com\/lt\/wp-json\/wp\/v2\/product_tag?post=1883"}],"curies":[{"name":"wp","href":"https:\/\/api.w.org\/{rel}","templated":true}]}}