{"id":1889,"date":"2023-01-09T19:39:10","date_gmt":"2023-01-09T17:39:10","guid":{"rendered":"https:\/\/audreyhadasecret.com\/?post_type=product&#038;p=1889"},"modified":"2023-02-15T21:43:48","modified_gmt":"2023-02-15T19:43:48","slug":"suzanobagimdtm-balancing-toner","status":"publish","type":"product","link":"https:\/\/audreyhadasecret.com\/lt\/produktas\/suzanobagimdtm-balancing-toner\/","title":{"rendered":"SUZANOBAGIMD Balancing Toner jautriai odai"},"content":{"rendered":"<p>PH subalansuojantis veido tonikas<\/p>\n<p>Putojantis veido tonikas su hamameliu. Tinka jautriai, sudirgusiai odai. Be paraben\u0173, kvapi\u0173j\u0173 med\u017eiag\u0173 ir da\u017eikli\u0173. Subalansuoja odos pH.<\/p>\n<p>Pagrindiniai privalumai:<\/p>\n<ul>\n<li>Dermatologi\u0161kai patikrintas<\/li>\n<li>Hipoalerginis<\/li>\n<li>Pagaminta be sintetini\u0173 kvapi\u0173j\u0173 med\u017eiag\u0173 ir paraben\u0173<\/li>\n<\/ul>\n<p>Odos tipas:<a href=\"https:\/\/www.obagi.com\/medical\/skin-type\/combination-skin\"> Mi\u0161ri oda<\/a>, <a href=\"https:\/\/www.obagi.com\/medical\/skin-type\/dry-skin\">Sausa oda<\/a>, <a href=\"https:\/\/www.obagi.com\/medical\/skin-type\/normal-skin\">normali oda<\/a>, <a href=\"https:\/\/www.obagi.com\/medical\/skin-type\/oily-skin\">riebi oda<\/a><\/p>\n<p>Odos problemos:<a href=\"https:\/\/www.obagi.com\/medical\/skin-concern\/redness-prone\"> Paraudusi oda<\/a>, <a href=\"https:\/\/www.obagi.com\/medical\/skin-concern\/sensitive-skin\">jautri oda<\/a><\/p>\n<p>Tonikas<\/p>\n<ul>\n<li>Dydis 200 ml<\/li>\n<\/ul>\n<p><strong>I\u0161sami informacija:<\/strong><\/p>\n<p>SUZANOBAGIMD linija idealiai tinka pacientams, kurie nori veiksming\u0173, ta\u010diau \u0161velni\u0173 ir maitinan\u010di\u0173 produkt\u0173. Kiekvienas produktas yra patikrintas dermatolog\u0173, hipoalerginis ir pagamintas be paraben\u0173, sintetini\u0173 kvapi\u0173j\u0173 med\u017eiag\u0173 ir da\u017eikli\u0173.<\/p>\n<p>&nbsp;<\/p>\n<p>Unikalios formul\u0117s padeda spr\u0119sti:<\/p>\n<ul>\n<li>Foto sen\u0117jimo, pavyzd\u017eiui, smulki\u0173 linij\u0173 ir rauk\u0161li\u0173, i\u0161vaizd\u0105<\/li>\n<li>\u0160iurk\u0161\u010di\u0105 odos tekst\u016br\u0105<\/li>\n<li>Jautri\u0105, \u0161velni\u0105 od\u0105<\/li>\n<\/ul>\n<p><strong>Apie Dr. Suzan Obagi<\/strong><\/p>\n<p>Dr. Suzan Obagi yra pripa\u017einta viena i\u0161 labiausiai gerbiam\u0173 pasaulyje kosmetikos chirurg\u0173 ir dermatolog\u0173, besir\u016bpinanti medicinos student\u0173, rezident\u0173, mokslinink\u0173 ir kit\u0173 gydytoj\u0173 mokymu. Jos susidom\u0117jimas odos sveikata ir atk\u016brimu l\u0117m\u0117 daugyb\u0119 recenzuot\u0173 straipsni\u0173 \u017eurnaluose ir skyri\u0173 svarbiausiuose dermatologijos, plastin\u0117s ir estetin\u0117s chirurgijos vadov\u0117liuose.<\/p>\n<p>&nbsp;<\/p>\n<p>Kaip medicinos konsultant\u0117, Dr. Suzan Obagi bendradarbiavo su \"Obagi Medical\", kad sukurt\u0173 SUZANOBAGIMD odos prie\u017ei\u016bros priemoni\u0173 kolekcij\u0105.<\/p>\n<p>Pagrindiniai ingredientai:<\/p>\n<p>Witch Hazel (Hamamelis)<\/p>\n<p>Hamamelis - turi antioksidacini\u0173 ir raminan\u010di\u0173 savybi\u0173, taip pat padeda pa\u0161alinti riebal\u0173 pertekli\u0173.<\/p>\n<p><u><a href=\"https:\/\/www.obagi.com\/medical\/suzanobagimd-balancing-toner#multiCollapseExample3\">Visi ingredientai:<\/a><\/u><\/p>\n<p>&nbsp;<\/p>\n<p>Aqua Water\/Eau, Pentylene Glycol, Hamamelis Virginiana (Witch Hazel) Water\/Hamamelis Virginiana Water, Glycerin, Propanediol, Ethoxydiglycol, 1,2-Hexanediol, Caprylyl Glycol, Polysorbate 20, Sodium PCA, Dipotassium Glycyrrhizate, Panthenol, Aloe Barbadensis Leaf Extract, Aloe Barbadensis Leaf Juice, Citrus Paradisi (Grapefruit) Peel Oil\/Citrus Paradisi Peel Oil, Phenoxyethanol, Biosaccharide Gum-1, Bioflavonoids, Brassica Oleracea Italica (Broccoli) Extract\/Brassica Oleracea Italica Extract, Benzoic Acid, Limonene<\/p>\n<p><strong>Kaip naudoti:<\/strong><\/p>\n<ul>\n<li>Po plovimo putojan\u010diu valikliu ant vatos diskelio u\u017epurk\u0161kite 2-3 paspaudimus toniko.<\/li>\n<li>Paskirstykite ant veido ir kaklo, vengdami aki\u0173<\/li>\n<li>Prie\u0161 naudodami kitus produktus, leiskite  tonikui i\u0161d\u017ei\u016bti<\/li>\n<li>Naudokite du kartus per par\u0105, ryte ir vakare<\/li>\n<\/ul>\n<p><strong>Atsargumo priemon\u0117s:<\/strong><\/p>\n<ul>\n<li>Tik i\u0161oriniam naudojimui<\/li>\n<li>Jei atsiranda sudirgimas, nustokit naudoti<\/li>\n<li>Vengti patekimo \u012f akis<\/li>\n<li>Laikyti vaikams nepasiekiamoje vietoje<\/li>\n<li>Kasdien tepkite saul\u0117s apsaugines priemones su SPF.<\/li>\n<\/ul>\n<p><strong>Laikymo s\u0105lygos:<\/strong><\/p>\n<ul>\n<li>Laikyti kambario temperat\u016broje: 15\u00b0\u201325\u00b0C<\/li>\n<li>Laikyti atokiau nuo tiesiogini\u0173 saul\u0117s spinduli\u0173 ir \u0161ilumos \u0161altini\u0173.<\/li>\n<\/ul>","protected":false},"excerpt":{"rendered":"<p>Putojantis veido tonikas su hamameliu. Tinka jautriai, sudirgusiai odai. Be paraben\u0173, kvapi\u0173j\u0173 med\u017eiag\u0173 ir da\u017eikli\u0173. Subalansuoja odos pH.<\/p>","protected":false},"featured_media":1863,"template":"","meta":{"site-sidebar-layout":"default","site-content-layout":"default","ast-global-header-display":"","ast-main-header-display":"","ast-hfb-above-header-display":"","ast-hfb-below-header-display":"","ast-hfb-mobile-header-display":"","site-post-title":"","ast-breadcrumbs-content":"","ast-featured-img":"","footer-sml-layout":"","theme-transparent-header-meta":"default","adv-header-id-meta":"","stick-header-meta":"","header-above-stick-meta":"","header-main-stick-meta":"","header-below-stick-meta":""},"product_cat":[16,50],"product_tag":[],"yoast_head":"<!-- This site is optimized with the Yoast SEO plugin v20.11 - https:\/\/yoast.com\/wordpress\/plugins\/seo\/ -->\n<title>SUZANOBAGIMDTM Balancing Toner - Audrey Had a Secret<\/title>\n<meta name=\"description\" content=\"SUZANOBAGIMDTM Balancing Toner | PH balancing facial toner | Skin Type: Combination Skin, Dry Skin, Normal Skin, Oily Skin\" \/>\n<meta name=\"robots\" content=\"index, follow, max-snippet:-1, max-image-preview:large, max-video-preview:-1\" \/>\n<link rel=\"canonical\" href=\"https:\/\/audreyhadasecret.com\/lt\/produktas\/suzanobagimdtm-balancing-toner\/\" \/>\n<meta property=\"og:locale\" content=\"lt_LT\" \/>\n<meta property=\"og:type\" content=\"article\" \/>\n<meta property=\"og:title\" content=\"SUZANOBAGIMDTM Balancing Toner - Audrey Had a Secret\" \/>\n<meta property=\"og:description\" content=\"SUZANOBAGIMDTM Balancing Toner | PH balancing facial toner | Skin Type: Combination Skin, Dry Skin, Normal Skin, Oily Skin\" \/>\n<meta property=\"og:url\" content=\"https:\/\/audreyhadasecret.com\/lt\/produktas\/suzanobagimdtm-balancing-toner\/\" \/>\n<meta property=\"og:site_name\" content=\"Audrey Had a Secret\" \/>\n<meta property=\"article:modified_time\" content=\"2023-02-15T19:43:48+00:00\" \/>\n<meta property=\"og:image\" content=\"https:\/\/audreyhadasecret.com\/wp-content\/uploads\/2023\/01\/1-SUZANOBAGIMD_-Balancing-Toner-200ml.jpg\" \/>\n\t<meta property=\"og:image:width\" content=\"800\" \/>\n\t<meta property=\"og:image:height\" content=\"800\" \/>\n\t<meta property=\"og:image:type\" content=\"image\/jpeg\" \/>\n<meta name=\"twitter:card\" content=\"summary_large_image\" \/>\n<meta name=\"twitter:label1\" content=\"Est. reading time\" \/>\n\t<meta name=\"twitter:data1\" content=\"2 minut\u0117s\" \/>\n<script type=\"application\/ld+json\" class=\"yoast-schema-graph\">{\"@context\":\"https:\/\/schema.org\",\"@graph\":[{\"@type\":\"WebPage\",\"@id\":\"https:\/\/audreyhadasecret.com\/product\/suzanobagimdtm-balancing-toner\/\",\"url\":\"https:\/\/audreyhadasecret.com\/product\/suzanobagimdtm-balancing-toner\/\",\"name\":\"SUZANOBAGIMDTM Balancing Toner - Audrey Had a Secret\",\"isPartOf\":{\"@id\":\"https:\/\/audreyhadasecret.com\/#website\"},\"datePublished\":\"2023-01-09T17:39:10+00:00\",\"dateModified\":\"2023-02-15T19:43:48+00:00\",\"description\":\"SUZANOBAGIMDTM Balancing Toner | PH balancing facial toner | Skin Type: Combination Skin, Dry Skin, Normal Skin, Oily Skin\",\"breadcrumb\":{\"@id\":\"https:\/\/audreyhadasecret.com\/product\/suzanobagimdtm-balancing-toner\/#breadcrumb\"},\"inLanguage\":\"lt-LT\",\"potentialAction\":[{\"@type\":\"ReadAction\",\"target\":[\"https:\/\/audreyhadasecret.com\/product\/suzanobagimdtm-balancing-toner\/\"]}]},{\"@type\":\"BreadcrumbList\",\"@id\":\"https:\/\/audreyhadasecret.com\/product\/suzanobagimdtm-balancing-toner\/#breadcrumb\",\"itemListElement\":[{\"@type\":\"ListItem\",\"position\":1,\"name\":\"Home\",\"item\":\"https:\/\/audreyhadasecret.com\/\"},{\"@type\":\"ListItem\",\"position\":2,\"name\":\"Shop\",\"item\":\"https:\/\/audreyhadasecret.com\/shop\/\"},{\"@type\":\"ListItem\",\"position\":3,\"name\":\"SUZANOBAGIMDTM Balancing Toner\"}]},{\"@type\":\"WebSite\",\"@id\":\"https:\/\/audreyhadasecret.com\/#website\",\"url\":\"https:\/\/audreyhadasecret.com\/\",\"name\":\"AUDREY HAD A SECRET\",\"description\":\"Audrey\u2019s world is ever changing. Upon rising she decides who she is going to be that day.\",\"publisher\":{\"@id\":\"https:\/\/audreyhadasecret.com\/#organization\"},\"potentialAction\":[{\"@type\":\"SearchAction\",\"target\":{\"@type\":\"EntryPoint\",\"urlTemplate\":\"https:\/\/audreyhadasecret.com\/?s={search_term_string}\"},\"query-input\":\"required name=search_term_string\"}],\"inLanguage\":\"lt-LT\"},{\"@type\":\"Organization\",\"@id\":\"https:\/\/audreyhadasecret.com\/#organization\",\"name\":\"AUDREY HAD A SECRET\",\"url\":\"https:\/\/audreyhadasecret.com\/\",\"logo\":{\"@type\":\"ImageObject\",\"inLanguage\":\"lt-LT\",\"@id\":\"https:\/\/audreyhadasecret.com\/#\/schema\/logo\/image\/\",\"url\":\"https:\/\/audreyhadasecret.com\/wp-content\/uploads\/2022\/11\/cropped-AUDREY-HAD-A-SECRET_LOGO_Pozityvas_Pagrindine-versija.png\",\"contentUrl\":\"https:\/\/audreyhadasecret.com\/wp-content\/uploads\/2022\/11\/cropped-AUDREY-HAD-A-SECRET_LOGO_Pozityvas_Pagrindine-versija.png\",\"width\":1757,\"height\":1043,\"caption\":\"AUDREY HAD A SECRET\"},\"image\":{\"@id\":\"https:\/\/audreyhadasecret.com\/#\/schema\/logo\/image\/\"}}]}<\/script>\n<!-- \/ Yoast SEO plugin. -->","yoast_head_json":{"title":"SUZANOBAGIMDTM Balancing Toner - Audrey Had a Secret","description":"SUZANOBAGIMDTM Balancing Toner | PH balancing facial toner | Skin Type: Combination Skin, Dry Skin, Normal Skin, Oily Skin","robots":{"index":"index","follow":"follow","max-snippet":"max-snippet:-1","max-image-preview":"max-image-preview:large","max-video-preview":"max-video-preview:-1"},"canonical":"https:\/\/audreyhadasecret.com\/lt\/produktas\/suzanobagimdtm-balancing-toner\/","og_locale":"lt_LT","og_type":"article","og_title":"SUZANOBAGIMDTM Balancing Toner - Audrey Had a Secret","og_description":"SUZANOBAGIMDTM Balancing Toner | PH balancing facial toner | Skin Type: Combination Skin, Dry Skin, Normal Skin, Oily Skin","og_url":"https:\/\/audreyhadasecret.com\/lt\/produktas\/suzanobagimdtm-balancing-toner\/","og_site_name":"Audrey Had a Secret","article_modified_time":"2023-02-15T19:43:48+00:00","og_image":[{"width":800,"height":800,"url":"https:\/\/audreyhadasecret.com\/wp-content\/uploads\/2023\/01\/1-SUZANOBAGIMD_-Balancing-Toner-200ml.jpg","type":"image\/jpeg"}],"twitter_card":"summary_large_image","twitter_misc":{"Est. reading time":"2 minut\u0117s"},"schema":{"@context":"https:\/\/schema.org","@graph":[{"@type":"WebPage","@id":"https:\/\/audreyhadasecret.com\/product\/suzanobagimdtm-balancing-toner\/","url":"https:\/\/audreyhadasecret.com\/product\/suzanobagimdtm-balancing-toner\/","name":"SUZANOBAGIMDTM Balancing Toner - Audrey Had a Secret","isPartOf":{"@id":"https:\/\/audreyhadasecret.com\/#website"},"datePublished":"2023-01-09T17:39:10+00:00","dateModified":"2023-02-15T19:43:48+00:00","description":"SUZANOBAGIMDTM Balancing Toner | PH balancing facial toner | Skin Type: Combination Skin, Dry Skin, Normal Skin, Oily Skin","breadcrumb":{"@id":"https:\/\/audreyhadasecret.com\/product\/suzanobagimdtm-balancing-toner\/#breadcrumb"},"inLanguage":"lt-LT","potentialAction":[{"@type":"ReadAction","target":["https:\/\/audreyhadasecret.com\/product\/suzanobagimdtm-balancing-toner\/"]}]},{"@type":"BreadcrumbList","@id":"https:\/\/audreyhadasecret.com\/product\/suzanobagimdtm-balancing-toner\/#breadcrumb","itemListElement":[{"@type":"ListItem","position":1,"name":"Home","item":"https:\/\/audreyhadasecret.com\/"},{"@type":"ListItem","position":2,"name":"Shop","item":"https:\/\/audreyhadasecret.com\/shop\/"},{"@type":"ListItem","position":3,"name":"SUZANOBAGIMDTM Balancing Toner"}]},{"@type":"WebSite","@id":"https:\/\/audreyhadasecret.com\/#website","url":"https:\/\/audreyhadasecret.com\/","name":"AUDREY HAD A SECRET","description":"Audrey\u2019s world is ever changing. Upon rising she decides who she is going to be that day.","publisher":{"@id":"https:\/\/audreyhadasecret.com\/#organization"},"potentialAction":[{"@type":"SearchAction","target":{"@type":"EntryPoint","urlTemplate":"https:\/\/audreyhadasecret.com\/?s={search_term_string}"},"query-input":"required name=search_term_string"}],"inLanguage":"lt-LT"},{"@type":"Organization","@id":"https:\/\/audreyhadasecret.com\/#organization","name":"AUDREY HAD A SECRET","url":"https:\/\/audreyhadasecret.com\/","logo":{"@type":"ImageObject","inLanguage":"lt-LT","@id":"https:\/\/audreyhadasecret.com\/#\/schema\/logo\/image\/","url":"https:\/\/audreyhadasecret.com\/wp-content\/uploads\/2022\/11\/cropped-AUDREY-HAD-A-SECRET_LOGO_Pozityvas_Pagrindine-versija.png","contentUrl":"https:\/\/audreyhadasecret.com\/wp-content\/uploads\/2022\/11\/cropped-AUDREY-HAD-A-SECRET_LOGO_Pozityvas_Pagrindine-versija.png","width":1757,"height":1043,"caption":"AUDREY HAD A SECRET"},"image":{"@id":"https:\/\/audreyhadasecret.com\/#\/schema\/logo\/image\/"}}]}},"_links":{"self":[{"href":"https:\/\/audreyhadasecret.com\/lt\/wp-json\/wp\/v2\/product\/1889"}],"collection":[{"href":"https:\/\/audreyhadasecret.com\/lt\/wp-json\/wp\/v2\/product"}],"about":[{"href":"https:\/\/audreyhadasecret.com\/lt\/wp-json\/wp\/v2\/types\/product"}],"version-history":[{"count":0,"href":"https:\/\/audreyhadasecret.com\/lt\/wp-json\/wp\/v2\/product\/1889\/revisions"}],"wp:featuredmedia":[{"embeddable":true,"href":"https:\/\/audreyhadasecret.com\/lt\/wp-json\/wp\/v2\/media\/1863"}],"wp:attachment":[{"href":"https:\/\/audreyhadasecret.com\/lt\/wp-json\/wp\/v2\/media?parent=1889"}],"wp:term":[{"taxonomy":"product_cat","embeddable":true,"href":"https:\/\/audreyhadasecret.com\/lt\/wp-json\/wp\/v2\/product_cat?post=1889"},{"taxonomy":"product_tag","embeddable":true,"href":"https:\/\/audreyhadasecret.com\/lt\/wp-json\/wp\/v2\/product_tag?post=1889"}],"curies":[{"name":"wp","href":"https:\/\/api.w.org\/{rel}","templated":true}]}}