{"id":1891,"date":"2023-01-09T19:40:24","date_gmt":"2023-01-09T17:40:24","guid":{"rendered":"https:\/\/audreyhadasecret.com\/?post_type=product&#038;p=1891"},"modified":"2023-02-15T21:43:48","modified_gmt":"2023-02-15T19:43:48","slug":"suzanobagimdtm-cleansing-wipes","status":"publish","type":"product","link":"https:\/\/audreyhadasecret.com\/lt\/produktas\/suzanobagimdtm-cleansing-wipes\/","title":{"rendered":"OBAGI SUZANOBAGIMD Cleansing Wipes makia\u017eui valyti"},"content":{"rendered":"<p>Antioksidacin\u0117s veido valymo servet\u0117l\u0117s<\/p>\n<p>Antioksidacin\u0117s veido valymo servet\u0117l\u0117s skirtos greitam makia\u017eo bei kit\u0173 odos ne\u0161varum\u0173 nuvalymui. Patogu naudoti skubant ar kelion\u0117je.  \u0160alina makia\u017e\u0105, ne\u0161varumus, perteklin\u012f riebal\u0173 kiek\u012f ant odos.<\/p>\n<p>Odos tipas:<a href=\"https:\/\/www.obagi.com\/medical\/skin-type\/combination-skin\"> Mi\u0161ri oda<\/a>, <a href=\"https:\/\/www.obagi.com\/medical\/skin-type\/dry-skin\">Sausa oda<\/a>, <a href=\"https:\/\/www.obagi.com\/medical\/skin-type\/normal-skin\">normali oda<\/a>, <a href=\"https:\/\/www.obagi.com\/medical\/skin-type\/oily-skin\">riebi oda<\/a><\/p>\n<p>Odos problemos:<a href=\"https:\/\/www.obagi.com\/medical\/skin-concern\/redness-prone\"> Paraudusi oda<\/a>, <a href=\"https:\/\/www.obagi.com\/medical\/skin-concern\/sensitive-skin\">jautri oda<\/a><\/p>\n<p>Servet\u0117l\u0117s<\/p>\n<ul>\n<li>Dydis 25 vnt.<\/li>\n<\/ul>\n<p><strong>I\u0161sami informacija:<\/strong><\/p>\n<ul>\n<li>SUZANOBAGIMD valomosios servet\u0117l\u0117s skirtos ne tik greitai nusiprausti keliaujant. Kiekvienoje servet\u0117l\u0117je yra antioksidacini\u0173 ingredient\u0173, d\u0117l kuri\u0173 visa likusi linija yra unikali - citrin\u0173 bioflavonoid\u0173, kop\u016bstini\u0173 dar\u017eovi\u0173 sulforafano ir alavijo polifenoli\u0173.<\/li>\n<li><\/li>\n<li>\u0160ios mink\u0161tos, i\u0161 anksto sudr\u0117kintos tekst\u016brin\u0117s servet\u0117l\u0117s yra hipoalergin\u0117s, pagamintos be paraben\u0173, sintetini\u0173 kvapi\u0173j\u0173 med\u017eiag\u0173 ir da\u017eikli\u0173. Jas puikiai tinka pasiimti su savimi, kad greitai pa\u0161alintum\u0117te ne\u0161varumus, makia\u017e\u0105, ne\u0161varumus ir aplinkos streso veiksnius, kai ne\u012fmanoma, neprakti\u0161ka ar tiesiog per sunku susidoroti su visa valymo proced\u016bra po ilgos nakties.<\/li>\n<li><\/li>\n<\/ul>\n<p><strong>Apie Dr. Suzan Obagi<\/strong><\/p>\n<ul>\n<li>Suzan Obagi yra pripa\u017einta viena i\u0161 labiausiai gerbiam\u0173 pasaulyje kosmetikos chirurgi\u0173 ir dermatologi\u0173, kuri yra \u012fsipareigojusi mokyti medicinos studentus, rezidentus, kolegas ir kitus gydytojus. Jos susidom\u0117jimas odos sveikata ir atk\u016brimu l\u0117m\u0117 daugyb\u0119 recenzuot\u0173 straipsni\u0173 \u017eurnaluose ir skyri\u0173 svarbiausiuose dermatologijos, plastin\u0117s ir estetin\u0117s chirurgijos vadov\u0117liuose.<\/li>\n<li><\/li>\n<li>Kaip medicinos konsultant\u0117, Dr. Suzan Obagi bendradarbiavo su \"Obagi Medical\", kad sukurt\u0173 SUZANOBAGIMD odos prie\u017ei\u016bros priemoni\u0173 kolekcij\u0105.<\/li>\n<\/ul>\n<p>&nbsp;<\/p>\n<p><strong>Pagrindiniai ingredientai:<\/strong><\/p>\n<p>Alavijas<\/p>\n<p>Alavijas- dr\u0117gm\u0119 sulaikantis antioksidantas. Ramina, turi ir antibakterini\u0173 savybi\u0173.<\/p>\n<p><u><a href=\"https:\/\/www.obagi.com\/medical\/suzanobagimd-cleansing-wipes#multiCollapseExample3\">Visi ingredientai:<\/a><\/u><\/p>\n<p>&nbsp;<\/p>\n<p>Aqua\/Water\/Eau, Propanediol, Decyl Glucoside, Phenoxyethanol, Trehalose, Polysorbate 20, Caprylyl Glycol, Sodium PCA, Ethylhexylglycerin, Hexylene Glycol, Cocamidopropyl PG-Dimonium Chloride Phosphate, Aloe Barbadensis Leaf Extract, Aloe Barbadensis Leaf Juice, Citric Acid, Bioflavonoids, Brassica Oleracea Italica (Broccoli) Extract\/ Brassica Oleracea Italica Extract<\/p>\n<p><strong>Kaip naudoti:<\/strong><\/p>\n<ul>\n<li>Gently massage the face, eyelids and neck with a pre-moistened wipe to remove excess oil, dirt and impurities.<\/li>\n<li>Take special care around sensitive areas such as the eyes.<\/li>\n<li>There is no need to rinse.<\/li>\n<li>Please dispose of the wipe in an appropriate trash receptacle. Do not flush.<\/li>\n<\/ul>\n<p><strong>Atsargumo priemon\u0117s:<\/strong><\/p>\n<ul>\n<li>Jei atsiranda sudirgimas, nustokit naudoti<\/li>\n<li>Tik i\u0161oriniam naudojimui<\/li>\n<li>Vengti patekimo \u012f akis<\/li>\n<li>Laikyti vaikams nepasiekiamoje vietoje<\/li>\n<li>Wear a sunscreen with a minimum Broad Spectrum SPF 30 daily.<\/li>\n<\/ul>\n<p><strong>Laikymo s\u0105lygos:<\/strong><\/p>\n<ul>\n<li>Store at controlled room temperature<\/li>\n<li>15\u00b0C\u201325\u00b0C (59\u00b0F\u201377\u00b0F)<\/li>\n<li>Keep out of direct sunlight and away from heat sources<\/li>\n<\/ul>","protected":false},"excerpt":{"rendered":"<p>Antioksidacin\u0117s veido valymo servet\u0117l\u0117s skirtos greitam makia\u017eo bei kit\u0173 odos ne\u0161varum\u0173 nuvalymui. Patogu naudoti skubant ar kelion\u0117je.  \u0160alina makia\u017e\u0105, ne\u0161varumus, perteklin\u012f riebal\u0173 kiek\u012f ant odos.<\/p>","protected":false},"featured_media":1860,"template":"","meta":{"site-sidebar-layout":"default","site-content-layout":"default","ast-global-header-display":"","ast-main-header-display":"","ast-hfb-above-header-display":"","ast-hfb-below-header-display":"","ast-hfb-mobile-header-display":"","site-post-title":"","ast-breadcrumbs-content":"","ast-featured-img":"","footer-sml-layout":"","theme-transparent-header-meta":"default","adv-header-id-meta":"","stick-header-meta":"","header-above-stick-meta":"","header-main-stick-meta":"","header-below-stick-meta":""},"product_cat":[16,50],"product_tag":[],"yoast_head":"<!-- This site is optimized with the Yoast SEO plugin v20.11 - https:\/\/yoast.com\/wordpress\/plugins\/seo\/ -->\n<title>SUZANOBAGIMDTM Cleansing Wipes - Audrey Had a Secret<\/title>\n<meta name=\"description\" content=\"SUZANOBAGIMDTM Cleansing Wipes | Re-moistened, textured cleansing wipes | Skin Type: Combination Skin, Dry Skin, Normal Skin, Oily Skin\" \/>\n<meta name=\"robots\" content=\"index, follow, max-snippet:-1, max-image-preview:large, max-video-preview:-1\" \/>\n<link rel=\"canonical\" href=\"https:\/\/audreyhadasecret.com\/lt\/produktas\/suzanobagimdtm-cleansing-wipes\/\" \/>\n<meta property=\"og:locale\" content=\"lt_LT\" \/>\n<meta property=\"og:type\" content=\"article\" \/>\n<meta property=\"og:title\" content=\"SUZANOBAGIMDTM Cleansing Wipes - Audrey Had a Secret\" \/>\n<meta property=\"og:description\" content=\"SUZANOBAGIMDTM Cleansing Wipes | Re-moistened, textured cleansing wipes | Skin Type: Combination Skin, Dry Skin, Normal Skin, Oily Skin\" \/>\n<meta property=\"og:url\" content=\"https:\/\/audreyhadasecret.com\/lt\/produktas\/suzanobagimdtm-cleansing-wipes\/\" \/>\n<meta property=\"og:site_name\" content=\"Audrey Had a Secret\" \/>\n<meta property=\"article:modified_time\" content=\"2023-02-15T19:43:48+00:00\" \/>\n<meta property=\"og:image\" content=\"https:\/\/audreyhadasecret.com\/wp-content\/uploads\/2023\/01\/1-SUZANOBAGIMD_-On-the-Go-Cleansing-and-Makeup-Removing-Wipes.jpg\" \/>\n\t<meta property=\"og:image:width\" content=\"800\" \/>\n\t<meta property=\"og:image:height\" content=\"800\" \/>\n\t<meta property=\"og:image:type\" content=\"image\/jpeg\" \/>\n<meta name=\"twitter:card\" content=\"summary_large_image\" \/>\n<meta name=\"twitter:label1\" content=\"Est. reading time\" \/>\n\t<meta name=\"twitter:data1\" content=\"2 minut\u0117s\" \/>\n<script type=\"application\/ld+json\" class=\"yoast-schema-graph\">{\"@context\":\"https:\/\/schema.org\",\"@graph\":[{\"@type\":\"WebPage\",\"@id\":\"https:\/\/audreyhadasecret.com\/product\/suzanobagimdtm-cleansing-wipes\/\",\"url\":\"https:\/\/audreyhadasecret.com\/product\/suzanobagimdtm-cleansing-wipes\/\",\"name\":\"SUZANOBAGIMDTM Cleansing Wipes - Audrey Had a Secret\",\"isPartOf\":{\"@id\":\"https:\/\/audreyhadasecret.com\/#website\"},\"datePublished\":\"2023-01-09T17:40:24+00:00\",\"dateModified\":\"2023-02-15T19:43:48+00:00\",\"description\":\"SUZANOBAGIMDTM Cleansing Wipes | Re-moistened, textured cleansing wipes | Skin Type: Combination Skin, Dry Skin, Normal Skin, Oily Skin\",\"breadcrumb\":{\"@id\":\"https:\/\/audreyhadasecret.com\/product\/suzanobagimdtm-cleansing-wipes\/#breadcrumb\"},\"inLanguage\":\"lt-LT\",\"potentialAction\":[{\"@type\":\"ReadAction\",\"target\":[\"https:\/\/audreyhadasecret.com\/product\/suzanobagimdtm-cleansing-wipes\/\"]}]},{\"@type\":\"BreadcrumbList\",\"@id\":\"https:\/\/audreyhadasecret.com\/product\/suzanobagimdtm-cleansing-wipes\/#breadcrumb\",\"itemListElement\":[{\"@type\":\"ListItem\",\"position\":1,\"name\":\"Home\",\"item\":\"https:\/\/audreyhadasecret.com\/\"},{\"@type\":\"ListItem\",\"position\":2,\"name\":\"Shop\",\"item\":\"https:\/\/audreyhadasecret.com\/shop\/\"},{\"@type\":\"ListItem\",\"position\":3,\"name\":\"SUZANOBAGIMDTM Cleansing Wipes\"}]},{\"@type\":\"WebSite\",\"@id\":\"https:\/\/audreyhadasecret.com\/#website\",\"url\":\"https:\/\/audreyhadasecret.com\/\",\"name\":\"AUDREY HAD A SECRET\",\"description\":\"Audrey\u2019s world is ever changing. Upon rising she decides who she is going to be that day.\",\"publisher\":{\"@id\":\"https:\/\/audreyhadasecret.com\/#organization\"},\"potentialAction\":[{\"@type\":\"SearchAction\",\"target\":{\"@type\":\"EntryPoint\",\"urlTemplate\":\"https:\/\/audreyhadasecret.com\/?s={search_term_string}\"},\"query-input\":\"required name=search_term_string\"}],\"inLanguage\":\"lt-LT\"},{\"@type\":\"Organization\",\"@id\":\"https:\/\/audreyhadasecret.com\/#organization\",\"name\":\"AUDREY HAD A SECRET\",\"url\":\"https:\/\/audreyhadasecret.com\/\",\"logo\":{\"@type\":\"ImageObject\",\"inLanguage\":\"lt-LT\",\"@id\":\"https:\/\/audreyhadasecret.com\/#\/schema\/logo\/image\/\",\"url\":\"https:\/\/audreyhadasecret.com\/wp-content\/uploads\/2022\/11\/cropped-AUDREY-HAD-A-SECRET_LOGO_Pozityvas_Pagrindine-versija.png\",\"contentUrl\":\"https:\/\/audreyhadasecret.com\/wp-content\/uploads\/2022\/11\/cropped-AUDREY-HAD-A-SECRET_LOGO_Pozityvas_Pagrindine-versija.png\",\"width\":1757,\"height\":1043,\"caption\":\"AUDREY HAD A SECRET\"},\"image\":{\"@id\":\"https:\/\/audreyhadasecret.com\/#\/schema\/logo\/image\/\"}}]}<\/script>\n<!-- \/ Yoast SEO plugin. -->","yoast_head_json":{"title":"SUZANOBAGIMDTM Cleansing Wipes - Audrey Had a Secret","description":"SUZANOBAGIMDTM Cleansing Wipes | Re-moistened, textured cleansing wipes | Skin Type: Combination Skin, Dry Skin, Normal Skin, Oily Skin","robots":{"index":"index","follow":"follow","max-snippet":"max-snippet:-1","max-image-preview":"max-image-preview:large","max-video-preview":"max-video-preview:-1"},"canonical":"https:\/\/audreyhadasecret.com\/lt\/produktas\/suzanobagimdtm-cleansing-wipes\/","og_locale":"lt_LT","og_type":"article","og_title":"SUZANOBAGIMDTM Cleansing Wipes - Audrey Had a Secret","og_description":"SUZANOBAGIMDTM Cleansing Wipes | Re-moistened, textured cleansing wipes | Skin Type: Combination Skin, Dry Skin, Normal Skin, Oily Skin","og_url":"https:\/\/audreyhadasecret.com\/lt\/produktas\/suzanobagimdtm-cleansing-wipes\/","og_site_name":"Audrey Had a Secret","article_modified_time":"2023-02-15T19:43:48+00:00","og_image":[{"width":800,"height":800,"url":"https:\/\/audreyhadasecret.com\/wp-content\/uploads\/2023\/01\/1-SUZANOBAGIMD_-On-the-Go-Cleansing-and-Makeup-Removing-Wipes.jpg","type":"image\/jpeg"}],"twitter_card":"summary_large_image","twitter_misc":{"Est. reading time":"2 minut\u0117s"},"schema":{"@context":"https:\/\/schema.org","@graph":[{"@type":"WebPage","@id":"https:\/\/audreyhadasecret.com\/product\/suzanobagimdtm-cleansing-wipes\/","url":"https:\/\/audreyhadasecret.com\/product\/suzanobagimdtm-cleansing-wipes\/","name":"SUZANOBAGIMDTM Cleansing Wipes - Audrey Had a Secret","isPartOf":{"@id":"https:\/\/audreyhadasecret.com\/#website"},"datePublished":"2023-01-09T17:40:24+00:00","dateModified":"2023-02-15T19:43:48+00:00","description":"SUZANOBAGIMDTM Cleansing Wipes | Re-moistened, textured cleansing wipes | Skin Type: Combination Skin, Dry Skin, Normal Skin, Oily Skin","breadcrumb":{"@id":"https:\/\/audreyhadasecret.com\/product\/suzanobagimdtm-cleansing-wipes\/#breadcrumb"},"inLanguage":"lt-LT","potentialAction":[{"@type":"ReadAction","target":["https:\/\/audreyhadasecret.com\/product\/suzanobagimdtm-cleansing-wipes\/"]}]},{"@type":"BreadcrumbList","@id":"https:\/\/audreyhadasecret.com\/product\/suzanobagimdtm-cleansing-wipes\/#breadcrumb","itemListElement":[{"@type":"ListItem","position":1,"name":"Home","item":"https:\/\/audreyhadasecret.com\/"},{"@type":"ListItem","position":2,"name":"Shop","item":"https:\/\/audreyhadasecret.com\/shop\/"},{"@type":"ListItem","position":3,"name":"SUZANOBAGIMDTM Cleansing Wipes"}]},{"@type":"WebSite","@id":"https:\/\/audreyhadasecret.com\/#website","url":"https:\/\/audreyhadasecret.com\/","name":"AUDREY HAD A SECRET","description":"Audrey\u2019s world is ever changing. Upon rising she decides who she is going to be that day.","publisher":{"@id":"https:\/\/audreyhadasecret.com\/#organization"},"potentialAction":[{"@type":"SearchAction","target":{"@type":"EntryPoint","urlTemplate":"https:\/\/audreyhadasecret.com\/?s={search_term_string}"},"query-input":"required name=search_term_string"}],"inLanguage":"lt-LT"},{"@type":"Organization","@id":"https:\/\/audreyhadasecret.com\/#organization","name":"AUDREY HAD A SECRET","url":"https:\/\/audreyhadasecret.com\/","logo":{"@type":"ImageObject","inLanguage":"lt-LT","@id":"https:\/\/audreyhadasecret.com\/#\/schema\/logo\/image\/","url":"https:\/\/audreyhadasecret.com\/wp-content\/uploads\/2022\/11\/cropped-AUDREY-HAD-A-SECRET_LOGO_Pozityvas_Pagrindine-versija.png","contentUrl":"https:\/\/audreyhadasecret.com\/wp-content\/uploads\/2022\/11\/cropped-AUDREY-HAD-A-SECRET_LOGO_Pozityvas_Pagrindine-versija.png","width":1757,"height":1043,"caption":"AUDREY HAD A SECRET"},"image":{"@id":"https:\/\/audreyhadasecret.com\/#\/schema\/logo\/image\/"}}]}},"_links":{"self":[{"href":"https:\/\/audreyhadasecret.com\/lt\/wp-json\/wp\/v2\/product\/1891"}],"collection":[{"href":"https:\/\/audreyhadasecret.com\/lt\/wp-json\/wp\/v2\/product"}],"about":[{"href":"https:\/\/audreyhadasecret.com\/lt\/wp-json\/wp\/v2\/types\/product"}],"version-history":[{"count":0,"href":"https:\/\/audreyhadasecret.com\/lt\/wp-json\/wp\/v2\/product\/1891\/revisions"}],"wp:featuredmedia":[{"embeddable":true,"href":"https:\/\/audreyhadasecret.com\/lt\/wp-json\/wp\/v2\/media\/1860"}],"wp:attachment":[{"href":"https:\/\/audreyhadasecret.com\/lt\/wp-json\/wp\/v2\/media?parent=1891"}],"wp:term":[{"taxonomy":"product_cat","embeddable":true,"href":"https:\/\/audreyhadasecret.com\/lt\/wp-json\/wp\/v2\/product_cat?post=1891"},{"taxonomy":"product_tag","embeddable":true,"href":"https:\/\/audreyhadasecret.com\/lt\/wp-json\/wp\/v2\/product_tag?post=1891"}],"curies":[{"name":"wp","href":"https:\/\/api.w.org\/{rel}","templated":true}]}}