{"id":1893,"date":"2023-01-09T19:43:01","date_gmt":"2023-01-09T17:43:01","guid":{"rendered":"https:\/\/audreyhadasecret.com\/?post_type=product&#038;p=1893"},"modified":"2023-02-15T21:43:47","modified_gmt":"2023-02-15T19:43:47","slug":"suzanobagimdtm-foaming-cleanser","status":"publish","type":"product","link":"https:\/\/audreyhadasecret.com\/lt\/produktas\/suzanobagimdtm-foaming-cleanser\/","title":{"rendered":"SUZANOBAGIMD Foaming Cleanser jautrios odos prausiklis"},"content":{"rendered":"<p>Prabangus valiklis su mikroputomis<\/p>\n<p>SUZANOBAGIMD putojantis prausiklis yra dermatolog\u0173 patikrintas, hipoalerginis, be sintetini\u0173 kvapi\u0173j\u0173 med\u017eiag\u0173 ir paraben\u0173. \u0160ios tir\u0161tos mikroputos \u0161velniai ir giliai valo, pa\u0161alindamos susikaupusius riebalus, makia\u017e\u0105 ir aplinkos ne\u0161varumus.<\/p>\n<p>Odos tipas:<a href=\"https:\/\/www.obagi.com\/medical\/skin-type\/combination-skin\"> Mi\u0161ri oda<\/a>, <a href=\"https:\/\/www.obagi.com\/medical\/skin-type\/dry-skin\">Sausa oda<\/a>, <a href=\"https:\/\/www.obagi.com\/medical\/skin-type\/normal-skin\">normali oda<\/a>, <a href=\"https:\/\/www.obagi.com\/medical\/skin-type\/oily-skin\">riebi oda<\/a><\/p>\n<p>Odos problemos:<a href=\"https:\/\/www.obagi.com\/medical\/skin-concern\/redness-prone\"> Paraudusi oda<\/a>, <a href=\"https:\/\/www.obagi.com\/medical\/skin-concern\/sensitive-skin\">jautri oda<\/a><\/p>\n<p>Valiklis<\/p>\n<ul>\n<li>Dydis 200 ml<\/li>\n<\/ul>\n<p><strong>I\u0161sami informacija:<\/strong><\/p>\n<p>SUZANOBAGIMD linija idealiai tinka pacientams, kurie nori veiksming\u0173, ta\u010diau \u0161velni\u0173 ir maitinan\u010di\u0173 produkt\u0173. Kiekvienas produktas yra patikrintas dermatolog\u0173, hipoalerginis ir pagamintas be paraben\u0173, sintetini\u0173 kvapi\u0173j\u0173 med\u017eiag\u0173 ir da\u017eikli\u0173.<\/p>\n<p>Unikalios formul\u0117s padeda spr\u0119sti:<\/p>\n<ul>\n<li>Foto sen\u0117jimo, pavyzd\u017eiui, smulki\u0173 linij\u0173 ir rauk\u0161li\u0173, i\u0161vaizd\u0105<\/li>\n<li>\u0160iurk\u0161\u010di\u0105 odos tekst\u016br\u0105<\/li>\n<li>Jautri\u0105, \u0161velni\u0105 od\u0105<\/li>\n<\/ul>\n<p><strong>Apie Dr. Suzan Obagi<\/strong><\/p>\n<p>Dr. Suzan Obagi yra pripa\u017einta viena i\u0161 labiausiai gerbiam\u0173 pasaulyje kosmetikos chirurg\u0173 ir dermatolog\u0173, besir\u016bpinanti medicinos student\u0173, rezident\u0173, mokslinink\u0173 ir kit\u0173 gydytoj\u0173 mokymu. Jos susidom\u0117jimas odos sveikata ir atk\u016brimu l\u0117m\u0117 daugyb\u0119 recenzuot\u0173 straipsni\u0173 \u017eurnaluose ir skyri\u0173 svarbiausiuose dermatologijos, plastin\u0117s ir estetin\u0117s chirurgijos vadov\u0117liuose.<\/p>\n<p>Kaip medicinos konsultant\u0117, Dr. Suzan Obagi bendradarbiavo su \"Obagi Medical\", kad sukurt\u0173 SUZANOBAGIMD odos prie\u017ei\u016bros priemoni\u0173 kolekcij\u0105.<\/p>\n<p>&nbsp;<\/p>\n<p><strong>Pagrindiniai ingredientai:<\/strong><\/p>\n<p>Alavijas<\/p>\n<p>Aloe is a water-binding agent that has soothing, antioxidant, and anti-bacterial qualities.<\/p>\n<p><u><a href=\"https:\/\/www.obagi.com\/medical\/suzanobagimd-foaming-cleanser#multiCollapseExample3\">Visi ingredientai:<\/a><\/u><\/p>\n<p>&nbsp;<\/p>\n<p>Aqua\/Water\/Eau, Sodium Lauroyl Methyl Isethionate, Propanediol, Cocamidopropyl Betaine, Sodium Methyl Oleoyl Taurate, Sodium Cocoyl Isethionate, Citrus Paradisi (Grapefruit) Peel Oil\/Citrus Paradisi Peel Oil, Polysorbate 20, Sodium Benzoate Sodium Chloride, Trisodium Ethylenediamine, Disuccinate, Citric Acid, Panthenol, Glycerin, Aloe Barbadensis Leaf Extract, Sodium PCA, Bioflavonoids, Brassica Oleracea Italica (Broccoli) Extract\/Brassica Oleracea Italica Extract, Methylchloroisothiazolinone, Methylisothiazolinone, Limonene, Benzisothiazolinone<\/p>\n<p><strong>Kaip naudoti:<\/strong><\/p>\n<ul>\n<li>Moisten face and neck with warm water<\/li>\n<li>Massage 2 pumps of foam onto face and neck<\/li>\n<li>Rinse thoroughly with warm water and pat skin dry<\/li>\n<li>Naudokite du kartus per par\u0105, ryte ir vakare<\/li>\n<\/ul>\n<p><strong>Atsargumo priemon\u0117s:<\/strong><\/p>\n<ul>\n<li>Tik i\u0161oriniam naudojimui<\/li>\n<li>Jei atsiranda sudirgimas, nustokit naudoti<\/li>\n<li>Vengti patekimo \u012f akis<\/li>\n<li>Laikyti vaikams nepasiekiamoje vietoje<\/li>\n<li>Kasdien tepkite saul\u0117s apsaugines priemones su SPF.<\/li>\n<\/ul>\n<p><strong>Laikymo s\u0105lygos:<\/strong><\/p>\n<ul>\n<li>Laikyti kambario temperat\u016broje: 15\u00b0\u201325\u00b0C<\/li>\n<li>Laikyti atokiau nuo tiesiogini\u0173 saul\u0117s spinduli\u0173 ir \u0161ilumos \u0161altini\u0173.<\/li>\n<\/ul>","protected":false},"excerpt":{"rendered":"<p>SUZANOBAGIMD putojantis prausiklis yra dermatolog\u0173 patikrintas, hipoalerginis, be sintetini\u0173 kvapi\u0173j\u0173 med\u017eiag\u0173 ir paraben\u0173. \u0160ios tir\u0161tos mikroputos \u0161velniai ir giliai valo, pa\u0161alindamos susikaupusius riebalus, makia\u017e\u0105 ir aplinkos ne\u0161varumus.<\/p>","protected":false},"featured_media":1862,"template":"","meta":{"site-sidebar-layout":"default","site-content-layout":"default","ast-global-header-display":"","ast-main-header-display":"","ast-hfb-above-header-display":"","ast-hfb-below-header-display":"","ast-hfb-mobile-header-display":"","site-post-title":"","ast-breadcrumbs-content":"","ast-featured-img":"","footer-sml-layout":"","theme-transparent-header-meta":"default","adv-header-id-meta":"","stick-header-meta":"","header-above-stick-meta":"","header-main-stick-meta":"","header-below-stick-meta":""},"product_cat":[16,50],"product_tag":[],"yoast_head":"<!-- This site is optimized with the Yoast SEO plugin v20.11 - https:\/\/yoast.com\/wordpress\/plugins\/seo\/ -->\n<title>SUZANOBAGIMDTM Foaming Cleanser - Audrey Had a Secret<\/title>\n<meta name=\"description\" content=\"SUZANOBAGIMDTM Foaming Cleanser | Luxurious microfoam cleanser | Skin Type: Combination Skin, Dry Skin, Normal Skin, Oily Skin\" \/>\n<meta name=\"robots\" content=\"index, follow, max-snippet:-1, max-image-preview:large, max-video-preview:-1\" \/>\n<link rel=\"canonical\" href=\"https:\/\/audreyhadasecret.com\/lt\/produktas\/suzanobagimdtm-foaming-cleanser\/\" \/>\n<meta property=\"og:locale\" content=\"lt_LT\" \/>\n<meta property=\"og:type\" content=\"article\" \/>\n<meta property=\"og:title\" content=\"SUZANOBAGIMDTM Foaming Cleanser - Audrey Had a Secret\" \/>\n<meta property=\"og:description\" content=\"SUZANOBAGIMDTM Foaming Cleanser | Luxurious microfoam cleanser | Skin Type: Combination Skin, Dry Skin, Normal Skin, Oily Skin\" \/>\n<meta property=\"og:url\" content=\"https:\/\/audreyhadasecret.com\/lt\/produktas\/suzanobagimdtm-foaming-cleanser\/\" \/>\n<meta property=\"og:site_name\" content=\"Audrey Had a Secret\" \/>\n<meta property=\"article:modified_time\" content=\"2023-02-15T19:43:47+00:00\" \/>\n<meta property=\"og:image\" content=\"https:\/\/audreyhadasecret.com\/wp-content\/uploads\/2023\/01\/1-SUZANOBAGIMD_-Foaming-Cleanser-200ml.jpg\" \/>\n\t<meta property=\"og:image:width\" content=\"800\" \/>\n\t<meta property=\"og:image:height\" content=\"800\" \/>\n\t<meta property=\"og:image:type\" content=\"image\/jpeg\" \/>\n<meta name=\"twitter:card\" content=\"summary_large_image\" \/>\n<meta name=\"twitter:label1\" content=\"Est. reading time\" \/>\n\t<meta name=\"twitter:data1\" content=\"2 minut\u0117s\" \/>\n<script type=\"application\/ld+json\" class=\"yoast-schema-graph\">{\"@context\":\"https:\/\/schema.org\",\"@graph\":[{\"@type\":\"WebPage\",\"@id\":\"https:\/\/audreyhadasecret.com\/product\/suzanobagimdtm-foaming-cleanser\/\",\"url\":\"https:\/\/audreyhadasecret.com\/product\/suzanobagimdtm-foaming-cleanser\/\",\"name\":\"SUZANOBAGIMDTM Foaming Cleanser - Audrey Had a Secret\",\"isPartOf\":{\"@id\":\"https:\/\/audreyhadasecret.com\/#website\"},\"datePublished\":\"2023-01-09T17:43:01+00:00\",\"dateModified\":\"2023-02-15T19:43:47+00:00\",\"description\":\"SUZANOBAGIMDTM Foaming Cleanser | Luxurious microfoam cleanser | Skin Type: Combination Skin, Dry Skin, Normal Skin, Oily Skin\",\"breadcrumb\":{\"@id\":\"https:\/\/audreyhadasecret.com\/product\/suzanobagimdtm-foaming-cleanser\/#breadcrumb\"},\"inLanguage\":\"lt-LT\",\"potentialAction\":[{\"@type\":\"ReadAction\",\"target\":[\"https:\/\/audreyhadasecret.com\/product\/suzanobagimdtm-foaming-cleanser\/\"]}]},{\"@type\":\"BreadcrumbList\",\"@id\":\"https:\/\/audreyhadasecret.com\/product\/suzanobagimdtm-foaming-cleanser\/#breadcrumb\",\"itemListElement\":[{\"@type\":\"ListItem\",\"position\":1,\"name\":\"Home\",\"item\":\"https:\/\/audreyhadasecret.com\/\"},{\"@type\":\"ListItem\",\"position\":2,\"name\":\"Shop\",\"item\":\"https:\/\/audreyhadasecret.com\/shop\/\"},{\"@type\":\"ListItem\",\"position\":3,\"name\":\"SUZANOBAGIMDTM Foaming Cleanser\"}]},{\"@type\":\"WebSite\",\"@id\":\"https:\/\/audreyhadasecret.com\/#website\",\"url\":\"https:\/\/audreyhadasecret.com\/\",\"name\":\"AUDREY HAD A SECRET\",\"description\":\"Audrey\u2019s world is ever changing. Upon rising she decides who she is going to be that day.\",\"publisher\":{\"@id\":\"https:\/\/audreyhadasecret.com\/#organization\"},\"potentialAction\":[{\"@type\":\"SearchAction\",\"target\":{\"@type\":\"EntryPoint\",\"urlTemplate\":\"https:\/\/audreyhadasecret.com\/?s={search_term_string}\"},\"query-input\":\"required name=search_term_string\"}],\"inLanguage\":\"lt-LT\"},{\"@type\":\"Organization\",\"@id\":\"https:\/\/audreyhadasecret.com\/#organization\",\"name\":\"AUDREY HAD A SECRET\",\"url\":\"https:\/\/audreyhadasecret.com\/\",\"logo\":{\"@type\":\"ImageObject\",\"inLanguage\":\"lt-LT\",\"@id\":\"https:\/\/audreyhadasecret.com\/#\/schema\/logo\/image\/\",\"url\":\"https:\/\/audreyhadasecret.com\/wp-content\/uploads\/2022\/11\/cropped-AUDREY-HAD-A-SECRET_LOGO_Pozityvas_Pagrindine-versija.png\",\"contentUrl\":\"https:\/\/audreyhadasecret.com\/wp-content\/uploads\/2022\/11\/cropped-AUDREY-HAD-A-SECRET_LOGO_Pozityvas_Pagrindine-versija.png\",\"width\":1757,\"height\":1043,\"caption\":\"AUDREY HAD A SECRET\"},\"image\":{\"@id\":\"https:\/\/audreyhadasecret.com\/#\/schema\/logo\/image\/\"}}]}<\/script>\n<!-- \/ Yoast SEO plugin. -->","yoast_head_json":{"title":"SUZANOBAGIMDTM Foaming Cleanser - Audrey Had a Secret","description":"SUZANOBAGIMDTM Foaming Cleanser | Luxurious microfoam cleanser | Skin Type: Combination Skin, Dry Skin, Normal Skin, Oily Skin","robots":{"index":"index","follow":"follow","max-snippet":"max-snippet:-1","max-image-preview":"max-image-preview:large","max-video-preview":"max-video-preview:-1"},"canonical":"https:\/\/audreyhadasecret.com\/lt\/produktas\/suzanobagimdtm-foaming-cleanser\/","og_locale":"lt_LT","og_type":"article","og_title":"SUZANOBAGIMDTM Foaming Cleanser - Audrey Had a Secret","og_description":"SUZANOBAGIMDTM Foaming Cleanser | Luxurious microfoam cleanser | Skin Type: Combination Skin, Dry Skin, Normal Skin, Oily Skin","og_url":"https:\/\/audreyhadasecret.com\/lt\/produktas\/suzanobagimdtm-foaming-cleanser\/","og_site_name":"Audrey Had a Secret","article_modified_time":"2023-02-15T19:43:47+00:00","og_image":[{"width":800,"height":800,"url":"https:\/\/audreyhadasecret.com\/wp-content\/uploads\/2023\/01\/1-SUZANOBAGIMD_-Foaming-Cleanser-200ml.jpg","type":"image\/jpeg"}],"twitter_card":"summary_large_image","twitter_misc":{"Est. reading time":"2 minut\u0117s"},"schema":{"@context":"https:\/\/schema.org","@graph":[{"@type":"WebPage","@id":"https:\/\/audreyhadasecret.com\/product\/suzanobagimdtm-foaming-cleanser\/","url":"https:\/\/audreyhadasecret.com\/product\/suzanobagimdtm-foaming-cleanser\/","name":"SUZANOBAGIMDTM Foaming Cleanser - Audrey Had a Secret","isPartOf":{"@id":"https:\/\/audreyhadasecret.com\/#website"},"datePublished":"2023-01-09T17:43:01+00:00","dateModified":"2023-02-15T19:43:47+00:00","description":"SUZANOBAGIMDTM Foaming Cleanser | Luxurious microfoam cleanser | Skin Type: Combination Skin, Dry Skin, Normal Skin, Oily Skin","breadcrumb":{"@id":"https:\/\/audreyhadasecret.com\/product\/suzanobagimdtm-foaming-cleanser\/#breadcrumb"},"inLanguage":"lt-LT","potentialAction":[{"@type":"ReadAction","target":["https:\/\/audreyhadasecret.com\/product\/suzanobagimdtm-foaming-cleanser\/"]}]},{"@type":"BreadcrumbList","@id":"https:\/\/audreyhadasecret.com\/product\/suzanobagimdtm-foaming-cleanser\/#breadcrumb","itemListElement":[{"@type":"ListItem","position":1,"name":"Home","item":"https:\/\/audreyhadasecret.com\/"},{"@type":"ListItem","position":2,"name":"Shop","item":"https:\/\/audreyhadasecret.com\/shop\/"},{"@type":"ListItem","position":3,"name":"SUZANOBAGIMDTM Foaming Cleanser"}]},{"@type":"WebSite","@id":"https:\/\/audreyhadasecret.com\/#website","url":"https:\/\/audreyhadasecret.com\/","name":"AUDREY HAD A SECRET","description":"Audrey\u2019s world is ever changing. Upon rising she decides who she is going to be that day.","publisher":{"@id":"https:\/\/audreyhadasecret.com\/#organization"},"potentialAction":[{"@type":"SearchAction","target":{"@type":"EntryPoint","urlTemplate":"https:\/\/audreyhadasecret.com\/?s={search_term_string}"},"query-input":"required name=search_term_string"}],"inLanguage":"lt-LT"},{"@type":"Organization","@id":"https:\/\/audreyhadasecret.com\/#organization","name":"AUDREY HAD A SECRET","url":"https:\/\/audreyhadasecret.com\/","logo":{"@type":"ImageObject","inLanguage":"lt-LT","@id":"https:\/\/audreyhadasecret.com\/#\/schema\/logo\/image\/","url":"https:\/\/audreyhadasecret.com\/wp-content\/uploads\/2022\/11\/cropped-AUDREY-HAD-A-SECRET_LOGO_Pozityvas_Pagrindine-versija.png","contentUrl":"https:\/\/audreyhadasecret.com\/wp-content\/uploads\/2022\/11\/cropped-AUDREY-HAD-A-SECRET_LOGO_Pozityvas_Pagrindine-versija.png","width":1757,"height":1043,"caption":"AUDREY HAD A SECRET"},"image":{"@id":"https:\/\/audreyhadasecret.com\/#\/schema\/logo\/image\/"}}]}},"_links":{"self":[{"href":"https:\/\/audreyhadasecret.com\/lt\/wp-json\/wp\/v2\/product\/1893"}],"collection":[{"href":"https:\/\/audreyhadasecret.com\/lt\/wp-json\/wp\/v2\/product"}],"about":[{"href":"https:\/\/audreyhadasecret.com\/lt\/wp-json\/wp\/v2\/types\/product"}],"version-history":[{"count":0,"href":"https:\/\/audreyhadasecret.com\/lt\/wp-json\/wp\/v2\/product\/1893\/revisions"}],"wp:featuredmedia":[{"embeddable":true,"href":"https:\/\/audreyhadasecret.com\/lt\/wp-json\/wp\/v2\/media\/1862"}],"wp:attachment":[{"href":"https:\/\/audreyhadasecret.com\/lt\/wp-json\/wp\/v2\/media?parent=1893"}],"wp:term":[{"taxonomy":"product_cat","embeddable":true,"href":"https:\/\/audreyhadasecret.com\/lt\/wp-json\/wp\/v2\/product_cat?post=1893"},{"taxonomy":"product_tag","embeddable":true,"href":"https:\/\/audreyhadasecret.com\/lt\/wp-json\/wp\/v2\/product_tag?post=1893"}],"curies":[{"name":"wp","href":"https:\/\/api.w.org\/{rel}","templated":true}]}}