{"id":1895,"date":"2023-01-09T19:45:28","date_gmt":"2023-01-09T17:45:28","guid":{"rendered":"https:\/\/audreyhadasecret.com\/?post_type=product&#038;p=1895"},"modified":"2023-02-15T21:43:47","modified_gmt":"2023-02-15T19:43:47","slug":"suzanobagimdtm-physical-defense-broad-spectrum-spf-40","status":"publish","type":"product","link":"https:\/\/audreyhadasecret.com\/lt\/produktas\/suzanobagimdtm-physical-defense-broad-spectrum-spf-40\/","title":{"rendered":"OBAGI SUZANOBAGIMD Physical Defense kremas nuo saul\u0117s SPF40"},"content":{"rendered":"<p>Galingas mineralinio pagrindo apsauginis kremas nuo saul\u0117s<\/p>\n<p>Galinga mineralinio pagrindo formul\u0117 u\u017etikrina pa\u017eangi\u0105 UVA ir UVB spinduli\u0173 apsaug\u0105, o antioksidantai apsaugo nuo HEV, VIS ir IR spinduli\u0173 bei laisv\u0173j\u0173 radikal\u0173.<\/p>\n<p>&nbsp;<\/p>\n<p>SUZANOBAGIMD fizin\u0117s apsaugos priemon\u0117s nuo saul\u0117s yra unikalios formul\u0117s, kuri\u0173 sud\u0117tyje yra mineralini\u0173 apsaugos nuo saul\u0117s med\u017eiag\u0173, sustiprint\u0173 antioksidantais, kad b\u016bt\u0173 neutralizuoti laisvieji radikalai ir oksidacinis stresas odoje.<\/p>\n<p>Odos tipas:<a href=\"https:\/\/www.obagi.com\/medical\/skin-type\/combination-skin\"> Mi\u0161ri oda<\/a>, <a href=\"https:\/\/www.obagi.com\/medical\/skin-type\/dry-skin\">Sausa oda<\/a>, <a href=\"https:\/\/www.obagi.com\/medical\/skin-type\/normal-skin\">normali oda<\/a>, <a href=\"https:\/\/www.obagi.com\/medical\/skin-type\/oily-skin\">riebi oda<\/a><\/p>\n<p>Odos problemos:<a href=\"https:\/\/www.obagi.com\/medical\/skin-concern\/redness-prone\"> Paraudusi oda<\/a>, <a href=\"https:\/\/www.obagi.com\/medical\/skin-concern\/sensitive-skin\">jautri oda<\/a><\/p>\n<p>Apsauga nuo saul\u0117s<\/p>\n<ul>\n<li>Dydis 96,3 g<\/li>\n<\/ul>\n<p><strong>I\u0161sami informacija:<\/strong><\/p>\n<p>SUZANOBAGIMD linija idealiai tinka pacientams, kurie nori veiksming\u0173, ta\u010diau \u0161velni\u0173 ir maitinan\u010di\u0173 produkt\u0173. Kiekvienas produktas yra patikrintas dermatolog\u0173, hipoalerginis ir pagamintas be paraben\u0173, sintetini\u0173 kvapi\u0173j\u0173 med\u017eiag\u0173 ir da\u017eikli\u0173.<\/p>\n<p>&nbsp;<\/p>\n<p>Unikalios formul\u0117s padeda spr\u0119sti:<\/p>\n<ul>\n<li>Foto sen\u0117jimo, pavyzd\u017eiui, smulki\u0173 linij\u0173 ir rauk\u0161li\u0173, i\u0161vaizd\u0105<\/li>\n<li>\u0160iurk\u0161\u010di\u0105 odos tekst\u016br\u0105<\/li>\n<li>Jautri\u0105, \u0161velni\u0105 od\u0105<\/li>\n<\/ul>\n<p><strong>Apie Dr. Suzan Obagi<\/strong><\/p>\n<p>Dr. Suzan Obagi yra pripa\u017einta viena i\u0161 labiausiai gerbiam\u0173 pasaulyje kosmetikos chirurg\u0173 ir dermatolog\u0173, besir\u016bpinanti medicinos student\u0173, rezident\u0173, mokslinink\u0173 ir kit\u0173 gydytoj\u0173 mokymu. Jos susidom\u0117jimas odos sveikata ir atk\u016brimu l\u0117m\u0117 daugyb\u0119 recenzuot\u0173 straipsni\u0173 \u017eurnaluose ir skyri\u0173 svarbiausiuose dermatologijos, plastin\u0117s ir estetin\u0117s chirurgijos vadov\u0117liuose.<\/p>\n<p>&nbsp;<\/p>\n<p>Kaip medicinos konsultant\u0117, Dr. Suzan Obagi bendradarbiavo su \"Obagi Medical\", kad sukurt\u0173 SUZANOBAGIMD odos prie\u017ei\u016bros priemoni\u0173 kolekcij\u0105.<\/p>\n<p><strong>Pagrindiniai ingredientai:<\/strong><\/p>\n<p>Zinc Oxide 12.8%<\/p>\n<p>Cinko oksidas yra veiklioji sudedamoji dalis, esanti ant odos ir nukreipianti kenksmingus saul\u0117s spindulius, u\u017etikrinanti visi\u0161k\u0105 apsaug\u0105 nuo UVA ir UVB spinduli\u0173 - taip pat vadinama plataus spektro apsauga.<\/p>\n<p>Titanium Dioxide 4.5%<\/p>\n<p>Titano dioksidas yra veiklioji sudedamoji dalis, esanti ant odos ir nukreipianti kenksmingus saul\u0117s spindulius, u\u017etikrinanti visi\u0161k\u0105 apsaug\u0105 nuo UVA ir UVB spinduli\u0173 ir nesukelianti odos dirginimo pavojaus.<\/p>\n<p><u><a href=\"https:\/\/www.obagi.com\/medical\/suzanobagimd-physical-defense-spf-40#multiCollapseExample3\">Visi ingredientai:<\/a><\/u><\/p>\n<p>Active Ingredients:<\/p>\n<p>Zinc Oxide 12.8%;Titanium Dioxide 4.5%,<\/p>\n<p>Inactive Ingredients:<\/p>\n<p>Water (Aqua), Caprylic\/Capric Triglyceride, Dicaprylyl Carbonate, Glycerin, Cetearyl Alcohol, Dimethicone, Propanediol, Polyhydroxystearic Acid, Cetearyl Glucoside, Aloe Barbadensis Leaf Extract, Brassica Oleracea Italica (Broccoli) Extract, Bioflavonoids, Dipotassium Glycyrrhizate,\u00a0\u00a0Polyglyceryl- 2, Dipolyhydroxystearate, Sodium Stearoyl Glutamate, Stearic Acid, Lauryl Glucoside, Triethoxycaprylylsilane, Xanthan Gum, Silica, Alumina, Caprylhydroxamic Acid, Disodium EDTA, Caprylyl Glycol, Phenoxyethanol<\/p>\n<p><strong>Kaip naudoti:<\/strong><\/p>\n<ul>\n<li>Tepti 15 minu\u010di\u0173 prie\u0161 kontakt\u0105 su saule<\/li>\n<li>Pakartotinai  tepkite bent kas 2 valandas<\/li>\n<\/ul>\n<p><strong>Atsargumo priemon\u0117s:<\/strong><\/p>\n<ul>\n<li>B\u016bnant saul\u0117je padid\u0117ja odos v\u0117\u017eio ir ankstyv\u0173j\u0173 sen\u0117jimo po\u017eymi\u0173 rizika.<\/li>\n<li>Naudojant plataus spektro apsaugos nuo saul\u0117s SPF 30 ar daugiau, taip pat d\u0117vint apsauginius drabu\u017eius nuo saul\u0117s, vengiant saul\u0117s tarp 10 val. ir 14 val., gali pad\u0117ti suma\u017einti ankstyvo odos sen\u0117jimo rizik\u0105.<\/li>\n<li>Jaunesni nei 6 m\u0117nesi\u0173 vaikai: Kreipkit\u0117s \u012f gydytoj\u0105<\/li>\n<\/ul>\n<p>Laikymo s\u0105lygos:<\/p>\n<p>Laikyti kambario temperat\u016broje: 15\u00b0\u201325\u00b0C<\/p>","protected":false},"excerpt":{"rendered":"<p>Galinga mineralinio pagrindo formul\u0117 u\u017etikrina pa\u017eangi\u0105 UVA ir UVB spinduli\u0173 apsaug\u0105, o antioksidantai apsaugo nuo HEV, VIS ir IR spinduli\u0173 bei laisv\u0173j\u0173 radikal\u0173.<\/p>","protected":false},"featured_media":1861,"template":"","meta":{"site-sidebar-layout":"default","site-content-layout":"default","ast-global-header-display":"","ast-main-header-display":"","ast-hfb-above-header-display":"","ast-hfb-below-header-display":"","ast-hfb-mobile-header-display":"","site-post-title":"","ast-breadcrumbs-content":"","ast-featured-img":"","footer-sml-layout":"","theme-transparent-header-meta":"default","adv-header-id-meta":"","stick-header-meta":"","header-above-stick-meta":"","header-main-stick-meta":"","header-below-stick-meta":""},"product_cat":[16,50],"product_tag":[],"yoast_head":"<!-- This site is optimized with the Yoast SEO plugin v20.11 - https:\/\/yoast.com\/wordpress\/plugins\/seo\/ -->\n<title>SUZANOBAGIMDTM Physical Defense Broad Spectrum SPF 40 - Audrey Had a Secret<\/title>\n<meta name=\"description\" content=\"SUZANOBAGIMDTM Physical Defense Broad Spectrum SPF 40 | Powerful mineral-based sunscreen | Zinc Oxide 12.8%;Titanium Dioxide 4.5%,\" \/>\n<meta name=\"robots\" content=\"index, follow, max-snippet:-1, max-image-preview:large, max-video-preview:-1\" \/>\n<link rel=\"canonical\" href=\"https:\/\/audreyhadasecret.com\/lt\/produktas\/suzanobagimdtm-physical-defense-broad-spectrum-spf-40\/\" \/>\n<meta property=\"og:locale\" content=\"lt_LT\" \/>\n<meta property=\"og:type\" content=\"article\" \/>\n<meta property=\"og:title\" content=\"SUZANOBAGIMDTM Physical Defense Broad Spectrum SPF 40 - Audrey Had a Secret\" \/>\n<meta property=\"og:description\" content=\"SUZANOBAGIMDTM Physical Defense Broad Spectrum SPF 40 | Powerful mineral-based sunscreen | Zinc Oxide 12.8%;Titanium Dioxide 4.5%,\" \/>\n<meta property=\"og:url\" content=\"https:\/\/audreyhadasecret.com\/lt\/produktas\/suzanobagimdtm-physical-defense-broad-spectrum-spf-40\/\" \/>\n<meta property=\"og:site_name\" content=\"Audrey Had a Secret\" \/>\n<meta property=\"article:modified_time\" content=\"2023-02-15T19:43:47+00:00\" \/>\n<meta property=\"og:image\" content=\"https:\/\/audreyhadasecret.com\/wp-content\/uploads\/2023\/01\/1-SUZANOBAGIMD_-Physical-Defense-Broad-Spectrum-SPF-40-96gr.jpg\" \/>\n\t<meta property=\"og:image:width\" content=\"800\" \/>\n\t<meta property=\"og:image:height\" content=\"800\" \/>\n\t<meta property=\"og:image:type\" content=\"image\/jpeg\" \/>\n<meta name=\"twitter:card\" content=\"summary_large_image\" \/>\n<meta name=\"twitter:label1\" content=\"Est. reading time\" \/>\n\t<meta name=\"twitter:data1\" content=\"2 minut\u0117s\" \/>\n<script type=\"application\/ld+json\" class=\"yoast-schema-graph\">{\"@context\":\"https:\/\/schema.org\",\"@graph\":[{\"@type\":\"WebPage\",\"@id\":\"https:\/\/audreyhadasecret.com\/product\/suzanobagimdtm-physical-defense-broad-spectrum-spf-40\/\",\"url\":\"https:\/\/audreyhadasecret.com\/product\/suzanobagimdtm-physical-defense-broad-spectrum-spf-40\/\",\"name\":\"SUZANOBAGIMDTM Physical Defense Broad Spectrum SPF 40 - Audrey Had a Secret\",\"isPartOf\":{\"@id\":\"https:\/\/audreyhadasecret.com\/#website\"},\"datePublished\":\"2023-01-09T17:45:28+00:00\",\"dateModified\":\"2023-02-15T19:43:47+00:00\",\"description\":\"SUZANOBAGIMDTM Physical Defense Broad Spectrum SPF 40 | Powerful mineral-based sunscreen | Zinc Oxide 12.8%;Titanium Dioxide 4.5%,\",\"breadcrumb\":{\"@id\":\"https:\/\/audreyhadasecret.com\/product\/suzanobagimdtm-physical-defense-broad-spectrum-spf-40\/#breadcrumb\"},\"inLanguage\":\"lt-LT\",\"potentialAction\":[{\"@type\":\"ReadAction\",\"target\":[\"https:\/\/audreyhadasecret.com\/product\/suzanobagimdtm-physical-defense-broad-spectrum-spf-40\/\"]}]},{\"@type\":\"BreadcrumbList\",\"@id\":\"https:\/\/audreyhadasecret.com\/product\/suzanobagimdtm-physical-defense-broad-spectrum-spf-40\/#breadcrumb\",\"itemListElement\":[{\"@type\":\"ListItem\",\"position\":1,\"name\":\"Home\",\"item\":\"https:\/\/audreyhadasecret.com\/\"},{\"@type\":\"ListItem\",\"position\":2,\"name\":\"Shop\",\"item\":\"https:\/\/audreyhadasecret.com\/shop\/\"},{\"@type\":\"ListItem\",\"position\":3,\"name\":\"SUZANOBAGIMDTM Physical Defense Broad Spectrum SPF 40\"}]},{\"@type\":\"WebSite\",\"@id\":\"https:\/\/audreyhadasecret.com\/#website\",\"url\":\"https:\/\/audreyhadasecret.com\/\",\"name\":\"AUDREY HAD A SECRET\",\"description\":\"Audrey\u2019s world is ever changing. Upon rising she decides who she is going to be that day.\",\"publisher\":{\"@id\":\"https:\/\/audreyhadasecret.com\/#organization\"},\"potentialAction\":[{\"@type\":\"SearchAction\",\"target\":{\"@type\":\"EntryPoint\",\"urlTemplate\":\"https:\/\/audreyhadasecret.com\/?s={search_term_string}\"},\"query-input\":\"required name=search_term_string\"}],\"inLanguage\":\"lt-LT\"},{\"@type\":\"Organization\",\"@id\":\"https:\/\/audreyhadasecret.com\/#organization\",\"name\":\"AUDREY HAD A SECRET\",\"url\":\"https:\/\/audreyhadasecret.com\/\",\"logo\":{\"@type\":\"ImageObject\",\"inLanguage\":\"lt-LT\",\"@id\":\"https:\/\/audreyhadasecret.com\/#\/schema\/logo\/image\/\",\"url\":\"https:\/\/audreyhadasecret.com\/wp-content\/uploads\/2022\/11\/cropped-AUDREY-HAD-A-SECRET_LOGO_Pozityvas_Pagrindine-versija.png\",\"contentUrl\":\"https:\/\/audreyhadasecret.com\/wp-content\/uploads\/2022\/11\/cropped-AUDREY-HAD-A-SECRET_LOGO_Pozityvas_Pagrindine-versija.png\",\"width\":1757,\"height\":1043,\"caption\":\"AUDREY HAD A SECRET\"},\"image\":{\"@id\":\"https:\/\/audreyhadasecret.com\/#\/schema\/logo\/image\/\"}}]}<\/script>\n<!-- \/ Yoast SEO plugin. -->","yoast_head_json":{"title":"SUZANOBAGIMDTM Physical Defense Broad Spectrum SPF 40 - Audrey Had a Secret","description":"SUZANOBAGIMDTM Physical Defense Broad Spectrum SPF 40 | Powerful mineral-based sunscreen | Zinc Oxide 12.8%;Titanium Dioxide 4.5%,","robots":{"index":"index","follow":"follow","max-snippet":"max-snippet:-1","max-image-preview":"max-image-preview:large","max-video-preview":"max-video-preview:-1"},"canonical":"https:\/\/audreyhadasecret.com\/lt\/produktas\/suzanobagimdtm-physical-defense-broad-spectrum-spf-40\/","og_locale":"lt_LT","og_type":"article","og_title":"SUZANOBAGIMDTM Physical Defense Broad Spectrum SPF 40 - Audrey Had a Secret","og_description":"SUZANOBAGIMDTM Physical Defense Broad Spectrum SPF 40 | Powerful mineral-based sunscreen | Zinc Oxide 12.8%;Titanium Dioxide 4.5%,","og_url":"https:\/\/audreyhadasecret.com\/lt\/produktas\/suzanobagimdtm-physical-defense-broad-spectrum-spf-40\/","og_site_name":"Audrey Had a Secret","article_modified_time":"2023-02-15T19:43:47+00:00","og_image":[{"width":800,"height":800,"url":"https:\/\/audreyhadasecret.com\/wp-content\/uploads\/2023\/01\/1-SUZANOBAGIMD_-Physical-Defense-Broad-Spectrum-SPF-40-96gr.jpg","type":"image\/jpeg"}],"twitter_card":"summary_large_image","twitter_misc":{"Est. reading time":"2 minut\u0117s"},"schema":{"@context":"https:\/\/schema.org","@graph":[{"@type":"WebPage","@id":"https:\/\/audreyhadasecret.com\/product\/suzanobagimdtm-physical-defense-broad-spectrum-spf-40\/","url":"https:\/\/audreyhadasecret.com\/product\/suzanobagimdtm-physical-defense-broad-spectrum-spf-40\/","name":"SUZANOBAGIMDTM Physical Defense Broad Spectrum SPF 40 - Audrey Had a Secret","isPartOf":{"@id":"https:\/\/audreyhadasecret.com\/#website"},"datePublished":"2023-01-09T17:45:28+00:00","dateModified":"2023-02-15T19:43:47+00:00","description":"SUZANOBAGIMDTM Physical Defense Broad Spectrum SPF 40 | Powerful mineral-based sunscreen | Zinc Oxide 12.8%;Titanium Dioxide 4.5%,","breadcrumb":{"@id":"https:\/\/audreyhadasecret.com\/product\/suzanobagimdtm-physical-defense-broad-spectrum-spf-40\/#breadcrumb"},"inLanguage":"lt-LT","potentialAction":[{"@type":"ReadAction","target":["https:\/\/audreyhadasecret.com\/product\/suzanobagimdtm-physical-defense-broad-spectrum-spf-40\/"]}]},{"@type":"BreadcrumbList","@id":"https:\/\/audreyhadasecret.com\/product\/suzanobagimdtm-physical-defense-broad-spectrum-spf-40\/#breadcrumb","itemListElement":[{"@type":"ListItem","position":1,"name":"Home","item":"https:\/\/audreyhadasecret.com\/"},{"@type":"ListItem","position":2,"name":"Shop","item":"https:\/\/audreyhadasecret.com\/shop\/"},{"@type":"ListItem","position":3,"name":"SUZANOBAGIMDTM Physical Defense Broad Spectrum SPF 40"}]},{"@type":"WebSite","@id":"https:\/\/audreyhadasecret.com\/#website","url":"https:\/\/audreyhadasecret.com\/","name":"AUDREY HAD A SECRET","description":"Audrey\u2019s world is ever changing. Upon rising she decides who she is going to be that day.","publisher":{"@id":"https:\/\/audreyhadasecret.com\/#organization"},"potentialAction":[{"@type":"SearchAction","target":{"@type":"EntryPoint","urlTemplate":"https:\/\/audreyhadasecret.com\/?s={search_term_string}"},"query-input":"required name=search_term_string"}],"inLanguage":"lt-LT"},{"@type":"Organization","@id":"https:\/\/audreyhadasecret.com\/#organization","name":"AUDREY HAD A SECRET","url":"https:\/\/audreyhadasecret.com\/","logo":{"@type":"ImageObject","inLanguage":"lt-LT","@id":"https:\/\/audreyhadasecret.com\/#\/schema\/logo\/image\/","url":"https:\/\/audreyhadasecret.com\/wp-content\/uploads\/2022\/11\/cropped-AUDREY-HAD-A-SECRET_LOGO_Pozityvas_Pagrindine-versija.png","contentUrl":"https:\/\/audreyhadasecret.com\/wp-content\/uploads\/2022\/11\/cropped-AUDREY-HAD-A-SECRET_LOGO_Pozityvas_Pagrindine-versija.png","width":1757,"height":1043,"caption":"AUDREY HAD A SECRET"},"image":{"@id":"https:\/\/audreyhadasecret.com\/#\/schema\/logo\/image\/"}}]}},"_links":{"self":[{"href":"https:\/\/audreyhadasecret.com\/lt\/wp-json\/wp\/v2\/product\/1895"}],"collection":[{"href":"https:\/\/audreyhadasecret.com\/lt\/wp-json\/wp\/v2\/product"}],"about":[{"href":"https:\/\/audreyhadasecret.com\/lt\/wp-json\/wp\/v2\/types\/product"}],"version-history":[{"count":0,"href":"https:\/\/audreyhadasecret.com\/lt\/wp-json\/wp\/v2\/product\/1895\/revisions"}],"wp:featuredmedia":[{"embeddable":true,"href":"https:\/\/audreyhadasecret.com\/lt\/wp-json\/wp\/v2\/media\/1861"}],"wp:attachment":[{"href":"https:\/\/audreyhadasecret.com\/lt\/wp-json\/wp\/v2\/media?parent=1895"}],"wp:term":[{"taxonomy":"product_cat","embeddable":true,"href":"https:\/\/audreyhadasecret.com\/lt\/wp-json\/wp\/v2\/product_cat?post=1895"},{"taxonomy":"product_tag","embeddable":true,"href":"https:\/\/audreyhadasecret.com\/lt\/wp-json\/wp\/v2\/product_tag?post=1895"}],"curies":[{"name":"wp","href":"https:\/\/api.w.org\/{rel}","templated":true}]}}