{"id":2903,"date":"2023-02-10T12:40:19","date_gmt":"2023-02-10T10:40:19","guid":{"rendered":"https:\/\/audreyhadasecret.com\/?post_type=product&#038;p=2903"},"modified":"2023-04-22T22:58:10","modified_gmt":"2023-04-22T20:58:10","slug":"towel-dear-hempi-90x140-cm","status":"publish","type":"product","link":"https:\/\/audreyhadasecret.com\/lt\/produktas\/towel-dear-hempi-90x140-cm\/","title":{"rendered":"Rank\u0161luos\u010diai"},"content":{"rendered":"<p>Lietuvi\u0161kas pluo\u0161tini\u0173 kanapi\u0173 pluo\u0161tas<br \/>\nJoki\u0173 pesticid\u0173, chemikal\u0173 ir papildomo laistymo. Kanapi\u0173 pluo\u0161tas yra itin mink\u0161tas, bet stiprus ir pasi\u017eymi antibakterin\u0117mis savyb\u0117mis.<\/p>\n<p>Ekologi\u0161ka medviln\u0117<br \/>\nD\u0117l ekologi\u0161kos medviln\u0117s m\u016bs\u0173 rank\u0161luos\u010diai yra pur\u016bs kaip debesys. Taip suma\u017einamas vandens suvartojimas, o pluo\u0161te n\u0117ra pesticid\u0173, chloro ar sunki\u0173j\u0173 metal\u0173.<\/p>\n<p>Prie\u017ei\u016bra:<br \/>\nKanapi\u0173 savyb\u0117s geriausiai atsiskleid\u017eia po 2-3 skalbim\u0173.<br \/>\nNei\u0161sig\u0105skite - rank\u0161luos\u010diai gali p\u016bkuotis, tai nat\u016bralu - p\u016bkeliai i\u0161nyks po skalbimo.<br \/>\nSkalbkite su pana\u0161ios spalvos skalbiniais.<br \/>\nRank\u0161luostis puikiai skalbiamas 30 laipsni\u0173 temperat\u016broje, ta\u010diau i\u0161laiko savo savybes skalbiant iki 60 laipsni\u0173 temperat\u016broje. Rekomenduojame skalbti \u017eemesn\u0117je temperat\u016broje, nes taip tausojama m\u016bs\u0173 planeta.<br \/>\nSkalbiant kanapi\u0173 pluo\u0161tas link\u0119s pritraukti kalcio ir magnio jonus. Jei j\u016bs\u0173 namuose vanduo kietas, patariame naudoti vandens mink\u0161tikl\u012f (kalki\u0173 \u0161alintoj\u0105) arba \u012f b\u016bgn\u0105 \u012fpilti druskos ar acto.<br \/>\nGalima d\u017eiovinti d\u017eiovykl\u0117je, ta\u010diau d\u017eiovinant da\u017enai, rank\u0161luos\u010diai gali i\u0161sip\u016bsti. Po trumpo d\u017eiovinimo d\u017eiovykl\u0117je patariame rank\u0161luost\u012f pakabinti d\u017ei\u016bti nat\u016braliai.<br \/>\nLyginant ant vidutin\u0117s ugnies, rank\u0161luostis tampa mink\u0161tesnis.<\/p>\n<p>SUD\u0116TIS<\/p>\n<p>Kilpinis audinys - 40 % \"STANDARD 100 by OEKO-TEX\u00ae\" kanapi\u0173 pluo\u0161to, 60 % ekologi\u0161kos medviln\u0117s, pagrindas - 100 % medviln\u0117, tankis - 700 g\/m2.<\/p>\n<p>Tvarus \u016bkininkavimas<\/p>\n<p>Auginant ir perdirbant kanapes nenaudojami jokie pesticidai ar kiti chemikalai.<br \/>\nchemical material<br \/>\nKanap\u0117s naudingos dirvo\u017eemiui: jos naikina pikt\u017eoles, tr\u0119\u0161ia ir atnaujina nusid\u0117v\u0117jusi\u0105 \u017eem\u0119.<br \/>\nPalyginti su medvilne, auginant kanapes sunaudojama daug ma\u017eiau vandens.<\/p>\n<p>Tvarus kanapi\u0173 pluo\u0161tas<br \/>\nauk\u0161\u010diausios kokyb\u0117s tekstil\u0117s gaminiams.<\/p>\n<p>Kanap\u0117s yra tvarus ir aplinkai nekenksmingas pluo\u0161tas<br \/>\nVienas i\u0161 stipriausi\u0173 ir patvariausi\u0173<br \/>\nnat\u016brali\u0173 tekstil\u0117s pluo\u0161t\u0173.<br \/>\nSugeria dr\u0117gm\u0119, apsaugo nuo bakterij\u0173<br \/>\nBlokuoja UV spindulius<br \/>\nIlgaam\u017e\u0117 med\u017eiaga<br \/>\nLengvai perdirbamas<\/p>","protected":false},"excerpt":{"rendered":"<p>Kilpinis audinys - 40 % \"STANDARD 100 by OEKO-TEX\u00ae\" kanapi\u0173 pluo\u0161to, 60 % ekologi\u0161kos medviln\u0117s, pagrindas - 100 % medviln\u0117, tankis - 700 g\/m2.<\/p>\n<p>&nbsp;<\/p>","protected":false},"featured_media":3687,"template":"","meta":{"site-sidebar-layout":"default","site-content-layout":"default","ast-global-header-display":"","ast-main-header-display":"","ast-hfb-above-header-display":"","ast-hfb-below-header-display":"","ast-hfb-mobile-header-display":"","site-post-title":"","ast-breadcrumbs-content":"","ast-featured-img":"","footer-sml-layout":"","theme-transparent-header-meta":"default","adv-header-id-meta":"","stick-header-meta":"","header-above-stick-meta":"","header-main-stick-meta":"","header-below-stick-meta":""},"product_cat":[16,40],"product_tag":[],"yoast_head":"<!-- This site is optimized with the Yoast SEO plugin v20.11 - https:\/\/yoast.com\/wordpress\/plugins\/seo\/ -->\n<title>Towel DEAR HEMPI - Audrey Had a Secret<\/title>\n<meta name=\"description\" content=\"Towel DEAR HEMPI 90x140 CM | Lithuanian hemp fiber | Organic cotton | Sustainable farming | Absorbs moisture, protects against bacteria\" \/>\n<meta name=\"robots\" content=\"index, follow, max-snippet:-1, max-image-preview:large, max-video-preview:-1\" \/>\n<link rel=\"canonical\" href=\"https:\/\/audreyhadasecret.com\/lt\/produktas\/towel-dear-hempi-90x140-cm\/\" \/>\n<meta property=\"og:locale\" content=\"lt_LT\" \/>\n<meta property=\"og:type\" content=\"article\" \/>\n<meta property=\"og:title\" content=\"Towel DEAR HEMPI - Audrey Had a Secret\" \/>\n<meta property=\"og:description\" content=\"Towel DEAR HEMPI 90x140 CM | Lithuanian hemp fiber | Organic cotton | Sustainable farming | Absorbs moisture, protects against bacteria\" \/>\n<meta property=\"og:url\" content=\"https:\/\/audreyhadasecret.com\/lt\/produktas\/towel-dear-hempi-90x140-cm\/\" \/>\n<meta property=\"og:site_name\" content=\"Audrey Had a Secret\" \/>\n<meta property=\"article:modified_time\" content=\"2023-04-22T20:58:10+00:00\" \/>\n<meta property=\"og:image\" content=\"https:\/\/audreyhadasecret.com\/wp-content\/uploads\/2023\/02\/Untitled-design-2023-02-15T185221.500.jpg\" \/>\n\t<meta property=\"og:image:width\" content=\"800\" \/>\n\t<meta property=\"og:image:height\" content=\"1100\" \/>\n\t<meta property=\"og:image:type\" content=\"image\/jpeg\" \/>\n<meta name=\"twitter:card\" content=\"summary_large_image\" \/>\n<meta name=\"twitter:label1\" content=\"Est. reading time\" \/>\n\t<meta name=\"twitter:data1\" content=\"2 minut\u0117s\" \/>\n<script type=\"application\/ld+json\" class=\"yoast-schema-graph\">{\"@context\":\"https:\/\/schema.org\",\"@graph\":[{\"@type\":\"WebPage\",\"@id\":\"https:\/\/audreyhadasecret.com\/product\/towel-dear-hempi-90x140-cm\/\",\"url\":\"https:\/\/audreyhadasecret.com\/product\/towel-dear-hempi-90x140-cm\/\",\"name\":\"Towel DEAR HEMPI - Audrey Had a Secret\",\"isPartOf\":{\"@id\":\"https:\/\/audreyhadasecret.com\/#website\"},\"datePublished\":\"2023-02-10T10:40:19+00:00\",\"dateModified\":\"2023-04-22T20:58:10+00:00\",\"description\":\"Towel DEAR HEMPI 90x140 CM | Lithuanian hemp fiber | Organic cotton | Sustainable farming | Absorbs moisture, protects against bacteria\",\"breadcrumb\":{\"@id\":\"https:\/\/audreyhadasecret.com\/product\/towel-dear-hempi-90x140-cm\/#breadcrumb\"},\"inLanguage\":\"lt-LT\",\"potentialAction\":[{\"@type\":\"ReadAction\",\"target\":[\"https:\/\/audreyhadasecret.com\/product\/towel-dear-hempi-90x140-cm\/\"]}]},{\"@type\":\"BreadcrumbList\",\"@id\":\"https:\/\/audreyhadasecret.com\/product\/towel-dear-hempi-90x140-cm\/#breadcrumb\",\"itemListElement\":[{\"@type\":\"ListItem\",\"position\":1,\"name\":\"Home\",\"item\":\"https:\/\/audreyhadasecret.com\/\"},{\"@type\":\"ListItem\",\"position\":2,\"name\":\"Shop\",\"item\":\"https:\/\/audreyhadasecret.com\/shop\/\"},{\"@type\":\"ListItem\",\"position\":3,\"name\":\"Towel DEAR HEMPI\"}]},{\"@type\":\"WebSite\",\"@id\":\"https:\/\/audreyhadasecret.com\/#website\",\"url\":\"https:\/\/audreyhadasecret.com\/\",\"name\":\"AUDREY HAD A SECRET\",\"description\":\"Audrey\u2019s world is ever changing. Upon rising she decides who she is going to be that day.\",\"publisher\":{\"@id\":\"https:\/\/audreyhadasecret.com\/#organization\"},\"potentialAction\":[{\"@type\":\"SearchAction\",\"target\":{\"@type\":\"EntryPoint\",\"urlTemplate\":\"https:\/\/audreyhadasecret.com\/?s={search_term_string}\"},\"query-input\":\"required name=search_term_string\"}],\"inLanguage\":\"lt-LT\"},{\"@type\":\"Organization\",\"@id\":\"https:\/\/audreyhadasecret.com\/#organization\",\"name\":\"AUDREY HAD A SECRET\",\"url\":\"https:\/\/audreyhadasecret.com\/\",\"logo\":{\"@type\":\"ImageObject\",\"inLanguage\":\"lt-LT\",\"@id\":\"https:\/\/audreyhadasecret.com\/#\/schema\/logo\/image\/\",\"url\":\"https:\/\/audreyhadasecret.com\/wp-content\/uploads\/2022\/11\/cropped-AUDREY-HAD-A-SECRET_LOGO_Pozityvas_Pagrindine-versija.png\",\"contentUrl\":\"https:\/\/audreyhadasecret.com\/wp-content\/uploads\/2022\/11\/cropped-AUDREY-HAD-A-SECRET_LOGO_Pozityvas_Pagrindine-versija.png\",\"width\":1757,\"height\":1043,\"caption\":\"AUDREY HAD A SECRET\"},\"image\":{\"@id\":\"https:\/\/audreyhadasecret.com\/#\/schema\/logo\/image\/\"}}]}<\/script>\n<!-- \/ Yoast SEO plugin. -->","yoast_head_json":{"title":"Towel DEAR HEMPI - Audrey Had a Secret","description":"Towel DEAR HEMPI 90x140 CM | Lithuanian hemp fiber | Organic cotton | Sustainable farming | Absorbs moisture, protects against bacteria","robots":{"index":"index","follow":"follow","max-snippet":"max-snippet:-1","max-image-preview":"max-image-preview:large","max-video-preview":"max-video-preview:-1"},"canonical":"https:\/\/audreyhadasecret.com\/lt\/produktas\/towel-dear-hempi-90x140-cm\/","og_locale":"lt_LT","og_type":"article","og_title":"Towel DEAR HEMPI - Audrey Had a Secret","og_description":"Towel DEAR HEMPI 90x140 CM | Lithuanian hemp fiber | Organic cotton | Sustainable farming | Absorbs moisture, protects against bacteria","og_url":"https:\/\/audreyhadasecret.com\/lt\/produktas\/towel-dear-hempi-90x140-cm\/","og_site_name":"Audrey Had a Secret","article_modified_time":"2023-04-22T20:58:10+00:00","og_image":[{"width":800,"height":1100,"url":"https:\/\/audreyhadasecret.com\/wp-content\/uploads\/2023\/02\/Untitled-design-2023-02-15T185221.500.jpg","type":"image\/jpeg"}],"twitter_card":"summary_large_image","twitter_misc":{"Est. reading time":"2 minut\u0117s"},"schema":{"@context":"https:\/\/schema.org","@graph":[{"@type":"WebPage","@id":"https:\/\/audreyhadasecret.com\/product\/towel-dear-hempi-90x140-cm\/","url":"https:\/\/audreyhadasecret.com\/product\/towel-dear-hempi-90x140-cm\/","name":"Towel DEAR HEMPI - Audrey Had a Secret","isPartOf":{"@id":"https:\/\/audreyhadasecret.com\/#website"},"datePublished":"2023-02-10T10:40:19+00:00","dateModified":"2023-04-22T20:58:10+00:00","description":"Towel DEAR HEMPI 90x140 CM | Lithuanian hemp fiber | Organic cotton | Sustainable farming | Absorbs moisture, protects against bacteria","breadcrumb":{"@id":"https:\/\/audreyhadasecret.com\/product\/towel-dear-hempi-90x140-cm\/#breadcrumb"},"inLanguage":"lt-LT","potentialAction":[{"@type":"ReadAction","target":["https:\/\/audreyhadasecret.com\/product\/towel-dear-hempi-90x140-cm\/"]}]},{"@type":"BreadcrumbList","@id":"https:\/\/audreyhadasecret.com\/product\/towel-dear-hempi-90x140-cm\/#breadcrumb","itemListElement":[{"@type":"ListItem","position":1,"name":"Home","item":"https:\/\/audreyhadasecret.com\/"},{"@type":"ListItem","position":2,"name":"Shop","item":"https:\/\/audreyhadasecret.com\/shop\/"},{"@type":"ListItem","position":3,"name":"Towel DEAR HEMPI"}]},{"@type":"WebSite","@id":"https:\/\/audreyhadasecret.com\/#website","url":"https:\/\/audreyhadasecret.com\/","name":"AUDREY HAD A SECRET","description":"Audrey\u2019s world is ever changing. Upon rising she decides who she is going to be that day.","publisher":{"@id":"https:\/\/audreyhadasecret.com\/#organization"},"potentialAction":[{"@type":"SearchAction","target":{"@type":"EntryPoint","urlTemplate":"https:\/\/audreyhadasecret.com\/?s={search_term_string}"},"query-input":"required name=search_term_string"}],"inLanguage":"lt-LT"},{"@type":"Organization","@id":"https:\/\/audreyhadasecret.com\/#organization","name":"AUDREY HAD A SECRET","url":"https:\/\/audreyhadasecret.com\/","logo":{"@type":"ImageObject","inLanguage":"lt-LT","@id":"https:\/\/audreyhadasecret.com\/#\/schema\/logo\/image\/","url":"https:\/\/audreyhadasecret.com\/wp-content\/uploads\/2022\/11\/cropped-AUDREY-HAD-A-SECRET_LOGO_Pozityvas_Pagrindine-versija.png","contentUrl":"https:\/\/audreyhadasecret.com\/wp-content\/uploads\/2022\/11\/cropped-AUDREY-HAD-A-SECRET_LOGO_Pozityvas_Pagrindine-versija.png","width":1757,"height":1043,"caption":"AUDREY HAD A SECRET"},"image":{"@id":"https:\/\/audreyhadasecret.com\/#\/schema\/logo\/image\/"}}]}},"_links":{"self":[{"href":"https:\/\/audreyhadasecret.com\/lt\/wp-json\/wp\/v2\/product\/2903"}],"collection":[{"href":"https:\/\/audreyhadasecret.com\/lt\/wp-json\/wp\/v2\/product"}],"about":[{"href":"https:\/\/audreyhadasecret.com\/lt\/wp-json\/wp\/v2\/types\/product"}],"version-history":[{"count":1,"href":"https:\/\/audreyhadasecret.com\/lt\/wp-json\/wp\/v2\/product\/2903\/revisions"}],"predecessor-version":[{"id":3982,"href":"https:\/\/audreyhadasecret.com\/lt\/wp-json\/wp\/v2\/product\/2903\/revisions\/3982"}],"wp:featuredmedia":[{"embeddable":true,"href":"https:\/\/audreyhadasecret.com\/lt\/wp-json\/wp\/v2\/media\/3687"}],"wp:attachment":[{"href":"https:\/\/audreyhadasecret.com\/lt\/wp-json\/wp\/v2\/media?parent=2903"}],"wp:term":[{"taxonomy":"product_cat","embeddable":true,"href":"https:\/\/audreyhadasecret.com\/lt\/wp-json\/wp\/v2\/product_cat?post=2903"},{"taxonomy":"product_tag","embeddable":true,"href":"https:\/\/audreyhadasecret.com\/lt\/wp-json\/wp\/v2\/product_tag?post=2903"}],"curies":[{"name":"wp","href":"https:\/\/api.w.org\/{rel}","templated":true}]}}